{"id":7842,"date":"2018-03-23T13:10:11","date_gmt":"2018-03-23T12:10:11","guid":{"rendered":"https:\/\/mietenwahnsinn.info\/?page_id=7842"},"modified":"2026-04-01T16:22:09","modified_gmt":"2026-04-01T14:22:09","slug":"presseservice","status":"publish","type":"page","link":"https:\/\/www.mietenwahnsinn.info\/2026\/presseservice\/","title":{"rendered":"Presseservice"},"content":{"rendered":"\r\n<h2 class=\"wp-block-heading\">Pressemitteilungen vom B\u00fcndnis gegen Verdr\u00e4ngung und #Mietenwahnsinn<\/h2>\r\n\r\n\r\n<hr class=\"wp-block-separator has-alpha-channel-opacity\" \/>\r\n\r\n\r\n<p><strong>Kontakt zum Presseteam<\/strong><\/p>\r\n\r\n\r\n\r\n<p>Sie erreichen das Presseteam \u00fcber die Email-Adresse: <a href=\"mailto:presse@mietenwahnsinn.info\" target=\"_blank\" rel=\"noopener\">presse@mietenwahnsinn.info<\/a><br \/>Die Pressearbeit f\u00fcr das B\u00fcndnisprojekt wird von einer tempor\u00e4r gebildeten Arbeitsgemeinschaft einiger Aktiven aus verschiedenen beteiligten Initiativen gebildet.<\/p>\r\n\r\n\r\n\r\n<p><strong>Ansprechpersonen:<\/strong><br \/>Sandra Koch + Kim Meyer f\u00fcr das B\u00fcndnis gegen Verdr\u00e4ngung und #Mietenwahnsinn<br \/><strong>neue Tel.-Nr.:<\/strong> +49 163 0243838\u00a0<\/p>\r\n\r\n\r\n<hr class=\"wp-block-separator has-alpha-channel-opacity\" \/>\r\n\r\n\r\n<p><a href=\"https:\/\/www.mietenwahnsinn.info\/2026\/wp-content\/uploads\/sites\/10\/2026\/03\/pressemitteilung-had2026.pdf\" target=\"_blank\" rel=\"noopener\">PM 23.03.2026: Heute beginnen die Global Housing Action Days:\u00a0 23. M\u00e4rz bis 29. M\u00e4rz 2026<\/a><\/p>\r\n<p>****************************************************************************<\/p>\r\n<p><a href=\"https:\/\/www.mietenwahnsinn.info\/2025\/wp-content\/uploads\/sites\/10\/2025\/06\/pm25-06-05-lauter-protest-vor-private-equity-und-lobbykongress-in-berlin.pdf\" target=\"_blank\" rel=\"noopener\">PM 26.05.2025: Lauter Protest vor Private Equity- und Lobbykongress in Berlin<\/a><\/p>\r\n<p>****************************************************************************<br \/><a href=\"https:\/\/www.mietenwahnsinn.info\/2025\/wp-content\/uploads\/sites\/10\/2025\/05\/pm4625.pdf\" target=\"_blank\" rel=\"noopener\">PM 26.05.2025: Demonstration gegen SuperReturn und \u201eTag der Immobilienwirtschaft\u201c am 4. Juni 2025<br \/>Wohnraum ist keine Ware \u2013 Protest gegen Finanz- und Immobilienlobby in Berlin<\/a><\/p>\r\n<p>****************************************************************************<\/p>\r\n<p><a href=\"https:\/\/www.mietenwahnsinn.info\/2025\/wp-content\/uploads\/sites\/10\/2025\/04\/pm-had2025-mwmgb-sm.pdf\" target=\"_blank\" rel=\"noopener\">PM 25.04.2025: Zu den ersten globalen Housing Action Days<\/a><\/p>\r\n\r\n\r\n\r\n<p>****************************************************************************<\/p>\r\n\r\n\r\n\r\n<p><a href=\"https:\/\/www.mietenwahnsinn.info\/2024\/wp-content\/uploads\/sites\/10\/2025\/02\/pm-ziabericht202502.pdf\" target=\"_blank\" rel=\"noopener\">PM 14.02.2025: Neues Fr\u00fchjahrsgutachten des ZIA: Gro\u00dfkonzerne statt Mieterinteressen<\/a><\/p>\r\n\r\n\r\n\r\n<p>****************************************************************************<\/p>\r\n\r\n\r\n\r\n<p><a href=\"https:\/\/www.mietenwahnsinn.info\/2024\/wp-content\/uploads\/sites\/10\/2024\/12\/pressestatement-zum-wohngipfel-der-bundesregierung.pdf\" target=\"_blank\" rel=\"noreferrer noopener\">PM 05.12.2024: Zum Wohngipfel der Bundesregierung in Berlin<\/a><\/p>\r\n\r\n\r\n\r\n<p>****************************************************************************<\/p>\r\n\r\n\r\n\r\n<p><a href=\"https:\/\/www.mietenwahnsinn.info\/2024\/wp-content\/uploads\/sites\/10\/2024\/06\/2024-06-11-zia.pdf\" target=\"_blank\" rel=\"noopener\">PM 06.06.2024: Zum Tag der Immobilienwirtschaft des ZIA (Zentraler Immobilien Ausschuss)<\/a><\/p>\r\n\r\n\r\n\r\n<p>****************************************************************************<\/p>\r\n\r\n\r\n\r\n<p><a href=\"https:\/\/www.mietenwahnsinn.info\/2024\/wp-content\/uploads\/sites\/10\/2024\/06\/pressemitteilung-01062024-demonstration-gegen-mietenwahnsinn.pdf\" target=\"_blank\" rel=\"noopener\">PM 01.06.2024: Demonstration gegen #Mietenwahnsinn<\/a><\/p>\r\n\r\n\r\n\r\n<p><a href=\"https:\/\/www.mietenwahnsinn.info\/2024\/wp-content\/uploads\/sites\/10\/2024\/05\/2024-05-23-pm.pdf\" target=\"_blank\" rel=\"noopener\">PM 23.05.2024: Gro\u00dfdemonstration gegen #Mietenwahnsinn am 01.06.2024<\/a><\/p>\r\n\r\n\r\n\r\n<p>****************************************************************************<\/p>\r\n\r\n\r\n\r\n<p><a href=\"https:\/\/www.mietenwahnsinn.info\/aktuelles\/wp-content\/uploads\/sites\/10\/2024\/04\/pm-2024-04-24.pdf\" target=\"_blank\" rel=\"noopener\">PM 24.04.2024: 84 J\u00e4hrigem droht Zwangsr\u00e4umung \/ B\u00fcndnis gegen Verdr\u00e4ngung und #Mietenwahnsinn formiert sich zu massivem Protest<\/a><\/p>\r\n\r\n\r\n\r\n<p>****************************************************************************<\/p>\r\n\r\n\r\n\r\n<p><a href=\"https:\/\/www.mietenwahnsinn.info\/aktuelles\/wp-content\/uploads\/sites\/10\/2024\/04\/pm-2024-04-08-had-beendet.pdf\" target=\"_blank\" rel=\"noopener\">PM 08.04.2024: Zum Ende der Housing Action Days<\/a><\/p>\r\n\r\n\r\n\r\n<p><a href=\"https:\/\/www.mietenwahnsinn.info\/aktuelles\/wp-content\/uploads\/sites\/10\/2024\/03\/pm-2024-03-28-had.pdf\" target=\"_blank\" rel=\"noopener\">PM 27.03.2024 zu den Housing Action Days<\/a><\/p>\r\n\r\n\r\n\r\n<p>****************************************************************************<\/p>\r\n\r\n\r\n\r\n<p><a href=\"https:\/\/www.mietenwahnsinn.info\/aktuelles\/wp-content\/uploads\/sites\/10\/2023\/11\/2023-11-18-pm.pdf\" target=\"_blank\" rel=\"noopener\">PM 13.11.2023 zur Veranstaltung &#8218;Gemeinsam gegen Eigenbedarfsk\u00fcndigungen&#8216; am 18.11.2023<\/a><\/p>\r\n\r\n\r\n\r\n<p><a href=\"https:\/\/www.mietenwahnsinn.info\/aktuelles\/wp-content\/uploads\/sites\/10\/2023\/11\/2023-11-08-pm.pdf\" target=\"_blank\" rel=\"noopener\">PM 08.11.2023: Protest gegen Eigenbedarfsklage am 15.11.2023<\/a><\/p>\r\n\r\n\r\n\r\n<p>****************************************************************************<br \/><a href=\"https:\/\/www.mietenwahnsinn.info\/aktuelles\/wp-content\/uploads\/sites\/10\/2023\/03\/2023-03-30-pm-mw.pdf\" target=\"_blank\" rel=\"noopener\">PM 30.03.2023: WIDERSETZEN-Demonstration am 01.04.<\/a><\/p>\r\n\r\n\r\n\r\n<p><a href=\"https:\/\/www.mietenwahnsinn.info\/aktuelles\/wp-content\/uploads\/sites\/10\/2023\/03\/2023-03-23-pm-had23.pdf\" target=\"_blank\" rel=\"noopener\">PM 23.03.2023: zur Aktionswoche vom 24.03. &#8211; 02.04.2023 zum diesj\u00e4hrigen HOUSING ACTION DAY<\/a><\/p>\r\n\r\n\r\n\r\n<p>****************************************************************************<br \/><a href=\"https:\/\/www.mietenwahnsinn.info\/aktuelles\/wp-content\/uploads\/sites\/10\/2022\/06\/pm-zia-2022.pdf\" target=\"_blank\" rel=\"noopener\">PM 14.06.2022 Protest gegen den \u201eTag der Immobilienwirtschaft\u201c<\/a><\/p>\r\n\r\n\r\n\r\n<p>****************************************************************************<\/p>\r\n\r\n\r\n\r\n<p><a href=\"https:\/\/www.mietenwahnsinn.info\/aktuelles\/wp-content\/uploads\/sites\/10\/2022\/03\/2022-03-22-pressemitteilung.pdf\" target=\"_blank\" rel=\"noopener\">PM 22.03.2022 zur Aktionswoche vom 25.03. \u2013 02.04.2022 zum diesj\u00e4hrigen HOUSING ACTION DAY\u00a0<\/a><\/p>\r\n\r\n\r\n\r\n<p>****************************************************************************<\/p>\r\n\r\n\r\n\r\n<p><a href=\"https:\/\/www.mietenwahnsinn.info\/aktuelles\/wp-content\/uploads\/sites\/10\/2021\/09\/pm-2021-09-07-wohnen-fuer-alle.pdf\" target=\"_blank\" rel=\"noopener\">PM 07.09.2021 Wohnen f\u00fcr alle<\/a><br \/><a href=\"https:\/\/www.mietenwahnsinn.info\/aktuelles\/wp-content\/uploads\/sites\/10\/2021\/09\/pm-2021-09-01-einladung-zur-pressekonferenz.pdf\" target=\"_blank\" rel=\"noopener\">PM 01.09.2021 Einladung zur Pressekonferenz<\/a><br \/><a href=\"https:\/\/www.mietenwahnsinn.info\/aktuelles\/wp-content\/uploads\/sites\/10\/2021\/08\/2021-08-17-pm-zeit-fuer-veraenderung.pdf\" target=\"_blank\" rel=\"noopener\">PM 17.08.2021 Zeit f\u00fcr Ver\u00e4nderung<\/a><br \/><a href=\"https:\/\/www.mietenwahnsinn.info\/aktuelles\/wp-content\/uploads\/sites\/10\/2021\/08\/2021-07-07-pm-mietenwahnsinn-demonstration-september.pdf\" target=\"_blank\" rel=\"noopener\">PM 07.07.2021 mietenpolitische Demonstration am 11. September 2021 in Berlin<\/a><\/p>\r\n\r\n\r\n\r\n<p>****************************************************************************<\/p>\r\n\r\n\r\n\r\n<p><a href=\"https:\/\/www.mietenwahnsinn.info\/aktuelles\/wp-content\/uploads\/sites\/10\/2021\/05\/2021-05-14-pm-jetzt-erst-recht.pdf\" target=\"_blank\" rel=\"noopener\">PM 14.05.2021 \u201eGemeinsam gegen den Mietenwahnsinn, jetzt erst recht!\u201c: Demos, Aktionen und eine Pressekonferenz<\/a><\/p>\r\n\r\n\r\n\r\n<p>****************************************************************************<\/p>\r\n\r\n\r\n\r\n<p><a href=\"https:\/\/www.mietenwahnsinn.info\/aktuelles\/wp-content\/uploads\/sites\/10\/2021\/04\/pm-mietendeckel-gekippt.pdf\" target=\"_blank\" rel=\"noopener\">PM 15.04.2021 zum gekippten Mietendeckel durch das Bundesverfassungsgericht<\/a><\/p>\r\n\r\n\r\n\r\n<p>****************************************************************************<\/p>\r\n\r\n\r\n\r\n<p><a href=\"https:\/\/mietenwahnsinn.info\/aktuelles\/wp-content\/uploads\/sites\/10\/2021\/03\/pm-had-21.pdf\" target=\"_blank\" rel=\"noopener\">PM 19.03.2021 zum Housing Action Day am 27.03.2021 und Einladung zur Pressekonferenz am 25.03. um 11:00 Uhr in der Regenbogenfabrik<\/a><\/p>\r\n\r\n\r\n\r\n<p><a href=\"https:\/\/mietenwahnsinn.info\/aktuelles\/wp-content\/uploads\/sites\/10\/2021\/03\/offener-brief-an-den-senat.pdf\" target=\"_blank\" rel=\"noopener\">Offener Brief an den Berliner Senat und die Regierungsfraktionen gegen die Instrumentalisierung der Rigaer 94 zu Wahlkampfzwecken am 18.03.2021<\/a><\/p>\r\n\r\n\r\n\r\n<p>****************************************************************************<\/p>\r\n\r\n\r\n\r\n<p><a href=\"https:\/\/mietenwahnsinn.info\/aktuelles\/wp-content\/uploads\/sites\/10\/2021\/02\/2021-02-23-stellungnahme-vom-buendnis-gegen-mietenwahnsinn-zum-mietengipfel.pdf\" target=\"_blank\" rel=\"noopener\">Stellungnahme vom B\u00fcndnis gegen #Mietenwahnsinn zum Mietengipfel vom 23.02.2021<\/a><br \/><a href=\"https:\/\/mietenwahnsinn.info\/aktuelles\/wp-content\/uploads\/sites\/10\/2021\/03\/2021-02-22-pm-wohngipfel.pdf\" target=\"_blank\" rel=\"noopener\">PM 22.02.2021 zur Bilanz der Wohnraumoffensive des BMI am 23.02.2021<\/a><\/p>\r\n\r\n\r\n\r\n<p>****************************************************************************<\/p>\r\n\r\n\r\n\r\n<p><a href=\"https:\/\/mietenwahnsinn.info\/aktuelles\/wp-content\/uploads\/sites\/10\/2021\/01\/pm-19-11-2020-zum-berliner-mietendeckel.pdf\" target=\"_blank\" rel=\"noopener\">PM 19.11.2020 zur Anwendung des Mietendeckels ab dem 23.11.2020<\/a><br \/><a href=\"https:\/\/mietenwahnsinn.info\/aktuelles\/wp-content\/uploads\/sites\/10\/2021\/01\/pm-15-07-2020-offener-brief-sozialer-frieden.pdf\" target=\"_blank\" rel=\"noopener\">PM 15.07.2020 Offener Brief: Sozialer Frieden<\/a><br \/><a href=\"https:\/\/mietenwahnsinn.info\/aktuelles\/wp-content\/uploads\/sites\/10\/2021\/01\/pm-09-06-2020-demo-shutdown-mietenwahnsinn.pdf\" target=\"_blank\" rel=\"noopener\">PM 09.06.2020 Demonstration \u201eShut down Mietenwahnsinn \u2013 sicheres Zuhause f\u00fcr alle!\u201c<\/a><\/p>\r\n\r\n\r\n\r\n<p>Pressemitteilungen zur Mobilisierung der <a href=\"https:\/\/mietenwahnsinn.info\/demo2020\/presseservice\/\" target=\"_blank\" rel=\"noopener\">verschobenen Demonstration am 28.03.2020.<\/a><\/p>\r\n\r\n\r\n<hr class=\"wp-block-separator has-alpha-channel-opacity\" \/><div class=\"shariff shariff-align-flex-start shariff-widget-align-flex-start\"><div class=\"ShariffHeadline\">Teile diesen Beitrag!<\/div><ul class=\"shariff-buttons theme-white orientation-horizontal buttonsize-medium\"><li class=\"shariff-button twitter shariff-nocustomcolor\" style=\"background-color:#595959\"><a href=\"https:\/\/twitter.com\/share?url=https%3A%2F%2Fwww.mietenwahnsinn.info%2F2026%2Fpresseservice%2F&text=Presseservice\" title=\"Bei X teilen\" aria-label=\"Bei X teilen\" role=\"button\" rel=\"noopener nofollow\" class=\"shariff-link\" style=\"; background-color:#000; color:#000\" target=\"_blank\"><span class=\"shariff-icon\" style=\"fill:#000\"><svg width=\"32px\" height=\"20px\" xmlns=\"http:\/\/www.w3.org\/2000\/svg\" viewBox=\"0 0 24 24\"><path fill=\"#000\" d=\"M14.258 10.152L23.176 0h-2.113l-7.747 8.813L7.133 0H0l9.352 13.328L0 23.973h2.113l8.176-9.309 6.531 9.309h7.133zm-2.895 3.293l-.949-1.328L2.875 1.56h3.246l6.086 8.523.945 1.328 7.91 11.078h-3.246zm0 0\"\/><\/svg><\/span><span class=\"shariff-text\" style=\"color:#000\">teilen<\/span>&nbsp;<\/a><\/li><li class=\"shariff-button facebook shariff-nocustomcolor\" style=\"background-color:#4273c8\"><a href=\"https:\/\/www.facebook.com\/sharer\/sharer.php?u=https%3A%2F%2Fwww.mietenwahnsinn.info%2F2026%2Fpresseservice%2F\" title=\"Bei Facebook teilen\" aria-label=\"Bei Facebook teilen\" role=\"button\" rel=\"nofollow\" class=\"shariff-link\" style=\"; background-color:#3b5998; color:#3b5998\" target=\"_blank\"><span class=\"shariff-icon\" style=\"fill:#3b5998\"><svg width=\"32px\" height=\"20px\" xmlns=\"http:\/\/www.w3.org\/2000\/svg\" viewBox=\"0 0 18 32\"><path fill=\"#3b5998\" d=\"M17.1 0.2v4.7h-2.8q-1.5 0-2.1 0.6t-0.5 1.9v3.4h5.2l-0.7 5.3h-4.5v13.6h-5.5v-13.6h-4.5v-5.3h4.5v-3.9q0-3.3 1.9-5.2t5-1.8q2.6 0 4.1 0.2z\"\/><\/svg><\/span><span class=\"shariff-text\" style=\"color:#3b5998\">teilen<\/span>&nbsp;<\/a><\/li><li class=\"shariff-button mailto shariff-nocustomcolor\" style=\"background-color:#a8a8a8\"><a href=\"mailto:?body=https%3A%2F%2Fwww.mietenwahnsinn.info%2F2026%2Fpresseservice%2F&subject=Presseservice\" title=\"Per E-Mail versenden\" aria-label=\"Per E-Mail versenden\" role=\"button\" rel=\"noopener nofollow\" class=\"shariff-link\" style=\"; background-color:#999; color:#999\"><span class=\"shariff-icon\" style=\"fill:#999\"><svg width=\"32px\" height=\"20px\" xmlns=\"http:\/\/www.w3.org\/2000\/svg\" viewBox=\"0 0 32 32\"><path fill=\"#999\" d=\"M32 12.7v14.2q0 1.2-0.8 2t-2 0.9h-26.3q-1.2 0-2-0.9t-0.8-2v-14.2q0.8 0.9 1.8 1.6 6.5 4.4 8.9 6.1 1 0.8 1.6 1.2t1.7 0.9 2 0.4h0.1q0.9 0 2-0.4t1.7-0.9 1.6-1.2q3-2.2 8.9-6.1 1-0.7 1.8-1.6zM32 7.4q0 1.4-0.9 2.7t-2.2 2.2q-6.7 4.7-8.4 5.8-0.2 0.1-0.7 0.5t-1 0.7-0.9 0.6-1.1 0.5-0.9 0.2h-0.1q-0.4 0-0.9-0.2t-1.1-0.5-0.9-0.6-1-0.7-0.7-0.5q-1.6-1.1-4.7-3.2t-3.6-2.6q-1.1-0.7-2.1-2t-1-2.5q0-1.4 0.7-2.3t2.1-0.9h26.3q1.2 0 2 0.8t0.9 2z\"\/><\/svg><\/span><span class=\"shariff-text\" style=\"color:#999\">E-Mail<\/span>&nbsp;<\/a><\/li><\/ul><\/div>","protected":false},"excerpt":{"rendered":"<p>Pressemitteilungen vom B\u00fcndnis gegen Verdr\u00e4ngung und #Mietenwahnsinn Kontakt zum Presseteam Sie erreichen das Presseteam \u00fcber die Email-Adresse: presse@mietenwahnsinn.infoDie Pressearbeit f\u00fcr das B\u00fcndnisprojekt wird von einer tempor\u00e4r gebildeten Arbeitsgemeinschaft einiger Aktiven [&hellip;]<\/p>\n","protected":false},"author":21,"featured_media":0,"parent":0,"menu_order":0,"comment_status":"closed","ping_status":"closed","template":"page-templates\/full-width.php","meta":{"_acf_changed":false,"footnotes":""},"class_list":["post-7842","page","type-page","status-publish","hentry"],"acf":[],"_links":{"self":[{"href":"https:\/\/www.mietenwahnsinn.info\/2026\/wp-json\/wp\/v2\/pages\/7842","targetHints":{"allow":["GET"]}}],"collection":[{"href":"https:\/\/www.mietenwahnsinn.info\/2026\/wp-json\/wp\/v2\/pages"}],"about":[{"href":"https:\/\/www.mietenwahnsinn.info\/2026\/wp-json\/wp\/v2\/types\/page"}],"author":[{"embeddable":true,"href":"https:\/\/www.mietenwahnsinn.info\/2026\/wp-json\/wp\/v2\/users\/21"}],"replies":[{"embeddable":true,"href":"https:\/\/www.mietenwahnsinn.info\/2026\/wp-json\/wp\/v2\/comments?post=7842"}],"version-history":[{"count":8,"href":"https:\/\/www.mietenwahnsinn.info\/2026\/wp-json\/wp\/v2\/pages\/7842\/revisions"}],"predecessor-version":[{"id":18721,"href":"https:\/\/www.mietenwahnsinn.info\/2026\/wp-json\/wp\/v2\/pages\/7842\/revisions\/18721"}],"wp:attachment":[{"href":"https:\/\/www.mietenwahnsinn.info\/2026\/wp-json\/wp\/v2\/media?parent=7842"}],"curies":[{"name":"wp","href":"https:\/\/api.w.org\/{rel}","templated":true}]}}