{"id":39,"date":"2019-01-22T15:59:12","date_gmt":"2019-01-22T14:59:12","guid":{"rendered":"https:\/\/mietenwahnsinn.info\/aktuelles\/?page_id=39"},"modified":"2024-04-09T16:14:30","modified_gmt":"2024-04-09T14:14:30","slug":"impressum","status":"publish","type":"page","link":"https:\/\/www.mietenwahnsinn.info\/2026\/impressum\/","title":{"rendered":"Impressum"},"content":{"rendered":"<p>Die Website wird von einer Arbeitsgruppe des Verbundprojektes betrieben, bei dem viele mieten- und stadtpolitische Gruppen aus Berlin zusammenarbeiten.<\/p>\n<p>Kontakt E-Mail: <a href=\"mailto:mail@mietenwahnsinn.info\">mail@mietenwahnsinn.info<\/a><\/p>\n<hr \/>\n<h3>Verantwortlichkeiten \u2013 Disclaimer<\/h3>\n<p>Die Inhalte auf dieser Website sind in gemeinsamen Plenen abgestimmt. F\u00fcr Inhalte, die auf einzelne Veranstaltungen in den Aktionstagen hinweisen, oder anderweitige so gekennzeichnete Inhalte, sind als Autor*innen ausschlie\u00dflich die jeweiligen Initiativen verantwortlich.<\/p>\n<p>Als Diensteanbieter sind wir gem\u00e4\u00df \u00a7 7 Abs.1 TMG f\u00fcr eigene Inhalte auf diesen Seiten nach den allgemeinen Gesetzen verantwortlich. Nach \u00a7\u00a7 8 bis 10 TMG sind wir als Diensteanbieter jedoch nicht verpflichtet, \u00fcbermittelte oder gespeicherte fremde Informationen zu \u00fcberwachen oder nach Umst\u00e4nden zu forschen, die auf eine rechtswidrige T\u00e4tigkeit hinweisen.<\/p>\n<p>Verpflichtungen zur Entfernung oder Sperrung der Nutzung von Informationen nach den allgemeinen Gesetzen bleiben hiervon unber\u00fchrt. Eine diesbez\u00fcgliche Haftung ist jedoch erst ab dem Zeitpunkt der Kenntnis einer konkreten Rechtsverletzung m\u00f6glich. Zur Bekanntgabe einer m\u00f6glichen Rechtsverletzung, muss eine anwaltliche Abmahnung bei uns eingehen. Bei Bekanntwerden von entsprechenden Rechtsverletzungen werden wir diese Inhalte umgehend entfernen.<\/p>\n<p>Die Betreiber:innen der Website \u00fcbernehmen keinerlei Haftung und Verantwortung f\u00fcr Inhalte, die sie nicht selbst auf dieser Website ver\u00f6ffentlicht haben.<\/p>\n<div class=\"shariff shariff-align-flex-start shariff-widget-align-flex-start\"><div class=\"ShariffHeadline\">Teile diesen Beitrag!<\/div><ul class=\"shariff-buttons theme-white orientation-horizontal buttonsize-medium\"><li class=\"shariff-button twitter shariff-nocustomcolor\" style=\"background-color:#595959\"><a href=\"https:\/\/twitter.com\/share?url=https%3A%2F%2Fwww.mietenwahnsinn.info%2F2026%2Fimpressum%2F&text=Impressum\" title=\"Bei X teilen\" aria-label=\"Bei X teilen\" role=\"button\" rel=\"noopener nofollow\" class=\"shariff-link\" style=\"; background-color:#000; color:#000\" target=\"_blank\"><span class=\"shariff-icon\" style=\"fill:#000\"><svg width=\"32px\" height=\"20px\" xmlns=\"http:\/\/www.w3.org\/2000\/svg\" viewBox=\"0 0 24 24\"><path fill=\"#000\" d=\"M14.258 10.152L23.176 0h-2.113l-7.747 8.813L7.133 0H0l9.352 13.328L0 23.973h2.113l8.176-9.309 6.531 9.309h7.133zm-2.895 3.293l-.949-1.328L2.875 1.56h3.246l6.086 8.523.945 1.328 7.91 11.078h-3.246zm0 0\"\/><\/svg><\/span><span class=\"shariff-text\" style=\"color:#000\">teilen<\/span>&nbsp;<\/a><\/li><li class=\"shariff-button facebook shariff-nocustomcolor\" style=\"background-color:#4273c8\"><a href=\"https:\/\/www.facebook.com\/sharer\/sharer.php?u=https%3A%2F%2Fwww.mietenwahnsinn.info%2F2026%2Fimpressum%2F\" title=\"Bei Facebook teilen\" aria-label=\"Bei Facebook teilen\" role=\"button\" rel=\"nofollow\" class=\"shariff-link\" style=\"; background-color:#3b5998; color:#3b5998\" target=\"_blank\"><span class=\"shariff-icon\" style=\"fill:#3b5998\"><svg width=\"32px\" height=\"20px\" xmlns=\"http:\/\/www.w3.org\/2000\/svg\" viewBox=\"0 0 18 32\"><path fill=\"#3b5998\" d=\"M17.1 0.2v4.7h-2.8q-1.5 0-2.1 0.6t-0.5 1.9v3.4h5.2l-0.7 5.3h-4.5v13.6h-5.5v-13.6h-4.5v-5.3h4.5v-3.9q0-3.3 1.9-5.2t5-1.8q2.6 0 4.1 0.2z\"\/><\/svg><\/span><span class=\"shariff-text\" style=\"color:#3b5998\">teilen<\/span>&nbsp;<\/a><\/li><li class=\"shariff-button mailto shariff-nocustomcolor\" style=\"background-color:#a8a8a8\"><a href=\"mailto:?body=https%3A%2F%2Fwww.mietenwahnsinn.info%2F2026%2Fimpressum%2F&subject=Impressum\" title=\"Per E-Mail versenden\" aria-label=\"Per E-Mail versenden\" role=\"button\" rel=\"noopener nofollow\" class=\"shariff-link\" style=\"; background-color:#999; color:#999\"><span class=\"shariff-icon\" style=\"fill:#999\"><svg width=\"32px\" height=\"20px\" xmlns=\"http:\/\/www.w3.org\/2000\/svg\" viewBox=\"0 0 32 32\"><path fill=\"#999\" d=\"M32 12.7v14.2q0 1.2-0.8 2t-2 0.9h-26.3q-1.2 0-2-0.9t-0.8-2v-14.2q0.8 0.9 1.8 1.6 6.5 4.4 8.9 6.1 1 0.8 1.6 1.2t1.7 0.9 2 0.4h0.1q0.9 0 2-0.4t1.7-0.9 1.6-1.2q3-2.2 8.9-6.1 1-0.7 1.8-1.6zM32 7.4q0 1.4-0.9 2.7t-2.2 2.2q-6.7 4.7-8.4 5.8-0.2 0.1-0.7 0.5t-1 0.7-0.9 0.6-1.1 0.5-0.9 0.2h-0.1q-0.4 0-0.9-0.2t-1.1-0.5-0.9-0.6-1-0.7-0.7-0.5q-1.6-1.1-4.7-3.2t-3.6-2.6q-1.1-0.7-2.1-2t-1-2.5q0-1.4 0.7-2.3t2.1-0.9h26.3q1.2 0 2 0.8t0.9 2z\"\/><\/svg><\/span><span class=\"shariff-text\" style=\"color:#999\">E-Mail<\/span>&nbsp;<\/a><\/li><\/ul><\/div>","protected":false},"excerpt":{"rendered":"<p>Die Website wird von einer Arbeitsgruppe des Verbundprojektes betrieben, bei dem viele mieten- und stadtpolitische Gruppen aus Berlin zusammenarbeiten. Kontakt E-Mail: mail@mietenwahnsinn.info Verantwortlichkeiten \u2013 Disclaimer Die Inhalte auf dieser Website [&hellip;]<\/p>\n","protected":false},"author":21,"featured_media":0,"parent":0,"menu_order":910,"comment_status":"closed","ping_status":"closed","template":"page-templates\/full-width.php","meta":{"_acf_changed":false,"footnotes":""},"class_list":["post-39","page","type-page","status-publish","hentry"],"acf":[],"_links":{"self":[{"href":"https:\/\/www.mietenwahnsinn.info\/2026\/wp-json\/wp\/v2\/pages\/39","targetHints":{"allow":["GET"]}}],"collection":[{"href":"https:\/\/www.mietenwahnsinn.info\/2026\/wp-json\/wp\/v2\/pages"}],"about":[{"href":"https:\/\/www.mietenwahnsinn.info\/2026\/wp-json\/wp\/v2\/types\/page"}],"author":[{"embeddable":true,"href":"https:\/\/www.mietenwahnsinn.info\/2026\/wp-json\/wp\/v2\/users\/21"}],"replies":[{"embeddable":true,"href":"https:\/\/www.mietenwahnsinn.info\/2026\/wp-json\/wp\/v2\/comments?post=39"}],"version-history":[{"count":6,"href":"https:\/\/www.mietenwahnsinn.info\/2026\/wp-json\/wp\/v2\/pages\/39\/revisions"}],"predecessor-version":[{"id":16172,"href":"https:\/\/www.mietenwahnsinn.info\/2026\/wp-json\/wp\/v2\/pages\/39\/revisions\/16172"}],"wp:attachment":[{"href":"https:\/\/www.mietenwahnsinn.info\/2026\/wp-json\/wp\/v2\/media?parent=39"}],"curies":[{"name":"wp","href":"https:\/\/api.w.org\/{rel}","templated":true}]}}