{"id":18490,"date":"2025-12-31T11:39:16","date_gmt":"2025-12-31T10:39:16","guid":{"rendered":"https:\/\/www.mietenwahnsinn.info\/2025\/?page_id=18490"},"modified":"2026-04-01T16:41:29","modified_gmt":"2026-04-01T14:41:29","slug":"housing-action-days-2026","status":"publish","type":"page","link":"https:\/\/www.mietenwahnsinn.info\/2026\/housing-action-days-2026\/","title":{"rendered":"Housing Action Days 2026"},"content":{"rendered":"<p>BereitSteigende Mieten, Mangel an Sozialwohnungen, Gentrifizierung, Spekulation und Zwangsr\u00e4umungen sind Probleme, die nicht nur in Berlin und Deutschland, sondern europaweit und weltweit auftreten.<\/p>\n<p>Deswegen beteiligen wir uns seit 2021 an den <strong>Housing Action Days (Aktionstage f\u00fcrs Wohnen) der <a href=\"https:\/\/housingnotprofit.org\/housing-action-days-2026\/\" target=\"_blank\" rel=\"noopener\">European Action Coalition<\/a>.<br \/>\n<\/strong><strong>Die Housing Action Days 2026 finden vom 23.-29.03. statt. <\/strong><\/p>\n<p><img decoding=\"async\" class=\"aligncenter wp-image-18661 size-full\" src=\"https:\/\/www.mietenwahnsinn.info\/2026\/wp-content\/uploads\/sites\/10\/2026\/03\/23-29-march-1.png\" alt=\"\" width=\"80%\" srcset=\"https:\/\/www.mietenwahnsinn.info\/2026\/wp-content\/uploads\/sites\/10\/2026\/03\/23-29-march-1.png 1024w, https:\/\/www.mietenwahnsinn.info\/2026\/wp-content\/uploads\/sites\/10\/2026\/03\/23-29-march-1-300x200.png 300w, https:\/\/www.mietenwahnsinn.info\/2026\/wp-content\/uploads\/sites\/10\/2026\/03\/23-29-march-1-768x512.png 768w, https:\/\/www.mietenwahnsinn.info\/2026\/wp-content\/uploads\/sites\/10\/2026\/03\/23-29-march-1-624x416.png 624w\" sizes=\"(max-width: 1024px) 100vw, 1024px\" \/><\/p>\n<hr \/>\n<p><a href=\"https:\/\/www.mietenwahnsinn.info\/2026\/wp-content\/uploads\/sites\/10\/2026\/03\/pressemitteilung-had2026.pdf\" target=\"_blank\" rel=\"noopener\">PM 23.03.2026: Heute beginnen die Global Housing Action Days:\u00a0 23. M\u00e4rz bis 29. M\u00e4rz 2026<\/a><\/p>\n<p>Dieses Jahr gibt es Aktionen auf 5 Kontinenten: <a href=\"https:\/\/umap.openstreetmap.fr\/de\/map\/our-homes-our-power-2026_1350822#3\/20.797201\/4.130859\" target=\"_blank\" rel=\"noopener\">Link zur Karte<\/a><\/p>\n<p>In Berlin finden zahlreiche Kiezspazierg\u00e4nge und Aktionen statt.<\/p>\n<p>H\u00f6hepunkte sind u.a. die Mahnwache gegen Obdachlosigkeit und Zwangsr\u00e4umungen am 26.03. vor dem Roten Rathaus und die Demonstration in Solidarit\u00e4t mit der Habersaathstra\u00dfe 40-48 am 28.03.<\/p>\n<ul>\n<li>Bereits vorab: <strong>Freitag, 20. M\u00e4rz um 16 Uhr:<\/strong> Pressekonferenz und Kiezspaziergang durch den Prenzlauer Berg, Start: Bucholzer Stra\u00dfe 16<\/li>\n<\/ul>\n<p><img loading=\"lazy\" decoding=\"async\" class=\"aligncenter wp-image-18547 size-large\" src=\"https:\/\/www.mietenwahnsinn.info\/2026\/wp-content\/uploads\/sites\/10\/2026\/03\/kiezspaziergang-pgv-719x1024.jpg\" alt=\"\" width=\"625\" height=\"890\" srcset=\"https:\/\/www.mietenwahnsinn.info\/2026\/wp-content\/uploads\/sites\/10\/2026\/03\/kiezspaziergang-pgv-719x1024.jpg 719w, https:\/\/www.mietenwahnsinn.info\/2026\/wp-content\/uploads\/sites\/10\/2026\/03\/kiezspaziergang-pgv-211x300.jpg 211w, https:\/\/www.mietenwahnsinn.info\/2026\/wp-content\/uploads\/sites\/10\/2026\/03\/kiezspaziergang-pgv-768x1093.jpg 768w, https:\/\/www.mietenwahnsinn.info\/2026\/wp-content\/uploads\/sites\/10\/2026\/03\/kiezspaziergang-pgv-624x888.jpg 624w, https:\/\/www.mietenwahnsinn.info\/2026\/wp-content\/uploads\/sites\/10\/2026\/03\/kiezspaziergang-pgv.jpg 899w\" sizes=\"auto, (max-width: 625px) 100vw, 625px\" \/><\/p>\n<ul>\n<li><strong>Dienstag, 24. M\u00e4rz um 18 Uhr:<\/strong> \u201eRollkoffer-Demo im Nordkiez\u201c an der Samariterkirche, Samariterstr. Ecke B\u00e4nschstr., Friedrichshain<\/li>\n<\/ul>\n<p><img loading=\"lazy\" decoding=\"async\" class=\"aligncenter size-full wp-image-18648\" src=\"https:\/\/www.mietenwahnsinn.info\/2026\/wp-content\/uploads\/sites\/10\/2026\/03\/rollkoffer.png\" alt=\"\" width=\"434\" height=\"658\" srcset=\"https:\/\/www.mietenwahnsinn.info\/2026\/wp-content\/uploads\/sites\/10\/2026\/03\/rollkoffer.png 434w, https:\/\/www.mietenwahnsinn.info\/2026\/wp-content\/uploads\/sites\/10\/2026\/03\/rollkoffer-198x300.png 198w\" sizes=\"auto, (max-width: 434px) 100vw, 434px\" \/><\/p>\n<ul>\n<li><strong>Donnerstag, 26. M\u00e4rz, ab 12 Uhr bis abends:<\/strong> <a href=\"https:\/\/bundnisgegenobdachlosigkeit.wordpress.com\/\" target=\"_blank\" rel=\"noopener\">\u201e8. Mahnwache gegen Obdachlosigkeit und Zwangsr\u00e4umung\u201c<\/a> mit einem reichhaltigen B\u00fchnenprogramm vor dem Roten Rathaus, die bis Freitag andauert<\/li>\n<\/ul>\n<p><img loading=\"lazy\" decoding=\"async\" class=\"aligncenter wp-image-18540 size-full\" src=\"https:\/\/www.mietenwahnsinn.info\/2026\/wp-content\/uploads\/sites\/10\/2026\/03\/2026-02-26-mahnwache.jpeg\" alt=\"\" width=\"946\" height=\"532\" srcset=\"https:\/\/www.mietenwahnsinn.info\/2026\/wp-content\/uploads\/sites\/10\/2026\/03\/2026-02-26-mahnwache.jpeg 946w, https:\/\/www.mietenwahnsinn.info\/2026\/wp-content\/uploads\/sites\/10\/2026\/03\/2026-02-26-mahnwache-300x169.jpeg 300w, https:\/\/www.mietenwahnsinn.info\/2026\/wp-content\/uploads\/sites\/10\/2026\/03\/2026-02-26-mahnwache-768x432.jpeg 768w, https:\/\/www.mietenwahnsinn.info\/2026\/wp-content\/uploads\/sites\/10\/2026\/03\/2026-02-26-mahnwache-624x351.jpeg 624w\" sizes=\"auto, (max-width: 946px) 100vw, 946px\" \/><\/p>\n<ul>\n<li><strong>Samstag, 28. M\u00e4rz, um 13 Uhr:<\/strong>\u00a0 vor dem Roten Rathaus, <a href=\"https:\/\/www.berliner-mieterverein.de\/aktuelles\/kein-abriss-habersaathstrasse-40-48-rekommunalisierung-jetzt.htm\" target=\"_blank\" rel=\"noopener\">\u201eRekommunalisierung Jetzt! Soli-Demo f\u00fcr die Habersaathstra\u00dfe 40-48 \u2013 Kein Abriss, keine Verdr\u00e4ngung!\u201c<\/a>, gemeinsam mit dem BMV.<\/li>\n<\/ul>\n<p><img loading=\"lazy\" decoding=\"async\" class=\"aligncenter size-large wp-image-18538\" src=\"https:\/\/www.mietenwahnsinn.info\/2026\/wp-content\/uploads\/sites\/10\/2026\/03\/26-03-28demo-728x1024.jpeg\" alt=\"\" width=\"625\" height=\"879\" srcset=\"https:\/\/www.mietenwahnsinn.info\/2026\/wp-content\/uploads\/sites\/10\/2026\/03\/26-03-28demo-728x1024.jpeg 728w, https:\/\/www.mietenwahnsinn.info\/2026\/wp-content\/uploads\/sites\/10\/2026\/03\/26-03-28demo-213x300.jpeg 213w, https:\/\/www.mietenwahnsinn.info\/2026\/wp-content\/uploads\/sites\/10\/2026\/03\/26-03-28demo-768x1080.jpeg 768w, https:\/\/www.mietenwahnsinn.info\/2026\/wp-content\/uploads\/sites\/10\/2026\/03\/26-03-28demo-1092x1536.jpeg 1092w, https:\/\/www.mietenwahnsinn.info\/2026\/wp-content\/uploads\/sites\/10\/2026\/03\/26-03-28demo-624x878.jpeg 624w, https:\/\/www.mietenwahnsinn.info\/2026\/wp-content\/uploads\/sites\/10\/2026\/03\/26-03-28demo.jpeg 1456w\" sizes=\"auto, (max-width: 625px) 100vw, 625px\" \/><\/p>\n<ul>\n<li><strong>Samstag, 28. M\u00e4rz um 16 Uhr:<\/strong> laden die Abgegessenen zum \u201eKiezspaziergang gegen Aufwertung und Verdr\u00e4ngung in Rixdorf\u201c auf den B\u00f6hmischen Platz, Neuk\u00f6lln.<\/li>\n<\/ul>\n<p><img loading=\"lazy\" decoding=\"async\" class=\"aligncenter size-full wp-image-18649\" src=\"https:\/\/www.mietenwahnsinn.info\/2026\/wp-content\/uploads\/sites\/10\/2026\/03\/26-03-28spaziergang-kl.jpeg\" alt=\"\" width=\"756\" height=\"1008\" srcset=\"https:\/\/www.mietenwahnsinn.info\/2026\/wp-content\/uploads\/sites\/10\/2026\/03\/26-03-28spaziergang-kl.jpeg 756w, https:\/\/www.mietenwahnsinn.info\/2026\/wp-content\/uploads\/sites\/10\/2026\/03\/26-03-28spaziergang-kl-225x300.jpeg 225w, https:\/\/www.mietenwahnsinn.info\/2026\/wp-content\/uploads\/sites\/10\/2026\/03\/26-03-28spaziergang-kl-624x832.jpeg 624w\" sizes=\"auto, (max-width: 756px) 100vw, 756px\" \/><\/p>\n<ul>\n<li><strong>Samstag\u00a0 28. M\u00e4rz, ab 16 Uhr:<\/strong> B.L.O. Ateliers (Kaskelstr. 55), Ausstellung mehrerer K\u00fcnstler:innen, die in den B.L.O. Ateliers t\u00e4tig sind, <a href=\"https:\/\/www.blo-ateliers.de\/doku_screening_vallcarca\/\" target=\"_blank\" rel=\"noopener\">Dokumentarfilm \u201eSobre runes i esperances\u201d mit Diskussion.<\/a><\/li>\n<\/ul>\n<p><img loading=\"lazy\" decoding=\"async\" class=\"aligncenter size-full wp-image-18665\" src=\"https:\/\/www.mietenwahnsinn.info\/2026\/wp-content\/uploads\/sites\/10\/2026\/03\/26-03-28-blo.png\" alt=\"\" width=\"422\" height=\"600\" srcset=\"https:\/\/www.mietenwahnsinn.info\/2026\/wp-content\/uploads\/sites\/10\/2026\/03\/26-03-28-blo.png 422w, https:\/\/www.mietenwahnsinn.info\/2026\/wp-content\/uploads\/sites\/10\/2026\/03\/26-03-28-blo-211x300.png 211w\" sizes=\"auto, (max-width: 422px) 100vw, 422px\" \/><\/p>\n<ul>\n<li><strong>Sonntag 29. M\u00e4rz um 15 Uhr:<\/strong> laden wir schlie\u00dflich zum gemeinsamen Kiezspaziergang <a href=\"https:\/\/nk44.nostate.net\/\" target=\"_blank\" rel=\"noopener\">\u201eAuf den Spuren der verschwundenen Kneipen\u201c<\/a>, organisiert von Schillerkiez Hypo Investment Tours, vor das ehemalige Syndikat, Weisestra\u00dfe 56, Neuk\u00f6lln.<\/li>\n<\/ul>\n<p><img loading=\"lazy\" decoding=\"async\" class=\"aligncenter size-large wp-image-18653\" src=\"https:\/\/www.mietenwahnsinn.info\/2026\/wp-content\/uploads\/sites\/10\/2026\/03\/kiezspaziergang-260329-1000px-724x1024.jpg\" alt=\"\" width=\"625\" height=\"884\" srcset=\"https:\/\/www.mietenwahnsinn.info\/2026\/wp-content\/uploads\/sites\/10\/2026\/03\/kiezspaziergang-260329-1000px-724x1024.jpg 724w, https:\/\/www.mietenwahnsinn.info\/2026\/wp-content\/uploads\/sites\/10\/2026\/03\/kiezspaziergang-260329-1000px-212x300.jpg 212w, https:\/\/www.mietenwahnsinn.info\/2026\/wp-content\/uploads\/sites\/10\/2026\/03\/kiezspaziergang-260329-1000px-768x1087.jpg 768w, https:\/\/www.mietenwahnsinn.info\/2026\/wp-content\/uploads\/sites\/10\/2026\/03\/kiezspaziergang-260329-1000px-624x883.jpg 624w, https:\/\/www.mietenwahnsinn.info\/2026\/wp-content\/uploads\/sites\/10\/2026\/03\/kiezspaziergang-260329-1000px.jpg 1000w\" sizes=\"auto, (max-width: 625px) 100vw, 625px\" \/><\/p>\n<hr \/>\n<h3><a href=\"https:\/\/housingnotprofit.org\/housing-action-days-2026\/#1772620998729-626618c8-af17\">Aufruf der European Action Coalition<\/a><\/h3>\n<p><strong>Vom 23. bis 29. M\u00e4rz stehen wir gemeinsam auf!<\/strong><br \/>\nDas Jahr begann mit schrillen Alarmsignalen: Wir erleben V\u00f6lkermorde und Kriege, die von den Interessen der M\u00e4chtigen getrieben werden und eine neue Welle der Militarisierung anheizen. W\u00e4hrend die Reichen immer reicher werden, werden Demokratien auf der ganzen Welt ausgeh\u00f6hlt, und Millionen Menschen k\u00e4mpfen um die Sicherung ihrer Grundbed\u00fcrfnisse wie wie beispielsweise Wohnraum. Krisen vermehren sich, Ungleichheiten vertiefen sich, Grenzen werden geschlossen, Repressionen nehmen zu und rassistische Politik versch\u00e4rft sich \u2013 w\u00e4hrend sich der Klimawandel beschleunigt und unsere Gesellschaften in den Zusammenbruch treibt.<\/p>\n<p>Aber wir sind nicht machtlos.<\/p>\n<p>Wir sind Mieter:innen, die sich gegen Zwangsr\u00e4umungen und Mieterh\u00f6hungen wehren.<br \/>\nWir sind Hausbesetzer:innen, die leerstehende Geb\u00e4ude und Grundst\u00fccke zur\u00fcckerobern.<br \/>\nWir sind verschuldete Haushalte, die gegen Zwangsvollstreckungen und Versteigerungen k\u00e4mpfen.<br \/>\nWir sind Obdachlose, die menschenw\u00fcrdige Unterk\u00fcnfte statt Notunterk\u00fcnfte fordern.<br \/>\nWir sind Bewohner:innen von Mobilheimen, Campingpl\u00e4tzen und nicht-traditionellen Unterk\u00fcnften, die unser Recht auf Bleibe verteidigen.<br \/>\nWir sind Arbeiter:innen die f\u00fcr faire L\u00f6hne k\u00e4mpfen, und Kollektive, die Land und Raum f\u00fcr ein gemeinschaftliches Leben zur\u00fcckerobern.<\/p>\n<p><strong>Wir sind die globale Mehrheit, organisiert, vereint und entschlossen, ein gerechtes Leben auf einem lebenswerten Planeten zu erreichen.<\/strong><\/p>\n<p>Letztes Jahr haben wir weltweit in mehr als 60 St\u00e4dten mobilisiert. Dieses Jahr gehen wir noch weiter.<\/p>\n<p>Vom 23. bis 29. M\u00e4rz sind wir auf der Stra\u00dfe, st\u00f6ren, organisieren und wehren uns gemeinsam \u00fcber Grenzen hinweg.<\/p>\n<p>Wir treten auf dem ganzen Globus in Aktion um die Ursache dieser Krisen zu bek\u00e4mpfen: ein System, das darauf ausgelegt ist, den Profit einiger weniger zu maximieren, w\u00e4hrend das Leben vieler geopfert wird.<\/p>\n<p>Gegen Zwangsr\u00e4umungen.<br \/>\nGegen Repression.<br \/>\nGegen den Ausverkauf unserer St\u00e4dte.<br \/>\nGegen die Pl\u00fcnderung unseres Landes.<br \/>\nGegen Ausbeutung, Krieg und Umweltzerst\u00f6rung.<\/p>\n<p>Wir sagen: Es reicht! Das System versagt, und wir bauen etwas Besseres auf.<\/p>\n<p>Von Demonstrationen bis zu Besetzungen, von Mietstreiks bis zu gemeinschaftlichen L\u00f6sungen \u2013 jetzt ist unsere Zeit gekommen.<\/p>\n<p>Mach mit! Organisier dich sich vor Ort. Handeln wir weltweit.<br \/>\n23. bis 29. M\u00e4rz. Werde Teil der Housing Action Days.<\/p>\n<p><strong>WIR FORDERN:<\/strong><br \/>\nWohnraum f\u00fcr alle\u00a0Stoppt Zwangsr\u00e4umungen, begrenzt Mieten, beendet Spekulationen und baut den \u00f6ffentlichen Wohnungsbau durch Enteignung von Mietkonzernen aus.<\/p>\n<p>W\u00fcrde \u00fcber Grenzen hinweg\u00a0Rechte, Sicherheit und Wohnraum f\u00fcr alle Menschen \u2013 egal woher sie kommen.<\/p>\n<p>Menschen vor Profit\u00a0Besteuerung der Reichen, Stopp der Profitgier von Unternehmen, Finanzierung \u00f6ffentlicher Bed\u00fcrfnisse.<\/p>\n<p>Planet vor Profit\u00a0Beendigung der Nutzung fossiler Brennstoffe und des Landraubs, Schutz von Gemeinschaften und \u00d6kosystemen.<\/p>\n<p>Stopp der Unterdr\u00fcckung\u00a0Verteidigung des Rechts auf Organisation, Protest und Widerstand.<\/p>\n<hr \/>\n<div class=\"shariff shariff-align-flex-start shariff-widget-align-flex-start\"><div class=\"ShariffHeadline\">Teile diesen Beitrag!<\/div><ul class=\"shariff-buttons theme-white orientation-horizontal buttonsize-medium\"><li class=\"shariff-button twitter shariff-nocustomcolor\" style=\"background-color:#595959\"><a href=\"https:\/\/twitter.com\/share?url=https%3A%2F%2Fwww.mietenwahnsinn.info%2F2026%2Fhousing-action-days-2026%2F&text=Housing%20Action%20Days%202026\" title=\"Bei X teilen\" aria-label=\"Bei X teilen\" role=\"button\" rel=\"noopener nofollow\" class=\"shariff-link\" style=\"; background-color:#000; color:#000\" target=\"_blank\"><span class=\"shariff-icon\" style=\"fill:#000\"><svg width=\"32px\" height=\"20px\" xmlns=\"http:\/\/www.w3.org\/2000\/svg\" viewBox=\"0 0 24 24\"><path fill=\"#000\" d=\"M14.258 10.152L23.176 0h-2.113l-7.747 8.813L7.133 0H0l9.352 13.328L0 23.973h2.113l8.176-9.309 6.531 9.309h7.133zm-2.895 3.293l-.949-1.328L2.875 1.56h3.246l6.086 8.523.945 1.328 7.91 11.078h-3.246zm0 0\"\/><\/svg><\/span><span class=\"shariff-text\" style=\"color:#000\">teilen<\/span>&nbsp;<\/a><\/li><li class=\"shariff-button facebook shariff-nocustomcolor\" style=\"background-color:#4273c8\"><a href=\"https:\/\/www.facebook.com\/sharer\/sharer.php?u=https%3A%2F%2Fwww.mietenwahnsinn.info%2F2026%2Fhousing-action-days-2026%2F\" title=\"Bei Facebook teilen\" aria-label=\"Bei Facebook teilen\" role=\"button\" rel=\"nofollow\" class=\"shariff-link\" style=\"; background-color:#3b5998; color:#3b5998\" target=\"_blank\"><span class=\"shariff-icon\" style=\"fill:#3b5998\"><svg width=\"32px\" height=\"20px\" xmlns=\"http:\/\/www.w3.org\/2000\/svg\" viewBox=\"0 0 18 32\"><path fill=\"#3b5998\" d=\"M17.1 0.2v4.7h-2.8q-1.5 0-2.1 0.6t-0.5 1.9v3.4h5.2l-0.7 5.3h-4.5v13.6h-5.5v-13.6h-4.5v-5.3h4.5v-3.9q0-3.3 1.9-5.2t5-1.8q2.6 0 4.1 0.2z\"\/><\/svg><\/span><span class=\"shariff-text\" style=\"color:#3b5998\">teilen<\/span>&nbsp;<\/a><\/li><li class=\"shariff-button mailto shariff-nocustomcolor\" style=\"background-color:#a8a8a8\"><a href=\"mailto:?body=https%3A%2F%2Fwww.mietenwahnsinn.info%2F2026%2Fhousing-action-days-2026%2F&subject=Housing%20Action%20Days%202026\" title=\"Per E-Mail versenden\" aria-label=\"Per E-Mail versenden\" role=\"button\" rel=\"noopener nofollow\" class=\"shariff-link\" style=\"; background-color:#999; color:#999\"><span class=\"shariff-icon\" style=\"fill:#999\"><svg width=\"32px\" height=\"20px\" xmlns=\"http:\/\/www.w3.org\/2000\/svg\" viewBox=\"0 0 32 32\"><path fill=\"#999\" d=\"M32 12.7v14.2q0 1.2-0.8 2t-2 0.9h-26.3q-1.2 0-2-0.9t-0.8-2v-14.2q0.8 0.9 1.8 1.6 6.5 4.4 8.9 6.1 1 0.8 1.6 1.2t1.7 0.9 2 0.4h0.1q0.9 0 2-0.4t1.7-0.9 1.6-1.2q3-2.2 8.9-6.1 1-0.7 1.8-1.6zM32 7.4q0 1.4-0.9 2.7t-2.2 2.2q-6.7 4.7-8.4 5.8-0.2 0.1-0.7 0.5t-1 0.7-0.9 0.6-1.1 0.5-0.9 0.2h-0.1q-0.4 0-0.9-0.2t-1.1-0.5-0.9-0.6-1-0.7-0.7-0.5q-1.6-1.1-4.7-3.2t-3.6-2.6q-1.1-0.7-2.1-2t-1-2.5q0-1.4 0.7-2.3t2.1-0.9h26.3q1.2 0 2 0.8t0.9 2z\"\/><\/svg><\/span><span class=\"shariff-text\" style=\"color:#999\">E-Mail<\/span>&nbsp;<\/a><\/li><\/ul><\/div>","protected":false},"excerpt":{"rendered":"<p>BereitSteigende Mieten, Mangel an Sozialwohnungen, Gentrifizierung, Spekulation und Zwangsr\u00e4umungen sind Probleme, die nicht nur in Berlin und Deutschland, sondern europaweit und weltweit auftreten. Deswegen beteiligen wir uns seit 2021 an [&hellip;]<\/p>\n","protected":false},"author":21,"featured_media":0,"parent":0,"menu_order":0,"comment_status":"closed","ping_status":"closed","template":"page-templates\/full-width.php","meta":{"_acf_changed":false,"footnotes":""},"class_list":["post-18490","page","type-page","status-publish","hentry"],"acf":[],"_links":{"self":[{"href":"https:\/\/www.mietenwahnsinn.info\/2026\/wp-json\/wp\/v2\/pages\/18490","targetHints":{"allow":["GET"]}}],"collection":[{"href":"https:\/\/www.mietenwahnsinn.info\/2026\/wp-json\/wp\/v2\/pages"}],"about":[{"href":"https:\/\/www.mietenwahnsinn.info\/2026\/wp-json\/wp\/v2\/types\/page"}],"author":[{"embeddable":true,"href":"https:\/\/www.mietenwahnsinn.info\/2026\/wp-json\/wp\/v2\/users\/21"}],"replies":[{"embeddable":true,"href":"https:\/\/www.mietenwahnsinn.info\/2026\/wp-json\/wp\/v2\/comments?post=18490"}],"version-history":[{"count":5,"href":"https:\/\/www.mietenwahnsinn.info\/2026\/wp-json\/wp\/v2\/pages\/18490\/revisions"}],"predecessor-version":[{"id":18725,"href":"https:\/\/www.mietenwahnsinn.info\/2026\/wp-json\/wp\/v2\/pages\/18490\/revisions\/18725"}],"wp:attachment":[{"href":"https:\/\/www.mietenwahnsinn.info\/2026\/wp-json\/wp\/v2\/media?parent=18490"}],"curies":[{"name":"wp","href":"https:\/\/api.w.org\/{rel}","templated":true}]}}