{"id":18229,"date":"2025-05-12T00:52:01","date_gmt":"2025-05-11T22:52:01","guid":{"rendered":"https:\/\/www.mietenwahnsinn.info\/2025\/?page_id=18229"},"modified":"2026-03-20T18:51:20","modified_gmt":"2026-03-20T17:51:20","slug":"hintergrund","status":"publish","type":"page","link":"https:\/\/www.mietenwahnsinn.info\/2026\/hintergrund\/","title":{"rendered":"Hintergrund"},"content":{"rendered":"<h2><a href=\"https:\/\/tagderimmobilienwirtschaft.de\/\"><strong>Tag der Immobilienwirtschaft und ZIA<\/strong><\/a><\/h2>\n<p>Der <a href=\"https:\/\/zia-deutschland.de\/\">Zentrale Immobilienausschuss (ZIA)<\/a> ist die gr\u00f6\u00dfte Lobby-Organisation der Immobilienbranche in Deutschland. Einmal j\u00e4hrlich l\u00e4dt der ZIA zum \u201eTag der Immobilienwirtschaft\u201c nach Berlin. Dort vernetzen sich die Profiteure der Wohnungsnot mit den Spitzen von Politik, Verwaltung und anderen wohnungsnahen Dienstleistern. Dort werden die Rahmen gesetzt nach denen wir Mieter:innen noch effektiver ausgebeutet werden k\u00f6nnen. Es ist der Ort, an dem Mietenwahnsinn produziert wird.<\/p>\n<p><strong>LobbyControl (27.06.2019): <\/strong><a href=\"https:\/\/www.lobbycontrol.de\/reichtum-und-einfluss\/zia-immobilientag-kein-guter-ort-um-ueber-wohnungspolitik-zu-diskutieren-64689\/\"><strong>ZIA-Immobilientag: Kein guter Ort, um \u00fcber Wohnungspolitik zu diskutieren<\/strong><\/a><br \/>\n&#8211; Der ZIA ist ein Lobbyverband. &#8222;Beim Immobilientag treffen Verm\u00f6gensverwalter, Fondsmanager und Wohnungskonzernlobbyisten auf viel Politikprominenz aus Hauptstadt, L\u00e4ndern und Kommunen. Mit viel Aufwand und Geld verschafft sich eine einflussreiche und gut vernetzte Lobbygruppe Geh\u00f6r bei der Politik. Die Konzernlogos verfolgen die anwesenden G\u00e4ste selbst bis zum Toilettengang. Ein geeigneter Rahmen f\u00fcr eine offene und ausgewogene wohnungspolitische Diskussion ist das nicht.&#8220;<\/p>\n<p><strong>Radio Studio Ansage \/ Freies Radio Berlin (04.02.2024): <\/strong><a href=\"https:\/\/www.freie-radios.net\/133450\"><strong>Lobbyismus des Zentralen Immobilienausschusses ZIA 2024<\/strong><\/a><br \/>\n&#8211; halbst\u00fcndiger Podcast zum Wirken des ZIA. Es wird unter anderem analysiert, aus welchen gro\u00dfen Immobilienkonzernen das Personal des ZIA stammt und es werden Beispiele gegeben, wie W\u00fcnsche aus dem Fr\u00fchjahrsgutachten in Gesetzen wieder auftauchen<\/p>\n<p><strong>Dissens Podcast (28.05.2025): <a href=\"https:\/\/podcast.dissenspodcast.de\/304-wohnen\">#304 Immobilien-Lobby: Wer an Mietenexplosion und Verdr\u00e4ngung verdient<\/a><\/strong><br \/>\n&#8211; &#8222;Seit Jahren beeinflusst die Immobilien-Lobby erfolgreich eine Wohnungspolitik, die zu steigenden Mieten und Verdr\u00e4ngung f\u00fchrt. Anfang Juni trifft sich die Branche mit Vertretern der aktuellen Bundesregierung, organisiert vom gr\u00f6\u00dften Lobby-Verband, dem Zentralen Immobilien Ausschuss ZIA. Im Dissens Podcast sprechen Aktivistis vom &#8222;B\u00fcndnis gegen Verdr\u00e4ngung und Mietenwahnsinn&#8220; dar\u00fcber, wie Immobilien-Lobby und Politik verstrickt sind, sich die Miethaie als L\u00f6sung der Wohnungskrise verkaufen und was es braucht, um bezahlbaren Wohnraum zu erk\u00e4mpfen.&#8220;<\/p>\n<p>Jedes Jahr im Februar ver\u00f6ffentlicht der ZIA au\u00dferdem ein Fr\u00fchjahrs&#8220;gutachten&#8220;. Dieses ist eine Mischung aus Analyse des Immobilienmarktes, ideologischer Erz\u00e4hlung zum Immobilienmarkt aus Sicht der Konzerne und Wunschzettel der Immobilienwirtschaft an die Politik. Dabei steht konsequent die Profitmaximierung der Konzerne im Fokus. Wohnungen und andere Immobilien werden ausschlie\u00dflich als Anlageobjekte betrachtet. Staatliche Eingriffe werden durchaus gefordert, aber nur, wenn sie die Profite der privaten Unternehmen garantieren und steigern oder die Risiken mindern. Antworten auf die Wohnkrise zum Wohle der Mieterinnen und Mieter oder der Wohnungslosen finden sich nicht. Stattdessen wird verschwiegen, dass der Markt offensichtlich nicht in der Lage ist, das Menschenrecht auf Wohnen f\u00fcr alle zu garantieren.<br \/>\nDazu haben wir in diesem jahr eine Pressemitteilung ver\u00f6ffentlicht:<br \/>\n14.02.2025 Pressemitteilung des B\u00fcndnisses gegen Verdr\u00e4ngung und #Mietenwahnsinn: <a href=\"https:\/\/www.mietenwahnsinn.info\/2025\/wp-content\/uploads\/sites\/10\/2025\/02\/pm-ziabericht202502.pdf\">Neues Fr\u00fchjahrsgutachten des ZIA: Gro\u00dfkonzerne statt Mieterinteressen<\/a><\/p>\n<h2><a href=\"https:\/\/informaconnect.com\/superreturn-international\/\"><strong>Super Return International<\/strong><\/a><\/h2>\n<p>Diese Konferenz wird beworben als \u201e<a href=\"https:\/\/informaconnect.com\/superreturn-international\/\">The capital of private capital<\/a>\u201c und \u201ePrivate capital\u2019s most senior gathering\u201c und findet j\u00e4hrlich (!) in Berlin statt. Dort trifft sich die Welt der Hedge Fonds und Finanzen auf der Suche nach neuen Anlagem\u00f6glichkeiten. Die Worte \u201eunmatched seniority and investment power\u201c verstehen wir als klare Drohung eines weiteren Ausverkaufs unserer St\u00e4dte. Und damit sind nicht nur H\u00e4user und Wohnungen gemeint.<\/p>\n<p>Die \u201eSuper Return International\u201c tagt vom 02-06. Juni 2025 im Hotel InterContinental in der Budapester Stra\u00dfe 2 in 10787 Berlin.<\/p>\n<p>Im Jahr 2024 ver\u00f6ffentlichte die NGO Finanzwende eine Recherche zum Einfluss der Private Equity Fonds auf den Wohnungsmarkt: <a href=\"https:\/\/www.finanzwende.de\/themen\/finanzialisierung\/die-wohnungsnot-als-superrendite\">https:\/\/www.finanzwende.de\/themen\/finanzialisierung\/die-wohnungsnot-als-superrendite<\/a><\/p>\n<div class=\"shariff shariff-align-flex-start shariff-widget-align-flex-start\"><div class=\"ShariffHeadline\">Teile diesen Beitrag!<\/div><ul class=\"shariff-buttons theme-white orientation-horizontal buttonsize-medium\"><li class=\"shariff-button twitter shariff-nocustomcolor\" style=\"background-color:#595959\"><a href=\"https:\/\/twitter.com\/share?url=https%3A%2F%2Fwww.mietenwahnsinn.info%2F2026%2Fhintergrund%2F&text=Hintergrund\" title=\"Bei X teilen\" aria-label=\"Bei X teilen\" role=\"button\" rel=\"noopener nofollow\" class=\"shariff-link\" style=\"; background-color:#000; color:#000\" target=\"_blank\"><span class=\"shariff-icon\" style=\"fill:#000\"><svg width=\"32px\" height=\"20px\" xmlns=\"http:\/\/www.w3.org\/2000\/svg\" viewBox=\"0 0 24 24\"><path fill=\"#000\" d=\"M14.258 10.152L23.176 0h-2.113l-7.747 8.813L7.133 0H0l9.352 13.328L0 23.973h2.113l8.176-9.309 6.531 9.309h7.133zm-2.895 3.293l-.949-1.328L2.875 1.56h3.246l6.086 8.523.945 1.328 7.91 11.078h-3.246zm0 0\"\/><\/svg><\/span><span class=\"shariff-text\" style=\"color:#000\">teilen<\/span>&nbsp;<\/a><\/li><li class=\"shariff-button facebook shariff-nocustomcolor\" style=\"background-color:#4273c8\"><a href=\"https:\/\/www.facebook.com\/sharer\/sharer.php?u=https%3A%2F%2Fwww.mietenwahnsinn.info%2F2026%2Fhintergrund%2F\" title=\"Bei Facebook teilen\" aria-label=\"Bei Facebook teilen\" role=\"button\" rel=\"nofollow\" class=\"shariff-link\" style=\"; background-color:#3b5998; color:#3b5998\" target=\"_blank\"><span class=\"shariff-icon\" style=\"fill:#3b5998\"><svg width=\"32px\" height=\"20px\" xmlns=\"http:\/\/www.w3.org\/2000\/svg\" viewBox=\"0 0 18 32\"><path fill=\"#3b5998\" d=\"M17.1 0.2v4.7h-2.8q-1.5 0-2.1 0.6t-0.5 1.9v3.4h5.2l-0.7 5.3h-4.5v13.6h-5.5v-13.6h-4.5v-5.3h4.5v-3.9q0-3.3 1.9-5.2t5-1.8q2.6 0 4.1 0.2z\"\/><\/svg><\/span><span class=\"shariff-text\" style=\"color:#3b5998\">teilen<\/span>&nbsp;<\/a><\/li><li class=\"shariff-button mailto shariff-nocustomcolor\" style=\"background-color:#a8a8a8\"><a href=\"mailto:?body=https%3A%2F%2Fwww.mietenwahnsinn.info%2F2026%2Fhintergrund%2F&subject=Hintergrund\" title=\"Per E-Mail versenden\" aria-label=\"Per E-Mail versenden\" role=\"button\" rel=\"noopener nofollow\" class=\"shariff-link\" style=\"; background-color:#999; color:#999\"><span class=\"shariff-icon\" style=\"fill:#999\"><svg width=\"32px\" height=\"20px\" xmlns=\"http:\/\/www.w3.org\/2000\/svg\" viewBox=\"0 0 32 32\"><path fill=\"#999\" d=\"M32 12.7v14.2q0 1.2-0.8 2t-2 0.9h-26.3q-1.2 0-2-0.9t-0.8-2v-14.2q0.8 0.9 1.8 1.6 6.5 4.4 8.9 6.1 1 0.8 1.6 1.2t1.7 0.9 2 0.4h0.1q0.9 0 2-0.4t1.7-0.9 1.6-1.2q3-2.2 8.9-6.1 1-0.7 1.8-1.6zM32 7.4q0 1.4-0.9 2.7t-2.2 2.2q-6.7 4.7-8.4 5.8-0.2 0.1-0.7 0.5t-1 0.7-0.9 0.6-1.1 0.5-0.9 0.2h-0.1q-0.4 0-0.9-0.2t-1.1-0.5-0.9-0.6-1-0.7-0.7-0.5q-1.6-1.1-4.7-3.2t-3.6-2.6q-1.1-0.7-2.1-2t-1-2.5q0-1.4 0.7-2.3t2.1-0.9h26.3q1.2 0 2 0.8t0.9 2z\"\/><\/svg><\/span><span class=\"shariff-text\" style=\"color:#999\">E-Mail<\/span>&nbsp;<\/a><\/li><\/ul><\/div>","protected":false},"excerpt":{"rendered":"<p>Tag der Immobilienwirtschaft und ZIA Der Zentrale Immobilienausschuss (ZIA) ist die gr\u00f6\u00dfte Lobby-Organisation der Immobilienbranche in Deutschland. Einmal j\u00e4hrlich l\u00e4dt der ZIA zum \u201eTag der Immobilienwirtschaft\u201c nach Berlin. Dort vernetzen [&hellip;]<\/p>\n","protected":false},"author":21,"featured_media":0,"parent":0,"menu_order":0,"comment_status":"closed","ping_status":"closed","template":"page-templates\/full-width.php","meta":{"_acf_changed":false,"footnotes":""},"class_list":["post-18229","page","type-page","status-publish","hentry"],"acf":[],"_links":{"self":[{"href":"https:\/\/www.mietenwahnsinn.info\/2026\/wp-json\/wp\/v2\/pages\/18229","targetHints":{"allow":["GET"]}}],"collection":[{"href":"https:\/\/www.mietenwahnsinn.info\/2026\/wp-json\/wp\/v2\/pages"}],"about":[{"href":"https:\/\/www.mietenwahnsinn.info\/2026\/wp-json\/wp\/v2\/types\/page"}],"author":[{"embeddable":true,"href":"https:\/\/www.mietenwahnsinn.info\/2026\/wp-json\/wp\/v2\/users\/21"}],"replies":[{"embeddable":true,"href":"https:\/\/www.mietenwahnsinn.info\/2026\/wp-json\/wp\/v2\/comments?post=18229"}],"version-history":[{"count":5,"href":"https:\/\/www.mietenwahnsinn.info\/2026\/wp-json\/wp\/v2\/pages\/18229\/revisions"}],"predecessor-version":[{"id":18305,"href":"https:\/\/www.mietenwahnsinn.info\/2026\/wp-json\/wp\/v2\/pages\/18229\/revisions\/18305"}],"wp:attachment":[{"href":"https:\/\/www.mietenwahnsinn.info\/2026\/wp-json\/wp\/v2\/media?parent=18229"}],"curies":[{"name":"wp","href":"https:\/\/api.w.org\/{rel}","templated":true}]}}