{"id":18225,"date":"2025-05-11T23:58:50","date_gmt":"2025-05-11T21:58:50","guid":{"rendered":"https:\/\/www.mietenwahnsinn.info\/2025\/?page_id=18225"},"modified":"2026-03-20T18:44:30","modified_gmt":"2026-03-20T17:44:30","slug":"aufruf","status":"publish","type":"page","link":"https:\/\/www.mietenwahnsinn.info\/2026\/aufruf\/","title":{"rendered":"Aufruf"},"content":{"rendered":"<h2><a href=\"https:\/\/www.mietenwahnsinn.info\/2025\/04-06-25-call-en\/\">Call (EN)<\/a> &#8211; <a href=\"https:\/\/www.mietenwahnsinn.info\/2025\/04-06-25-convocatoria-es\/\">Convocatoria (ES)<\/a> &#8211; <a href=\"https:\/\/www.mietenwahnsinn.info\/2025\/04-06-25-chiamata-it\/\">Chiamata (IT)<\/a>\u00a0\u2013 <a href=\"https:\/\/www.mietenwahnsinn.info\/2025\/%d8%b9%d8%b1%d8%b6-%d8%aa%d9%88%d8%b6%d9%8a%d8%ad%d9%8a-04-06-25-%d8%a7%d9%84%d8%af%d8%b9%d9%88%d8%a9-ar\/\">(AR) \u0627\u0644\u062f\u0639\u0648\u0629<\/a> \u2013 <a href=\"https:\/\/www.mietenwahnsinn.info\/2025\/manifestation-04-06-25-appel-fr\/\">Appel (FR)<\/a> \u2013 <a href=\"https:\/\/www.mietenwahnsinn.info\/2025\/miting-04-06-25-cagri-tr\/\">\u00c7a\u011fr\u0131 (TR)<\/a> \u2013 <a href=\"https:\/\/www.mietenwahnsinn.info\/2025\/xwepesandan-04-06-25-bang-ku\/\">Bang (KU)<\/a><\/h2>\n<p><strong>Aufruf:<\/strong><\/p>\n<p>Am 4. Juni protestieren wir gegen das Treffen von Finanzinvestoren (\u201eSuperReturn\u201c) und das der Immobilienlobby (\u201eImmobilientag des ZIA\u201c). Beides sind Treffen der Profiteure des Mietenwahnsinns. Mit dem Grundbed\u00fcrfnis auf Wohnen darf aber kein Profit gemacht werden. Die Wohnungspolitik muss an den Bed\u00fcrfnissen der Menschen und nicht an denen der Aktienkurse ausgerichtet werden! Kommt mit uns zur Demonstration!<\/p>\n<p><strong>Finanzinvestoren-Treffen \u201eSuperReturn\u201c<\/strong><\/p>\n<p>Vom 2. bis 6. Juni findet im Hotel InterContinental Berlin das weltweit gr\u00f6\u00dfte Treffen des Finanzmarktkapitals statt. Es hei\u00dft \u201eSuperReturn\u201c, das bedeutet \u201eSuper-Rendite\u201c. Genau die suchen die 1.800 dort vertretenen Investmentgesellschaften f\u00fcr ihre reichen Kund:innen. Mit mehr als 50 Billionen Dollar Anlageverm\u00f6gen haben sie enorme Macht. Ob Immobilien, Waffen oder Gummib\u00e4rchen ist ihnen egal \u2013 Hauptsache die Rendite stimmt. F\u00fcr uns Mieter:innen hei\u00dft das weiter steigende Mieten und Angst um die Wohnung. Dem stellen wir uns entschieden entgegen!<\/p>\n<p><strong>Immobilienlobby-Treffen \u201eTag der Immobilienwirtschaft\u201c<\/strong><\/p>\n<p>Passend zur Reichen-Geldquelle \u201eSuperReturn\u201c findet am 4. Juni im Friedrichstadt-Palast der \u201eTag der Immobilienwirtschaft\u201c statt. Es ist Deutschlands gr\u00f6\u00dftes Lobbytreffen der Branche, ausgerichtet von ihrem gr\u00f6\u00dften Lobbyverband, dem ZIA (Zentraler Immobilienausschuss). Dort vernetzen sich die Profiteure der Wohnungsnot mit den Spitzen aus Politik und Verwaltung. Dort wird der Rahmen gesetzt um uns Mieter:innen noch effektiver auszubeuten. Dort wird der Mietenwahnsinn produziert. Es ist einer der Orte der \u00f6konomischen Gewalt und politischen Verachtung gegen\u00fcber der Mehrheit der Bev\u00f6lkerung, hier gegen\u00fcber uns Mieter:innen.<\/p>\n<p><strong>Das lassen wir uns nicht gefallen!<\/strong><\/p>\n<p>Wir laden euch ein, mit uns gemeinsam eine radikale Kehrtwende in der Wohnungspolitik zu fordern. Zeigen wir der profitorientierten Wirtschaft und der mit ihr verbandelten Politik die rote Karte. Kommt mit uns zur Demonstration vom InterContinental Berlin zum Friedrichstadt-Palast, vorbei an der CDU-Zentrale des BlackRock-Kanzlers Friedrich Merz.<\/p>\n<p><strong>Mittwoch, 4.6.2025<\/strong><br \/>\n<strong>Auftakt-Kundgebung 16.30 Uhr \/ Demonstration 17.00 Uhr <\/strong><br \/>\n<strong>InterContinental Berlin, Budapester Str. 2, 10787 Berlin, U-Bhf Wittenbergplatz<\/strong><br \/>\n<strong>Abschluss-Kundgebung 18.00 Uhr <\/strong><br \/>\n<strong>Friedrichstadt-Palast, Friedrichstr. 107, 10117 Berlin, U-Bhf Oranienburger Tor<\/strong><\/p>\n<p><img loading=\"lazy\" decoding=\"async\" class=\"aligncenter size-large wp-image-18168\" src=\"https:\/\/www.mietenwahnsinn.info\/2025\/wp-content\/uploads\/sites\/10\/2025\/04\/25-06-04-demo-722x1024.png\" alt=\"\" width=\"625\" height=\"886\" srcset=\"https:\/\/www.mietenwahnsinn.info\/2026\/wp-content\/uploads\/sites\/10\/2025\/04\/25-06-04-demo-722x1024.png 722w, https:\/\/www.mietenwahnsinn.info\/2026\/wp-content\/uploads\/sites\/10\/2025\/04\/25-06-04-demo-211x300.png 211w, https:\/\/www.mietenwahnsinn.info\/2026\/wp-content\/uploads\/sites\/10\/2025\/04\/25-06-04-demo-768x1090.png 768w, https:\/\/www.mietenwahnsinn.info\/2026\/wp-content\/uploads\/sites\/10\/2025\/04\/25-06-04-demo-624x885.png 624w, https:\/\/www.mietenwahnsinn.info\/2026\/wp-content\/uploads\/sites\/10\/2025\/04\/25-06-04-demo.png 874w\" sizes=\"auto, (max-width: 625px) 100vw, 625px\" \/><\/p>\n<div class=\"shariff shariff-align-flex-start shariff-widget-align-flex-start\"><div class=\"ShariffHeadline\">Teile diesen Beitrag!<\/div><ul class=\"shariff-buttons theme-white orientation-horizontal buttonsize-medium\"><li class=\"shariff-button twitter shariff-nocustomcolor\" style=\"background-color:#595959\"><a href=\"https:\/\/twitter.com\/share?url=https%3A%2F%2Fwww.mietenwahnsinn.info%2F2026%2Faufruf%2F&text=Aufruf\" title=\"Bei X teilen\" aria-label=\"Bei X teilen\" role=\"button\" rel=\"noopener nofollow\" class=\"shariff-link\" style=\"; background-color:#000; color:#000\" target=\"_blank\"><span class=\"shariff-icon\" style=\"fill:#000\"><svg width=\"32px\" height=\"20px\" xmlns=\"http:\/\/www.w3.org\/2000\/svg\" viewBox=\"0 0 24 24\"><path fill=\"#000\" d=\"M14.258 10.152L23.176 0h-2.113l-7.747 8.813L7.133 0H0l9.352 13.328L0 23.973h2.113l8.176-9.309 6.531 9.309h7.133zm-2.895 3.293l-.949-1.328L2.875 1.56h3.246l6.086 8.523.945 1.328 7.91 11.078h-3.246zm0 0\"\/><\/svg><\/span><span class=\"shariff-text\" style=\"color:#000\">teilen<\/span>&nbsp;<\/a><\/li><li class=\"shariff-button facebook shariff-nocustomcolor\" style=\"background-color:#4273c8\"><a href=\"https:\/\/www.facebook.com\/sharer\/sharer.php?u=https%3A%2F%2Fwww.mietenwahnsinn.info%2F2026%2Faufruf%2F\" title=\"Bei Facebook teilen\" aria-label=\"Bei Facebook teilen\" role=\"button\" rel=\"nofollow\" class=\"shariff-link\" style=\"; background-color:#3b5998; color:#3b5998\" target=\"_blank\"><span class=\"shariff-icon\" style=\"fill:#3b5998\"><svg width=\"32px\" height=\"20px\" xmlns=\"http:\/\/www.w3.org\/2000\/svg\" viewBox=\"0 0 18 32\"><path fill=\"#3b5998\" d=\"M17.1 0.2v4.7h-2.8q-1.5 0-2.1 0.6t-0.5 1.9v3.4h5.2l-0.7 5.3h-4.5v13.6h-5.5v-13.6h-4.5v-5.3h4.5v-3.9q0-3.3 1.9-5.2t5-1.8q2.6 0 4.1 0.2z\"\/><\/svg><\/span><span class=\"shariff-text\" style=\"color:#3b5998\">teilen<\/span>&nbsp;<\/a><\/li><li class=\"shariff-button mailto shariff-nocustomcolor\" style=\"background-color:#a8a8a8\"><a href=\"mailto:?body=https%3A%2F%2Fwww.mietenwahnsinn.info%2F2026%2Faufruf%2F&subject=Aufruf\" title=\"Per E-Mail versenden\" aria-label=\"Per E-Mail versenden\" role=\"button\" rel=\"noopener nofollow\" class=\"shariff-link\" style=\"; background-color:#999; color:#999\"><span class=\"shariff-icon\" style=\"fill:#999\"><svg width=\"32px\" height=\"20px\" xmlns=\"http:\/\/www.w3.org\/2000\/svg\" viewBox=\"0 0 32 32\"><path fill=\"#999\" d=\"M32 12.7v14.2q0 1.2-0.8 2t-2 0.9h-26.3q-1.2 0-2-0.9t-0.8-2v-14.2q0.8 0.9 1.8 1.6 6.5 4.4 8.9 6.1 1 0.8 1.6 1.2t1.7 0.9 2 0.4h0.1q0.9 0 2-0.4t1.7-0.9 1.6-1.2q3-2.2 8.9-6.1 1-0.7 1.8-1.6zM32 7.4q0 1.4-0.9 2.7t-2.2 2.2q-6.7 4.7-8.4 5.8-0.2 0.1-0.7 0.5t-1 0.7-0.9 0.6-1.1 0.5-0.9 0.2h-0.1q-0.4 0-0.9-0.2t-1.1-0.5-0.9-0.6-1-0.7-0.7-0.5q-1.6-1.1-4.7-3.2t-3.6-2.6q-1.1-0.7-2.1-2t-1-2.5q0-1.4 0.7-2.3t2.1-0.9h26.3q1.2 0 2 0.8t0.9 2z\"\/><\/svg><\/span><span class=\"shariff-text\" style=\"color:#999\">E-Mail<\/span>&nbsp;<\/a><\/li><\/ul><\/div>","protected":false},"excerpt":{"rendered":"<p>Call (EN) &#8211; Convocatoria (ES) &#8211; Chiamata (IT)\u00a0\u2013 (AR) \u0627\u0644\u062f\u0639\u0648\u0629 \u2013 Appel (FR) \u2013 \u00c7a\u011fr\u0131 (TR) \u2013 Bang (KU) Aufruf: Am 4. Juni protestieren wir gegen das Treffen von Finanzinvestoren [&hellip;]<\/p>\n","protected":false},"author":21,"featured_media":0,"parent":0,"menu_order":0,"comment_status":"closed","ping_status":"closed","template":"page-templates\/full-width.php","meta":{"_acf_changed":false,"footnotes":""},"class_list":["post-18225","page","type-page","status-publish","hentry"],"acf":[],"_links":{"self":[{"href":"https:\/\/www.mietenwahnsinn.info\/2026\/wp-json\/wp\/v2\/pages\/18225","targetHints":{"allow":["GET"]}}],"collection":[{"href":"https:\/\/www.mietenwahnsinn.info\/2026\/wp-json\/wp\/v2\/pages"}],"about":[{"href":"https:\/\/www.mietenwahnsinn.info\/2026\/wp-json\/wp\/v2\/types\/page"}],"author":[{"embeddable":true,"href":"https:\/\/www.mietenwahnsinn.info\/2026\/wp-json\/wp\/v2\/users\/21"}],"replies":[{"embeddable":true,"href":"https:\/\/www.mietenwahnsinn.info\/2026\/wp-json\/wp\/v2\/comments?post=18225"}],"version-history":[{"count":3,"href":"https:\/\/www.mietenwahnsinn.info\/2026\/wp-json\/wp\/v2\/pages\/18225\/revisions"}],"predecessor-version":[{"id":18260,"href":"https:\/\/www.mietenwahnsinn.info\/2026\/wp-json\/wp\/v2\/pages\/18225\/revisions\/18260"}],"wp:attachment":[{"href":"https:\/\/www.mietenwahnsinn.info\/2026\/wp-json\/wp\/v2\/media?parent=18225"}],"curies":[{"name":"wp","href":"https:\/\/api.w.org\/{rel}","templated":true}]}}