{"id":17980,"date":"2024-12-02T12:39:45","date_gmt":"2024-12-02T11:39:45","guid":{"rendered":"https:\/\/www.mietenwahnsinn.info\/2024\/?page_id=17980"},"modified":"2026-04-01T16:58:50","modified_gmt":"2026-04-01T14:58:50","slug":"kalender","status":"publish","type":"page","link":"https:\/\/www.mietenwahnsinn.info\/2026\/kalender\/","title":{"rendered":"Kalender"},"content":{"rendered":"\r\n<h2 class=\"wp-block-heading has-dark-gray-color has-text-color has-link-color has-medium-font-size wp-elements-49c79ca13b75fbb8d5fee801f6c9fe72\">Der Berliner Kalender gegen die Wohnkrise<\/h2>\r\n\r\n\r\n\r\n<p>Gef\u00fcllt von der Bewegung, kuratiert vom B\u00fcndnis gegen Verdr\u00e4ngung und #Mietenwahnsinn.\u00a0<\/p>\r\n<p><strong>Zentrale Termine 2026:<\/strong><\/p>\r\n<p>23.-29.03.\u00a0 Housing Action Days<br \/>26.03.\u00a0 \u00a0 \u00a0 \u00a0 Demo Solidarit\u00e4t mit den Mieter:innen der Habersaathstra\u00dfe 40-48<br \/>28.03.\u00a0 \u00a0 \u00a0 \u00a0 Mahnwache gegen Obdachlosigkeit &amp; Zwangsr\u00e4umungen<br \/>19.05.\u00a0 \u00a0 \u00a0 \u00a0 Lobbykongress Tag der Immobilienwirtschaft<br \/>08.-12.06.\u00a0 Private Equity Kongress &#8222;Super Return&#8220;<br \/>05.09.\u00a0 \u00a0 \u00a0 \u00a0 \u00a0Demonstration &#8222;Runter mit der Miete! Her mit den Wohnungen!&#8220;<br \/>22.09.\u00a0 \u00a0 \u00a0 \u00a0 Landtagswahl in Berlin<\/p>\r\n<p><strong>Alle Termine<\/strong><\/p>\r\n\r\n\r\n<div class=\"r34ics-ajax-container loading\" id=\"r69d70f9c5789737\" data-view=\"basic\" data-view-is-list-style=\"1\" data-view-is-list-long=\"1\" data-args=\"ff81069ef433345a7e092096472164b1631a369f\" data-js-args=\"{&quot;debug&quot;:null}\">&nbsp;<\/div>\n\r\n\r\n\r\n<div class=\"wp-block-buttons is-content-justification-left is-layout-flex wp-container-core-buttons-is-layout-fdcfc74e wp-block-buttons-is-layout-flex\">\r\n<div class=\"wp-block-button has-custom-font-size has-small-font-size\"><a class=\"wp-block-button__link has-white-color has-text-color has-background has-link-color wp-element-button\" style=\"border-radius: 0px; background-color: #e21187;\" href=\"https:\/\/www.mietenwahnsinn.info\/2024\/kalender-formular\/\"><strong>Termin vorschlagen<\/strong><\/a><\/div>\r\n\r\n\r\n\r\n<div class=\"wp-block-button has-custom-font-size has-small-font-size\"><a class=\"wp-block-button__link has-white-color has-text-color has-background has-link-color wp-element-button\" style=\"border-radius: 0px; background-color: #e21187;\" href=\"https:\/\/radar.squat.net\/ical\/node\/500309\"><strong>Abonnieren<\/strong><\/a><\/div>\r\n\r\n\r\n\r\n<div class=\"wp-block-button has-custom-font-size has-small-font-size\"><a class=\"wp-block-button__link has-white-color has-text-color has-background has-link-color wp-element-button\" style=\"border-radius: 0px; background-color: #e21187;\" href=\"https:\/\/www.mietenwahnsinn.info\/2024\/kalender-einbetten\/\"><strong>Einbetten<\/strong><\/a><\/div>\r\n<\/div>\r\n\r\n\r\n\r\n<div class=\"wp-block-spacer\" style=\"height: 18px;\" aria-hidden=\"true\">\u00a0<\/div>\r\n\r\n\r\n<details class=\"wp-block-details is-layout-flow wp-block-details-is-layout-flow\">\r\n<summary>Vollst\u00e4ndige Jahres\u00fcbersicht<\/summary>\r\n<div class=\"r34ics-ajax-container loading\" id=\"r69d70f9c58c8cdc\" data-view=\"month\" data-view-is-list-style=\"0\" data-view-is-list-long=\"0\" data-args=\"0c86f3cf23f9e9a3f6394e889c03a99d2002fb3a\" data-js-args=\"{&quot;debug&quot;:null}\">&nbsp;<\/div>\n<\/details><div class=\"shariff shariff-align-flex-start shariff-widget-align-flex-start\"><div class=\"ShariffHeadline\">Teile diesen Beitrag!<\/div><ul class=\"shariff-buttons theme-white orientation-horizontal buttonsize-medium\"><li class=\"shariff-button twitter shariff-nocustomcolor\" style=\"background-color:#595959\"><a href=\"https:\/\/twitter.com\/share?url=https%3A%2F%2Fwww.mietenwahnsinn.info%2F2026%2Fkalender%2F&text=Kalender\" title=\"Bei X teilen\" aria-label=\"Bei X teilen\" role=\"button\" rel=\"noopener nofollow\" class=\"shariff-link\" style=\"; background-color:#000; color:#000\" target=\"_blank\"><span class=\"shariff-icon\" style=\"fill:#000\"><svg width=\"32px\" height=\"20px\" xmlns=\"http:\/\/www.w3.org\/2000\/svg\" viewBox=\"0 0 24 24\"><path fill=\"#000\" d=\"M14.258 10.152L23.176 0h-2.113l-7.747 8.813L7.133 0H0l9.352 13.328L0 23.973h2.113l8.176-9.309 6.531 9.309h7.133zm-2.895 3.293l-.949-1.328L2.875 1.56h3.246l6.086 8.523.945 1.328 7.91 11.078h-3.246zm0 0\"\/><\/svg><\/span><span class=\"shariff-text\" style=\"color:#000\">teilen<\/span>&nbsp;<\/a><\/li><li class=\"shariff-button facebook shariff-nocustomcolor\" style=\"background-color:#4273c8\"><a href=\"https:\/\/www.facebook.com\/sharer\/sharer.php?u=https%3A%2F%2Fwww.mietenwahnsinn.info%2F2026%2Fkalender%2F\" title=\"Bei Facebook teilen\" aria-label=\"Bei Facebook teilen\" role=\"button\" rel=\"nofollow\" class=\"shariff-link\" style=\"; background-color:#3b5998; color:#3b5998\" target=\"_blank\"><span class=\"shariff-icon\" style=\"fill:#3b5998\"><svg width=\"32px\" height=\"20px\" xmlns=\"http:\/\/www.w3.org\/2000\/svg\" viewBox=\"0 0 18 32\"><path fill=\"#3b5998\" d=\"M17.1 0.2v4.7h-2.8q-1.5 0-2.1 0.6t-0.5 1.9v3.4h5.2l-0.7 5.3h-4.5v13.6h-5.5v-13.6h-4.5v-5.3h4.5v-3.9q0-3.3 1.9-5.2t5-1.8q2.6 0 4.1 0.2z\"\/><\/svg><\/span><span class=\"shariff-text\" style=\"color:#3b5998\">teilen<\/span>&nbsp;<\/a><\/li><li class=\"shariff-button mailto shariff-nocustomcolor\" style=\"background-color:#a8a8a8\"><a href=\"mailto:?body=https%3A%2F%2Fwww.mietenwahnsinn.info%2F2026%2Fkalender%2F&subject=Kalender\" title=\"Per E-Mail versenden\" aria-label=\"Per E-Mail versenden\" role=\"button\" rel=\"noopener nofollow\" class=\"shariff-link\" style=\"; background-color:#999; color:#999\"><span class=\"shariff-icon\" style=\"fill:#999\"><svg width=\"32px\" height=\"20px\" xmlns=\"http:\/\/www.w3.org\/2000\/svg\" viewBox=\"0 0 32 32\"><path fill=\"#999\" d=\"M32 12.7v14.2q0 1.2-0.8 2t-2 0.9h-26.3q-1.2 0-2-0.9t-0.8-2v-14.2q0.8 0.9 1.8 1.6 6.5 4.4 8.9 6.1 1 0.8 1.6 1.2t1.7 0.9 2 0.4h0.1q0.9 0 2-0.4t1.7-0.9 1.6-1.2q3-2.2 8.9-6.1 1-0.7 1.8-1.6zM32 7.4q0 1.4-0.9 2.7t-2.2 2.2q-6.7 4.7-8.4 5.8-0.2 0.1-0.7 0.5t-1 0.7-0.9 0.6-1.1 0.5-0.9 0.2h-0.1q-0.4 0-0.9-0.2t-1.1-0.5-0.9-0.6-1-0.7-0.7-0.5q-1.6-1.1-4.7-3.2t-3.6-2.6q-1.1-0.7-2.1-2t-1-2.5q0-1.4 0.7-2.3t2.1-0.9h26.3q1.2 0 2 0.8t0.9 2z\"\/><\/svg><\/span><span class=\"shariff-text\" style=\"color:#999\">E-Mail<\/span>&nbsp;<\/a><\/li><\/ul><\/div>","protected":false},"excerpt":{"rendered":"<p>Der Berliner Kalender gegen die Wohnkrise Gef\u00fcllt von der Bewegung, kuratiert vom B\u00fcndnis gegen Verdr\u00e4ngung und #Mietenwahnsinn.\u00a0 Zentrale Termine 2026: 23.-29.03.\u00a0 Housing Action Days26.03.\u00a0 \u00a0 \u00a0 \u00a0 Demo Solidarit\u00e4t mit [&hellip;]<\/p>\n","protected":false},"author":21,"featured_media":0,"parent":0,"menu_order":0,"comment_status":"closed","ping_status":"closed","template":"page-templates\/full-width.php","meta":{"_acf_changed":false,"footnotes":""},"class_list":["post-17980","page","type-page","status-publish","hentry"],"acf":[],"_links":{"self":[{"href":"https:\/\/www.mietenwahnsinn.info\/2026\/wp-json\/wp\/v2\/pages\/17980","targetHints":{"allow":["GET"]}}],"collection":[{"href":"https:\/\/www.mietenwahnsinn.info\/2026\/wp-json\/wp\/v2\/pages"}],"about":[{"href":"https:\/\/www.mietenwahnsinn.info\/2026\/wp-json\/wp\/v2\/types\/page"}],"author":[{"embeddable":true,"href":"https:\/\/www.mietenwahnsinn.info\/2026\/wp-json\/wp\/v2\/users\/21"}],"replies":[{"embeddable":true,"href":"https:\/\/www.mietenwahnsinn.info\/2026\/wp-json\/wp\/v2\/comments?post=17980"}],"version-history":[{"count":5,"href":"https:\/\/www.mietenwahnsinn.info\/2026\/wp-json\/wp\/v2\/pages\/17980\/revisions"}],"predecessor-version":[{"id":18728,"href":"https:\/\/www.mietenwahnsinn.info\/2026\/wp-json\/wp\/v2\/pages\/17980\/revisions\/18728"}],"wp:attachment":[{"href":"https:\/\/www.mietenwahnsinn.info\/2026\/wp-json\/wp\/v2\/media?parent=17980"}],"curies":[{"name":"wp","href":"https:\/\/api.w.org\/{rel}","templated":true}]}}