{"id":15871,"date":"2024-02-08T18:48:56","date_gmt":"2024-02-08T17:48:56","guid":{"rendered":"https:\/\/www.mietenwahnsinn.info\/aktuelles\/?page_id=15871"},"modified":"2024-03-29T15:32:35","modified_gmt":"2024-03-29T14:32:35","slug":"aktionstage-zum-had-2024","status":"publish","type":"page","link":"https:\/\/www.mietenwahnsinn.info\/2026\/aktionstage-zum-had-2024\/","title":{"rendered":"Aktionstage zum HAD 2024"},"content":{"rendered":"<h4>Aufruf \u2014\u00a0<a href=\"#Aktion einreichen\">Aktion einreichen<\/a> \u2014 <a href=\"#Aufruf: European Action Coalition\">Aufruf: European Action Coalition\u00a0 \u2014 <\/a><a href=\"#Call: European Action Coalition\">Call: European Action Coalition<\/a><\/h4>\n<h3>Housing not Profit \u2012 Aktionswoche gegen #Wohnkrise und #Mietenwahnsinn in Europa und in Berlin<\/h3>\n<h4>Zeigen wir \u00f6ffentlich und eindrucksstark, dass wir VIELE sind, uns nicht unterkriegen lassen und uns erfolgreich entgegenstellen k\u00f6nnen!<\/h4>\n<p>Vom 29. M\u00e4rz bis 07. April 2024 finden die diesj\u00e4hrigen europaweiten \u201eHousing Action Days\u201c mit den Aktionstagen statt!<\/p>\n<p>Explodierende Mieten und fehlende g\u00fcnstige Wohnungen sind eine soziale Katastrophe in Berlin, aber auch in den meisten St\u00e4dten Europas. Doch wenn die Wohnungs- und Finanzkonzerne international agieren, sollten auch wir das tun!<\/p>\n<p>Lasst uns in Berlin mit vielen dezentralen Aktionen und Veranstaltungen auf die Mietenkrise aufmerksam machen und die vielen K\u00e4mpfe f\u00fcr eine andere, solidarische Stadt sichtbar machen.<\/p>\n<p>Egal, ob ihr zwischen dem 29.03. und dem 07.04. sowieso schon etwas geplant habt oder euch mit euren Nachbar*innen zusammen auf etwas einigt, schickt uns euren Flyer oder euer Logo und eine kurze Beschreibung eurer Aktion und wir werden \u00fcber <a href=\"https:\/\/www.mietenwahnsinn.info\/aktuelles\/aktionstage-zum-had-2024\/\" target=\"_blank\" rel=\"noopener\">unsere Webseite<\/a>, \u00fcber sozial media und zusammengefasst \u00fcber die Presse all dies \u00f6ffentlich machen um Menschen zu motivieren sich den Aktionstagen anzuschlie\u00dfen!<\/p>\n<p>Jede Art des Protestes macht Sinn, aber noch mehr, wenn sie \u00f6ffentlich gut sichtbar ist. Und das nicht nur in vielen St\u00e4dten in Deutschland, sondern auch europaweit. Das macht Mut, das schafft Zusammengeh\u00f6rigkeit und ist gelebte Solidarit\u00e4t gegen die Verwertung von Wohnraum unter profitorientierten Gesichtspunkten.<\/p>\n<p>Und Wohnen betrifft nicht nur die H\u00f6he der Miete. Auch Wohnungslosigkeit, Stress, unw\u00fcrdige Unterbringung in Lagern, fehlende Frauen*h\u00e4user, gek\u00fcndigte KiTas, soziale Einrichtungen und Kleingewerbe, steigende Preise und Diskriminierung auf dem Wohnungsmarkt. Sie sind Auswirkungen des Mietenwahnsinns. F\u00fchlt euch eingeladen mit diesen Themen an der Aktionswoche teilzunehmen!<\/p>\n<p>Ihr m\u00fcsst keine organisierte Gruppe sein. Alle Hausgemeinschaften und Nachbarschaften sind herzlich eingeladen mitzumachen!<\/p>\n<p>Positive Geschichten sind willkommen \u2014 euer Haus wurde vorgekauft, ihr konntet \u00fcberh\u00f6hte Nebenkosten abwehren, oder endlich notwendige Reparaturen durchsetzen? Das muss gefeiert werden!<\/p>\n<p><strong>Hier einige vielf\u00e4ltige Ideen, lasst euch inspirieren oder macht was ganz anderes:<\/strong><\/p>\n<ul>\n<li>Veranstaltungen zu Themen, die unter den N\u00e4geln brennen<\/li>\n<li>initiiert Hausversammlungen<\/li>\n<li>feiert Erfolge<\/li>\n<li>solidarische Prozessbegleitung bei K\u00fcndigung- und\/ oder R\u00e4umungsprozessen<\/li>\n<li>mit St\u00fchlen auf die Stra\u00dfe und miteinander reden<\/li>\n<li>Vermieter*innen einen Besuch abstatten<\/li>\n<li>vor den Konzernzentralen wie Vonovia\/ Heimstaden etc.<\/li>\n<li>Kundgebungen\/ Mahnwachen abhalten<\/li>\n<li>Leerstand deutlich sichtbar kennzeichnen<\/li>\n<li>H\u00e4user, die von Abriss bedroht sind, ebenfalls kennzeichen und uns melden<\/li>\n<li>Kleingewerbe und soziale Einrichtungen, die von Verdr\u00e4ngung bedroht sind, \u00f6ffentlich machen<\/li>\n<li>Stadtspazierg\u00e4nge durch den Kiez organisieren<\/li>\n<li>Transparente an \u00f6ffentlichen Orten aufh\u00e4ngen, um klar und deutlich zu machen, was wir von der Wohnung als Ware halten<\/li>\n<li>Mieterh\u00f6hungen\/ zu hohe Betriebs-und Heizungskosten, nach dem Widerspruch kollektiv und \u00f6ffentlich in die Tonne treten<\/li>\n<li>uvm&#8230;<\/li>\n<\/ul>\n<p>Lasst uns die Aktionswoche nutzen, um uns zu vernetzen, gemeinsam st\u00e4rker zu werden und f\u00fcr die Gro\u00dfdemo gegen #Mietenwahnsinn und Verdr\u00e4ngung am 01. Juni 2024 in Berlin zu mobilisieren!<\/p>\n<p>Hier noch ein Eindruck, was letztes Jahr zu den Aktionstagen w\u00e4hrend der Housing Action Days alles stattgefunden hat: <a href=\"https:\/\/www.mietenwahnsinn.info\/aktuelles\/events\/monat\/2023-03\/\" target=\"_blank\" rel=\"noopener\">Berlinweit<\/a>, <a href=\"https:\/\/housingnotprofit.org\/housing-action-days-2023\/\" target=\"_blank\" rel=\"noopener\">bundes- und europaweit<\/a><\/p>\n<p>B\u00fcndnis gegen Verdr\u00e4ngung und #Mietenwahnsinn<\/p>\n<hr \/>\n<h3 id=\"Aktion einreichen\">Aktion einreichen<\/h3>\n<p>Und hier k\u00f6nnt ihr eure <a href=\"https:\/\/www.mietenwahnsinn.info\/aktuelles\/aktion-einreichen\/\" target=\"_blank\" rel=\"noopener\">Aktivit\u00e4ten<\/a> f\u00fcr die diesj\u00e4hrige Aktionstagen vom 29. M\u00e4rz bis 07. April 2024 rund um die HOUSING ACTION DAYS einreichen und wir \u00fcbernehmen es in den <a href=\"https:\/\/www.mietenwahnsinn.info\/aktuelles\/events\/\" target=\"_blank\" rel=\"noopener\">Aktionskalender.<\/a><\/p>\n<p>Die Karte der Berliner Veranstaltungen ist unter <a href=\"https:\/\/umap.openstreetmap.fr\/de\/map\/housing-action-map-2024_1039744#11\/52.5200\/13.4102\">diesem Link<\/a> erreichbar.<\/p>\n<p>Die Darstellung aller europ\u00e4ischen Aktivit\u00e4ten sind in dieser <a href=\"http:\/\/u.osmfr.org\/m\/1039744\/\" target=\"_blank\" rel=\"noopener\">Karte.<\/a><\/p>\n<hr \/>\n<h3 id=\"Aufruf: European Action Coalition\">Aufruf: European Action Coalition<\/h3>\n<h4>Wir sind die Nachbarn! Wir organisieren und mobilisieren gemeinsam!<br \/>\nMach mit bei den Housing Action Days 2024: vom 27. M\u00e4rz bis zum 7. April!<\/h4>\n<p>2023 war ein Jahr der wachsenden sozialen Ungleichheit, der Fremdenfeindlichkeit, der Kriminalisierung von Armut und der Repression gegen soziale Bewegungen, Migrant:innen sowie geschlechtliche und ethnische Minderheiten. Es war auch ein Jahr der gro\u00dfen R\u00fcckschl\u00e4ge in Sachen Wohnungsrecht. \u00dcberall in Europa haben steigende Mieten in Verbindung mit steigenden Energie- und Lebensmittelkosten die Menschen an den Rand ihrer Existenz gedr\u00e4ngt.<\/p>\n<p>Die Trends sind \u00fcberall gleich: In Lissabon, Portugal, haben die Mietkosten ein unglaublich hohes Niveau erreicht und machen rund 63% des Durchschnittseinkommens der Einwohner:innen aus. In Frankreich leben Millionen von Menschen in schlechten Wohnverh\u00e4ltnissen, sind obdachlos oder von Zwangsr\u00e4umungen bedroht, w\u00e4hrend sich Paris darauf vorbereitet, sich f\u00fcr die Olympischen Spiele von seiner sch\u00f6nsten Seite zu zeigen. In Schweden werden Migrant:innen diskriminiert und ihnen wird der Zugang zu Sozialwohnungen verwehrt. In Rum\u00e4nien und anderswo verwandeln Stadterneuerungsprogramme die St\u00e4dte und die geschaffene Infrastruktur in Finanzanlagen. Menschen mit geringem Einkommen sind gezwungen, in \u00fcberf\u00fcllten H\u00e4usern oder informellen Siedlungen Zuflucht zu suchen. Zeltlager sind selbst in den reichsten St\u00e4dten und Regionen Europas allt\u00e4glich geworden. In der Zwischenzeit unterst\u00fctzen die nationalen Regierungen und die europ\u00e4ischen Institutionen weiterhin private Investoren und den Immobilienmarkt, anstatt sich auf die Seite der Menschen zu stellen.<\/p>\n<p>Dennoch sind Tausende von uns auf die Stra\u00dfe gegangen, um ihre Unzufriedenheit zum Ausdruck zu bringen. Wir haben kollektiven Widerstand organisiert und neue Ideen und L\u00f6sungen f\u00fcr eine gerechtere und integrativere Stadt, f\u00fcr gleiche Rechte und den Zugang zu angemessenem, bezahlbarem, stabilem und \u00f6kologischem Wohnraum entwickelt.<\/p>\n<p>\u00dcberall organisieren wir uns an verschiedenen Kampffronten. In Prag sind wir Menschen, die von Obdachlosigkeit betroffen sind, und wir fordern massive staatliche Investitionen in bezahlbaren Wohnraum. Wir sind Mieterinnen und Mieter in ganz Europa, die sich in neuen emanzipatorischen Gewerkschaften und Nachbarschaftskollektiven selbstorganisiert haben. Wir k\u00e4mpfen gegen Vermieterkonzerne und multinationale Privatinvestoren. Wir sind Roma, die gegen institutionellen Rassismus k\u00e4mpfen. Wir sind Migrant:innen, die ihr bedingungsloses Recht auf die Stadt und auf angemessenen Wohnraum verteidigen. Wir sind Menschen, die in Leuchtt\u00fcrmen und anderen vor\u00fcbergehenden Unterk\u00fcnften leben. Wir k\u00e4mpfen f\u00fcr die Anwendung des Gesetzes, das unser Recht garantiert, auf \u00f6ffentlichem oder privatem Grund zu leben. Stattdessen werden wir kriminalisiert, unsere H\u00e4user werden abgerissen, ohne dass es einen Vorschlag f\u00fcr eine neue Unterkunft gibt. In Zypern, Griechenland, Irland und Spanien sind wir arme Hausbesitzer:innen, die gegen unrechtm\u00e4\u00dfige Hypotheken k\u00e4mpfen, die zu Zwangsversteigerungen oder Zwangsr\u00e4umungen f\u00fchren. In Portugal organisieren wir Volksabstimmungen, um die Ferienvermietung und die Touristifizierung einzud\u00e4mmen oder Gro\u00dfgrundbesitzer zu enteignen. In Serbien, Deutschland, Portugal und Italien stoppen wir Zwangsr\u00e4umungen allein durch den Einsatz unseres K\u00f6rpers. \u00dcberall k\u00e4mpfen wir weiterhin f\u00fcr die Aufstockung des \u00f6ffentlichen Wohnungsbestands mit verschiedenen Mitteln, um einen erheblichen Teil der H\u00e4user dem Immobilienmarkt zu entziehen.<\/p>\n<p>Auch in diesem Jahr rufen wir, das Europ\u00e4ische Aktionsb\u00fcndnis f\u00fcr das Recht auf Wohnen und auf Stadt, zu einer gemeinsamen Aktionswoche auf. Lasst uns eine starke Haltung gegen\u00fcber denen einnehmen, die uns unsere Grundrechte vorenthalten! Lasst uns \u00fcberall und gleichzeitig f\u00fcr unser Recht auf Wohnen und auf die Stadt eintreten.<\/p>\n<p>Vom 27. M\u00e4rz bis zum 7. April 2024 werden wir in so vielen St\u00e4dten wie m\u00f6glich auf die Stra\u00dfe gehen! Wir werden gesehen werden, wir werden geh\u00f6rt werden und wir werden Seite an Seite k\u00e4mpfen!<\/p>\n<p><strong>Schlie\u00dft euch den Housing Action Days 2024 an!<\/strong><\/p>\n<p><strong>Wir fordern:<\/strong><\/p>\n<ul>\n<li>Wohnen und Grund und Boden m\u00fcssen ein \u00f6ffentliches Gut sein! Schluss mit der Bodenspekulation durch Vergesellschaftung von Grundeigentum und gro\u00dfen Wohnungsbaugesellschaften und massive Investitionen des Staatesin den sozialen Wohnungsbau.<\/li>\n<li>Demokratische Stadtplanung! Wir brauchen eine st\u00e4ndige demokratische Debatte \u00fcber Stadtplanung und Wohnungspolitik, um Spekulation und Gentrifizierung zu stoppen und die Rechte von Mietern zu st\u00e4rken.<\/li>\n<li>Eine radikale Wende in der Stadt- und Territorialpolitik! F\u00fcr eine solidarische und \u00f6kologische Stadt- und Raumentwicklung!<\/li>\n<li>Alternativer Wohnraum sollte ein Recht sein! Hausbesetzungen und andere Besetzungen sollten nicht kriminalisiert oder bestraft werden, sondern als alternative L\u00f6sungen f\u00fcr Wohnraum und kollektive Organisierung unterst\u00fctzt werden.<\/li>\n<li>Schluss mit der Obdachlosigkeit! Wir fordern einen klaren Plan mit geeigneten Mitteln, um Menschen mit angemessenen und stabilen Wohnl\u00f6sungen zu versorgen.<\/li>\n<li>Schluss mit Zwangsr\u00e4umungen! Umquartierung! Wintermoratorien f\u00fcr Zwangsr\u00e4umungen sollten ein erster Schritt zur Achtung der grundlegenden Menschenrechte sein.<\/li>\n<li>R\u00fccknahme leerstehender Wohnungen und Geb\u00e4ude von lokalen und zentralen Beh\u00f6rden und Umwandlung in erschwingliche Sozialwohnungen!<\/li>\n<li>Eine europaweite Senkung der Mieten! Die Kontrolle von Mieten und Immobilienpreisen sowohl f\u00fcr \u00f6ffentlichen als auch f\u00fcr privaten Wohnraum.<\/li>\n<\/ul>\n<hr \/>\n<h3 id=\"Call: European Action Coalition\">Call: European Action Coalition<\/h3>\n<p><strong>We are the neighbours! We organize and mobilize together!<\/strong><br \/>\n<strong>Join the Housing Action Days 2024: from the 29th of March to the 7th of April!<\/strong><\/p>\n<p><img loading=\"lazy\" decoding=\"async\" class=\"alignleft size-full wp-image-15329\" src=\"https:\/\/www.mietenwahnsinn.info\/aktuelles\/wp-content\/uploads\/sites\/10\/2023\/03\/had2023-logo-klein.jpg\" alt=\"\" width=\"150\" height=\"150\" \/>2023 has been a year of growing social inequality, xenophobia, criminalisation of poverty, and repression against social movements, immigrants, and gendered and ethnic minorities. It has also been a year of major setbacks in housing rights. All across Europe, rising rents coupled with soaring costs of energy and food supplies have pushed people into marginal living conditions.<\/p>\n<p>Trends are the same everywhere: in Portugal, Lisbon rental costs have reached incredibly high levels, accounting for around 63% of residents\u2019 average income. In France, millions of people live in poor living conditions, are homeless or face forced evictions while Paris is preparing to show its most glamorous face for the Olympic Games. In Sweden, migrants are being discriminated against and banned from access to social housing. In Romania and elsewhere, urban regeneration programs transform the cities and the built environment into financial assets. Low-income people are forced to seek refuge in overcrowded houses or informal settlements. Tent camps have become commonplace even in Europe\u2019s richest cities and regions. In the meantime, National governments and European institutions continue to support private investors and the real estate market instead of standing with the people.<\/p>\n<p>Nevertheless, thousands of us have taken to the streets to voice our discontent. We have organised collective resistance and generated new ideas and solutions for a more just and inclusive city, for equal rights and access to decent, affordable, stable, ecological housing.<\/p>\n<p>Everywhere, we organize on diverse fronts of struggle. In Prague, we are people experiencing homelessness, and we demand massive state investment in affordable housing. We are tenants throughout Europe, self-organised in new emancipatory unions and neighbourhood collectives. We fight against corporate landlords and multinational private investors. We are Roma people contesting institutional racism. We are immigrants defending our unconditional right to the city and decent housing. We are people living in lighthouses and other ephemeral housing. We fight to apply the law that guarantees our right to live on public or private land. Instead, we are being criminalised, our homes are being demolished without any proposal for re-housing. In Cyprus, Greece, Ireland, Spain we are poor homeowners fighting against illegitimate mortgages leading to foreclosures or forced evictions. We organize popular referendums in Portugal to curb holiday rentals and touristification or expropriate big landlords. In Serbia, Germany, Portugal, and Italy, we stop evictions by the mere use of our bodies. Everywhere, we continue to struggle to increase public housing stock by different means to extract a significant part of houses from the real estate market.<\/p>\n<p>This year, we, the European Action Coalition for the right to housing and to the city, call for another week of common action. Let\u2019s take a powerful stance against those who deprive us of our basic rights! Let us roar for our right to housing and to the city everywhere and at the same time.<\/p>\n<p>From the 27th of March to the 7th of April, 2024, we will take the streets in as many cities as possible! We will be seen, we will be heard, and we will fight side by side!<br \/>\n<strong>Join the Housing Action Days 2024!<\/strong><\/p>\n<p><strong>We demand:<\/strong><\/p>\n<ul>\n<li>Housing and land must be a public good! End to land speculation through the socialisation of land ownership and large housing companies and the massive investment of the states to the social housing sector.<\/li>\n<li>Democratic city planning! We need a permanent democratic debate on urban planning and housing policies to stop speculation and gentrification and strengthen tenants\u2019 rights.<\/li>\n<li>A radical change in urban and territorial policy! For a solidarity-based and ecological urban and territorial development!<\/li>\n<li>Alternative housing should be a right! Squats and other occupations should not be criminalised or penalised but rather supported as alternative solutions for housing and collective organizing.<\/li>\n<li>End of Homelessness! We demand a clear plan with appropriate means to provide people with decent and stable housing solutions.<\/li>\n<li>End of forced evictions! Rehousing! Winter moratoriums on evictions should be a first step towards the respect of basic human rights.<\/li>\n<li>The Requisition of empty housing and buildings from local and central public authorities and their transformation into affordable public housing!<\/li>\n<li>A rent decrease across Europe! The control on rent and property prices for both public and private housing.<\/li>\n<\/ul>\n<p>Link:\u00a0 <a href=\"https:\/\/housingnotprofit.org\/housing-action-days-2024\/\" target=\"_blank\" rel=\"noopener\">European Action Coalition<\/a><\/p>\n<div class=\"shariff shariff-align-flex-start shariff-widget-align-flex-start\"><div class=\"ShariffHeadline\">Teile diesen Beitrag!<\/div><ul class=\"shariff-buttons theme-white orientation-horizontal buttonsize-medium\"><li class=\"shariff-button twitter shariff-nocustomcolor\" style=\"background-color:#595959\"><a href=\"https:\/\/twitter.com\/share?url=https%3A%2F%2Fwww.mietenwahnsinn.info%2F2026%2Faktionstage-zum-had-2024%2F&text=Aktionstage%20zum%20HAD%202024\" title=\"Bei X teilen\" aria-label=\"Bei X teilen\" role=\"button\" rel=\"noopener nofollow\" class=\"shariff-link\" style=\"; background-color:#000; color:#000\" target=\"_blank\"><span class=\"shariff-icon\" style=\"fill:#000\"><svg width=\"32px\" height=\"20px\" xmlns=\"http:\/\/www.w3.org\/2000\/svg\" viewBox=\"0 0 24 24\"><path fill=\"#000\" d=\"M14.258 10.152L23.176 0h-2.113l-7.747 8.813L7.133 0H0l9.352 13.328L0 23.973h2.113l8.176-9.309 6.531 9.309h7.133zm-2.895 3.293l-.949-1.328L2.875 1.56h3.246l6.086 8.523.945 1.328 7.91 11.078h-3.246zm0 0\"\/><\/svg><\/span><span class=\"shariff-text\" style=\"color:#000\">teilen<\/span>&nbsp;<\/a><\/li><li class=\"shariff-button facebook shariff-nocustomcolor\" style=\"background-color:#4273c8\"><a href=\"https:\/\/www.facebook.com\/sharer\/sharer.php?u=https%3A%2F%2Fwww.mietenwahnsinn.info%2F2026%2Faktionstage-zum-had-2024%2F\" title=\"Bei Facebook teilen\" aria-label=\"Bei Facebook teilen\" role=\"button\" rel=\"nofollow\" class=\"shariff-link\" style=\"; background-color:#3b5998; color:#3b5998\" target=\"_blank\"><span class=\"shariff-icon\" style=\"fill:#3b5998\"><svg width=\"32px\" height=\"20px\" xmlns=\"http:\/\/www.w3.org\/2000\/svg\" viewBox=\"0 0 18 32\"><path fill=\"#3b5998\" d=\"M17.1 0.2v4.7h-2.8q-1.5 0-2.1 0.6t-0.5 1.9v3.4h5.2l-0.7 5.3h-4.5v13.6h-5.5v-13.6h-4.5v-5.3h4.5v-3.9q0-3.3 1.9-5.2t5-1.8q2.6 0 4.1 0.2z\"\/><\/svg><\/span><span class=\"shariff-text\" style=\"color:#3b5998\">teilen<\/span>&nbsp;<\/a><\/li><li class=\"shariff-button mailto shariff-nocustomcolor\" style=\"background-color:#a8a8a8\"><a href=\"mailto:?body=https%3A%2F%2Fwww.mietenwahnsinn.info%2F2026%2Faktionstage-zum-had-2024%2F&subject=Aktionstage%20zum%20HAD%202024\" title=\"Per E-Mail versenden\" aria-label=\"Per E-Mail versenden\" role=\"button\" rel=\"noopener nofollow\" class=\"shariff-link\" style=\"; background-color:#999; color:#999\"><span class=\"shariff-icon\" style=\"fill:#999\"><svg width=\"32px\" height=\"20px\" xmlns=\"http:\/\/www.w3.org\/2000\/svg\" viewBox=\"0 0 32 32\"><path fill=\"#999\" d=\"M32 12.7v14.2q0 1.2-0.8 2t-2 0.9h-26.3q-1.2 0-2-0.9t-0.8-2v-14.2q0.8 0.9 1.8 1.6 6.5 4.4 8.9 6.1 1 0.8 1.6 1.2t1.7 0.9 2 0.4h0.1q0.9 0 2-0.4t1.7-0.9 1.6-1.2q3-2.2 8.9-6.1 1-0.7 1.8-1.6zM32 7.4q0 1.4-0.9 2.7t-2.2 2.2q-6.7 4.7-8.4 5.8-0.2 0.1-0.7 0.5t-1 0.7-0.9 0.6-1.1 0.5-0.9 0.2h-0.1q-0.4 0-0.9-0.2t-1.1-0.5-0.9-0.6-1-0.7-0.7-0.5q-1.6-1.1-4.7-3.2t-3.6-2.6q-1.1-0.7-2.1-2t-1-2.5q0-1.4 0.7-2.3t2.1-0.9h26.3q1.2 0 2 0.8t0.9 2z\"\/><\/svg><\/span><span class=\"shariff-text\" style=\"color:#999\">E-Mail<\/span>&nbsp;<\/a><\/li><\/ul><\/div>","protected":false},"excerpt":{"rendered":"<p>Aufruf \u2014\u00a0Aktion einreichen \u2014 Aufruf: European Action Coalition\u00a0 \u2014 Call: European Action Coalition Housing not Profit \u2012 Aktionswoche gegen #Wohnkrise und #Mietenwahnsinn in Europa und in Berlin Zeigen wir \u00f6ffentlich [&hellip;]<\/p>\n","protected":false},"author":21,"featured_media":0,"parent":0,"menu_order":0,"comment_status":"closed","ping_status":"closed","template":"page-templates\/full-width.php","meta":{"_acf_changed":false,"footnotes":""},"class_list":["post-15871","page","type-page","status-publish","hentry"],"acf":[],"_links":{"self":[{"href":"https:\/\/www.mietenwahnsinn.info\/2026\/wp-json\/wp\/v2\/pages\/15871","targetHints":{"allow":["GET"]}}],"collection":[{"href":"https:\/\/www.mietenwahnsinn.info\/2026\/wp-json\/wp\/v2\/pages"}],"about":[{"href":"https:\/\/www.mietenwahnsinn.info\/2026\/wp-json\/wp\/v2\/types\/page"}],"author":[{"embeddable":true,"href":"https:\/\/www.mietenwahnsinn.info\/2026\/wp-json\/wp\/v2\/users\/21"}],"replies":[{"embeddable":true,"href":"https:\/\/www.mietenwahnsinn.info\/2026\/wp-json\/wp\/v2\/comments?post=15871"}],"version-history":[{"count":5,"href":"https:\/\/www.mietenwahnsinn.info\/2026\/wp-json\/wp\/v2\/pages\/15871\/revisions"}],"predecessor-version":[{"id":16099,"href":"https:\/\/www.mietenwahnsinn.info\/2026\/wp-json\/wp\/v2\/pages\/15871\/revisions\/16099"}],"wp:attachment":[{"href":"https:\/\/www.mietenwahnsinn.info\/2026\/wp-json\/wp\/v2\/media?parent=15871"}],"curies":[{"name":"wp","href":"https:\/\/api.w.org\/{rel}","templated":true}]}}