{"id":15168,"date":"2022-06-08T11:34:26","date_gmt":"2022-06-08T09:34:26","guid":{"rendered":"https:\/\/www.mietenwahnsinn.info\/aktuelles\/?page_id=15168"},"modified":"2023-03-03T12:54:12","modified_gmt":"2023-03-03T11:54:12","slug":"demonstration-am-22-06-2022","status":"publish","type":"page","link":"https:\/\/www.mietenwahnsinn.info\/2026\/demonstration-am-22-06-2022\/","title":{"rendered":"Demonstration am 22.06.2022"},"content":{"rendered":"<h2>Mittwoch 22.06. um 16:30 Uhr: W\u00fctende Krach-Demonstration<\/h2>\n<h3 style=\"text-align: center;\">Aufruf \u2014 <a href=\"#Plakat\">Plakat<\/a> \u2014 <a href=\"#Karte\">Karte<\/a><\/h3>\n<h3 style=\"text-align: center;\">Aufruf<\/h3>\n<h4>UNSERE STADT! UNSERE ZUKUNFT! Gegen den \u201eTag der Immobilienwirtschaft&#8220;<\/h4>\n<p><img loading=\"lazy\" decoding=\"async\" class=\"alignleft size-full wp-image-15187\" src=\"https:\/\/www.mietenwahnsinn.info\/aktuelles\/wp-content\/uploads\/sites\/10\/2022\/06\/2022-06-22-demo3.jpg\" alt=\"\" width=\"360\" height=\"360\" srcset=\"https:\/\/www.mietenwahnsinn.info\/2026\/wp-content\/uploads\/sites\/10\/2022\/06\/2022-06-22-demo3.jpg 360w, https:\/\/www.mietenwahnsinn.info\/2026\/wp-content\/uploads\/sites\/10\/2022\/06\/2022-06-22-demo3-300x300.jpg 300w, https:\/\/www.mietenwahnsinn.info\/2026\/wp-content\/uploads\/sites\/10\/2022\/06\/2022-06-22-demo3-150x150.jpg 150w\" sizes=\"auto, (max-width: 360px) 100vw, 360px\" \/>Am 22.06.2022 soll mitten in Kreuzberg der \u201eTag der Immobilienwirtschaft&#8220; stattfinden. Es ist der h\u00f6chste Feiertag f\u00fcr die Branche, mit 3.000 Teilnehmenden und Polit-Prominenz (von EU- \u00fcber Bau- und Finanzminister*in bis Friedrich Merz).<\/p>\n<p>Eine der Veranstaltungen auf dem \u201eTag der Immobilienwirtschaft&#8220; soll lauten: \u201eZUKUNFT: Die Stadt von morgen entwickeln wir heute. &#8220; Das sehen wir ganz anders: Eure Zeit als Immobilienkonzerne ist abgelaufen, die Stadt der Zukunft werden WIR als Mieter*innen und Bewohner*innen gemeinsam gestalten.<\/p>\n<p>Mietendeckel und Vorkaufsrecht wurden nach Klagen der Immobilienwirtschaft gekippt. Alternative Projekte werden zerschlagen, der Habersaathstra\u00dfe droht R\u00e4umung und Abriss, Wohnraum steht aus Spekulationsgr\u00fcnden leer, und gebaut werden Luxuswohnungen und teure B\u00fcros. Vielen von uns dr\u00fcckt die hohe Miete die Luft zum Leben ab, immer mehr Menschen landen auf der Stra\u00dfe. W\u00e4hrend es richtig eng wird mit Inflation, Wohnungsnot und Pandemie und zus\u00e4tzlich krasse Steigerungen der Nebenkosten drohen, feiert Vonovia den h\u00f6chsten Gewinn seiner Firmengeschichte und k\u00fcndigt weitere Mieterh\u00f6hungen an.<\/p>\n<p>W\u00e4hrend wir um unser Zuhause und unsere Stadt k\u00e4mpfen, fantasieren die Funktion\u00e4r*innen des Mietenwahnsinns von Digitalisierung, einer \u201eklimaneutralen Branche&#8220; und \u201eDisruption&#8220;. Aber Berlin ist kein Startup, unser Zuhause ist keine Assetklasse und unsere Zukunft ist kein Finanzierungsmodell!<\/p>\n<p>Lasst uns den \u201eTag der Immobilienwirtschaft&#8220; in einen Feiertag des Widerstandes verwandeln und gemeinsam auf die Stra\u00dfe gehen f\u00fcr eine Stadt, in der alle Menschen mit bezahlbaren Mieten ohne Angst leben und wohnen k\u00f6nnen.<\/p>\n<p>Das Programm am \u201eTag der Immobilienwirtschaft&#8220; in der STATION (Luckenwalder Str. 4-6) geht von 13 bis 18 Uhr, anschlie\u00dfend ist vor Ort ein informelles <a href=\"https:\/\/zia-deutschland.de\/tdi-2022\" target=\"_blank\" rel=\"noopener\">\u201eGet Together&#8220;<\/a> geplant.<\/p>\n<p><strong>Demo-Route:<\/strong> Start am Bl\u00fccherplatz \u2013 Mehringdamm \u2013 Yorckstra\u00dfe \u2013 Gro\u00dfbeerenstra\u00dfe \u2013 Obentrautstra\u00dfe \u2013 M\u00f6ckernstra\u00dfe \u2013 Tempelhofer Ufer \u2013 Immobilientag Luckenwalder Str.<\/p>\n<p><strong>Kommt bitte p\u00fcnktlich, weil wir z\u00fcgig loslaufen wollen und bringt L\u00e4rminstrumente mit.<\/strong><\/p>\n<p>Berliner B\u00fcndnis gegen #Mietenwahnsinn und Verdr\u00e4ngung<\/p>\n<hr \/>\n<h3 id=\"Plakat\" style=\"text-align: center;\">Plakat<\/h3>\n<p><strong>Plakat zum <a href=\"https:\/\/www.mietenwahnsinn.info\/aktuelles\/wp-content\/uploads\/sites\/10\/2022\/06\/2022-06-22-demo1.pdf\" target=\"_blank\" rel=\"noopener\">Download<\/a><\/strong><\/p>\n<p><img loading=\"lazy\" decoding=\"async\" class=\"aligncenter size-full wp-image-15198\" src=\"https:\/\/www.mietenwahnsinn.info\/aktuelles\/wp-content\/uploads\/sites\/10\/2022\/06\/2022-flyer-immobilientag.jpg\" alt=\"\" width=\"680\" height=\"680\" srcset=\"https:\/\/www.mietenwahnsinn.info\/2026\/wp-content\/uploads\/sites\/10\/2022\/06\/2022-flyer-immobilientag.jpg 680w, https:\/\/www.mietenwahnsinn.info\/2026\/wp-content\/uploads\/sites\/10\/2022\/06\/2022-flyer-immobilientag-300x300.jpg 300w, https:\/\/www.mietenwahnsinn.info\/2026\/wp-content\/uploads\/sites\/10\/2022\/06\/2022-flyer-immobilientag-150x150.jpg 150w, https:\/\/www.mietenwahnsinn.info\/2026\/wp-content\/uploads\/sites\/10\/2022\/06\/2022-flyer-immobilientag-624x624.jpg 624w\" sizes=\"auto, (max-width: 680px) 100vw, 680px\" \/><\/p>\n<h4><\/h4>\n<hr \/>\n<h3 id=\"Karte\" style=\"text-align: center;\">Karte<\/h3>\n<p><img loading=\"lazy\" decoding=\"async\" class=\"aligncenter size-full wp-image-15196\" src=\"https:\/\/www.mietenwahnsinn.info\/aktuelles\/wp-content\/uploads\/sites\/10\/2022\/06\/karte-tdiw.jpg\" alt=\"\" width=\"980\" height=\"695\" srcset=\"https:\/\/www.mietenwahnsinn.info\/2026\/wp-content\/uploads\/sites\/10\/2022\/06\/karte-tdiw.jpg 980w, https:\/\/www.mietenwahnsinn.info\/2026\/wp-content\/uploads\/sites\/10\/2022\/06\/karte-tdiw-300x213.jpg 300w, https:\/\/www.mietenwahnsinn.info\/2026\/wp-content\/uploads\/sites\/10\/2022\/06\/karte-tdiw-768x545.jpg 768w, https:\/\/www.mietenwahnsinn.info\/2026\/wp-content\/uploads\/sites\/10\/2022\/06\/karte-tdiw-624x443.jpg 624w\" sizes=\"auto, (max-width: 980px) 100vw, 980px\" \/><\/p>\n<hr \/>\n<div class=\"shariff shariff-align-flex-start shariff-widget-align-flex-start\"><div class=\"ShariffHeadline\">Teile diesen Beitrag!<\/div><ul class=\"shariff-buttons theme-white orientation-horizontal buttonsize-medium\"><li class=\"shariff-button twitter shariff-nocustomcolor\" style=\"background-color:#595959\"><a href=\"https:\/\/twitter.com\/share?url=https%3A%2F%2Fwww.mietenwahnsinn.info%2F2026%2Fdemonstration-am-22-06-2022%2F&text=Demonstration%20am%2022.06.2022\" title=\"Bei X teilen\" aria-label=\"Bei X teilen\" role=\"button\" rel=\"noopener nofollow\" class=\"shariff-link\" style=\"; background-color:#000; color:#000\" target=\"_blank\"><span class=\"shariff-icon\" style=\"fill:#000\"><svg width=\"32px\" height=\"20px\" xmlns=\"http:\/\/www.w3.org\/2000\/svg\" viewBox=\"0 0 24 24\"><path fill=\"#000\" d=\"M14.258 10.152L23.176 0h-2.113l-7.747 8.813L7.133 0H0l9.352 13.328L0 23.973h2.113l8.176-9.309 6.531 9.309h7.133zm-2.895 3.293l-.949-1.328L2.875 1.56h3.246l6.086 8.523.945 1.328 7.91 11.078h-3.246zm0 0\"\/><\/svg><\/span><span class=\"shariff-text\" style=\"color:#000\">teilen<\/span>&nbsp;<\/a><\/li><li class=\"shariff-button facebook shariff-nocustomcolor\" style=\"background-color:#4273c8\"><a href=\"https:\/\/www.facebook.com\/sharer\/sharer.php?u=https%3A%2F%2Fwww.mietenwahnsinn.info%2F2026%2Fdemonstration-am-22-06-2022%2F\" title=\"Bei Facebook teilen\" aria-label=\"Bei Facebook teilen\" role=\"button\" rel=\"nofollow\" class=\"shariff-link\" style=\"; background-color:#3b5998; color:#3b5998\" target=\"_blank\"><span class=\"shariff-icon\" style=\"fill:#3b5998\"><svg width=\"32px\" height=\"20px\" xmlns=\"http:\/\/www.w3.org\/2000\/svg\" viewBox=\"0 0 18 32\"><path fill=\"#3b5998\" d=\"M17.1 0.2v4.7h-2.8q-1.5 0-2.1 0.6t-0.5 1.9v3.4h5.2l-0.7 5.3h-4.5v13.6h-5.5v-13.6h-4.5v-5.3h4.5v-3.9q0-3.3 1.9-5.2t5-1.8q2.6 0 4.1 0.2z\"\/><\/svg><\/span><span class=\"shariff-text\" style=\"color:#3b5998\">teilen<\/span>&nbsp;<\/a><\/li><li class=\"shariff-button mailto shariff-nocustomcolor\" style=\"background-color:#a8a8a8\"><a href=\"mailto:?body=https%3A%2F%2Fwww.mietenwahnsinn.info%2F2026%2Fdemonstration-am-22-06-2022%2F&subject=Demonstration%20am%2022.06.2022\" title=\"Per E-Mail versenden\" aria-label=\"Per E-Mail versenden\" role=\"button\" rel=\"noopener nofollow\" class=\"shariff-link\" style=\"; background-color:#999; color:#999\"><span class=\"shariff-icon\" style=\"fill:#999\"><svg width=\"32px\" height=\"20px\" xmlns=\"http:\/\/www.w3.org\/2000\/svg\" viewBox=\"0 0 32 32\"><path fill=\"#999\" d=\"M32 12.7v14.2q0 1.2-0.8 2t-2 0.9h-26.3q-1.2 0-2-0.9t-0.8-2v-14.2q0.8 0.9 1.8 1.6 6.5 4.4 8.9 6.1 1 0.8 1.6 1.2t1.7 0.9 2 0.4h0.1q0.9 0 2-0.4t1.7-0.9 1.6-1.2q3-2.2 8.9-6.1 1-0.7 1.8-1.6zM32 7.4q0 1.4-0.9 2.7t-2.2 2.2q-6.7 4.7-8.4 5.8-0.2 0.1-0.7 0.5t-1 0.7-0.9 0.6-1.1 0.5-0.9 0.2h-0.1q-0.4 0-0.9-0.2t-1.1-0.5-0.9-0.6-1-0.7-0.7-0.5q-1.6-1.1-4.7-3.2t-3.6-2.6q-1.1-0.7-2.1-2t-1-2.5q0-1.4 0.7-2.3t2.1-0.9h26.3q1.2 0 2 0.8t0.9 2z\"\/><\/svg><\/span><span class=\"shariff-text\" style=\"color:#999\">E-Mail<\/span>&nbsp;<\/a><\/li><\/ul><\/div>","protected":false},"excerpt":{"rendered":"<p>Mittwoch 22.06. um 16:30 Uhr: W\u00fctende Krach-Demonstration Aufruf \u2014 Plakat \u2014 Karte Aufruf UNSERE STADT! UNSERE ZUKUNFT! Gegen den \u201eTag der Immobilienwirtschaft&#8220; Am 22.06.2022 soll mitten in Kreuzberg der \u201eTag [&hellip;]<\/p>\n","protected":false},"author":21,"featured_media":0,"parent":0,"menu_order":0,"comment_status":"closed","ping_status":"closed","template":"page-templates\/full-width.php","meta":{"_acf_changed":false,"footnotes":""},"class_list":["post-15168","page","type-page","status-publish","hentry"],"acf":[],"_links":{"self":[{"href":"https:\/\/www.mietenwahnsinn.info\/2026\/wp-json\/wp\/v2\/pages\/15168","targetHints":{"allow":["GET"]}}],"collection":[{"href":"https:\/\/www.mietenwahnsinn.info\/2026\/wp-json\/wp\/v2\/pages"}],"about":[{"href":"https:\/\/www.mietenwahnsinn.info\/2026\/wp-json\/wp\/v2\/types\/page"}],"author":[{"embeddable":true,"href":"https:\/\/www.mietenwahnsinn.info\/2026\/wp-json\/wp\/v2\/users\/21"}],"replies":[{"embeddable":true,"href":"https:\/\/www.mietenwahnsinn.info\/2026\/wp-json\/wp\/v2\/comments?post=15168"}],"version-history":[{"count":5,"href":"https:\/\/www.mietenwahnsinn.info\/2026\/wp-json\/wp\/v2\/pages\/15168\/revisions"}],"predecessor-version":[{"id":15324,"href":"https:\/\/www.mietenwahnsinn.info\/2026\/wp-json\/wp\/v2\/pages\/15168\/revisions\/15324"}],"wp:attachment":[{"href":"https:\/\/www.mietenwahnsinn.info\/2026\/wp-json\/wp\/v2\/media?parent=15168"}],"curies":[{"name":"wp","href":"https:\/\/api.w.org\/{rel}","templated":true}]}}