{"id":14843,"date":"2022-02-15T16:04:32","date_gmt":"2022-02-15T15:04:32","guid":{"rendered":"https:\/\/www.mietenwahnsinn.info\/aktuelles\/?page_id=14843"},"modified":"2023-03-03T12:51:16","modified_gmt":"2023-03-03T11:51:16","slug":"aktionstage-zum-had-2022","status":"publish","type":"page","link":"https:\/\/www.mietenwahnsinn.info\/2026\/aktionstage-zum-had-2022\/","title":{"rendered":"Aktionstage zum HAD 2022"},"content":{"rendered":"<h3>Aktionstage zum HAD 2022<\/h3>\n<p><strong>Flyer zum Ausdrucken, Verteilen&#8230; <\/strong>(schwarz-wei\u00df; A4) als <a href=\"https:\/\/www.mietenwahnsinn.info\/aktuelles\/wp-content\/uploads\/sites\/10\/2022\/03\/2022-flyer-aktionstage-a4.pdf\" target=\"_blank\" rel=\"noopener\">PDF-Datei<\/a><\/p>\n<hr \/>\n<p><strong>Sharepics f\u00fcr eure Webseiten, Facebook, Twitter<\/strong><\/p>\n\n\t\t<style type=\"text\/css\">\n\t\t\t#gallery-1 {\n\t\t\t\tmargin: auto;\n\t\t\t}\n\t\t\t#gallery-1 .gallery-item {\n\t\t\t\tfloat: left;\n\t\t\t\tmargin-top: 10px;\n\t\t\t\ttext-align: center;\n\t\t\t\twidth: 25%;\n\t\t\t}\n\t\t\t#gallery-1 img {\n\t\t\t\tborder: 2px solid #cfcfcf;\n\t\t\t}\n\t\t\t#gallery-1 .gallery-caption {\n\t\t\t\tmargin-left: 0;\n\t\t\t}\n\t\t\t\/* see gallery_shortcode() in wp-includes\/media.php *\/\n\t\t<\/style>\n\t\t<div id='gallery-1' class='gallery galleryid-14843 gallery-columns-4 gallery-size-medium'><dl class='gallery-item'>\n\t\t\t<dt class='gallery-icon portrait'>\n\t\t\t\t<a href='https:\/\/www.mietenwahnsinn.info\/2026\/aktionstage-zum-had-2022\/aktionswoche_mietenwahnsinn_flyer\/'><img loading=\"lazy\" decoding=\"async\" width=\"212\" height=\"300\" src=\"https:\/\/www.mietenwahnsinn.info\/2026\/wp-content\/uploads\/sites\/10\/2022\/03\/aktionswoche-mietenwahnsinn-flyer-212x300.png\" class=\"attachment-medium size-medium\" alt=\"\" aria-describedby=\"gallery-1-14925\" srcset=\"https:\/\/www.mietenwahnsinn.info\/2026\/wp-content\/uploads\/sites\/10\/2022\/03\/aktionswoche-mietenwahnsinn-flyer-212x300.png 212w, https:\/\/www.mietenwahnsinn.info\/2026\/wp-content\/uploads\/sites\/10\/2022\/03\/aktionswoche-mietenwahnsinn-flyer.png 595w\" sizes=\"auto, (max-width: 212px) 100vw, 212px\" \/><\/a>\n\t\t\t<\/dt>\n\t\t\t\t<dd class='wp-caption-text gallery-caption' id='gallery-1-14925'>\n\t\t\t\tAktionswoche Mietenwahnsinn\n\t\t\t\t<\/dd><\/dl><dl class='gallery-item'>\n\t\t\t<dt class='gallery-icon portrait'>\n\t\t\t\t<a href='https:\/\/www.mietenwahnsinn.info\/2026\/aktionstage-zum-had-2022\/aktionswoche_mietenwahnsinn_flyer_gross\/'><img loading=\"lazy\" decoding=\"async\" width=\"212\" height=\"300\" src=\"https:\/\/www.mietenwahnsinn.info\/2026\/wp-content\/uploads\/sites\/10\/2022\/03\/aktionswoche-mietenwahnsinn-flyer-gross-212x300.png\" class=\"attachment-medium size-medium\" alt=\"\" aria-describedby=\"gallery-1-14926\" srcset=\"https:\/\/www.mietenwahnsinn.info\/2026\/wp-content\/uploads\/sites\/10\/2022\/03\/aktionswoche-mietenwahnsinn-flyer-gross-212x300.png 212w, https:\/\/www.mietenwahnsinn.info\/2026\/wp-content\/uploads\/sites\/10\/2022\/03\/aktionswoche-mietenwahnsinn-flyer-gross-724x1024.png 724w, https:\/\/www.mietenwahnsinn.info\/2026\/wp-content\/uploads\/sites\/10\/2022\/03\/aktionswoche-mietenwahnsinn-flyer-gross-768x1086.png 768w, https:\/\/www.mietenwahnsinn.info\/2026\/wp-content\/uploads\/sites\/10\/2022\/03\/aktionswoche-mietenwahnsinn-flyer-gross-1086x1536.png 1086w, https:\/\/www.mietenwahnsinn.info\/2026\/wp-content\/uploads\/sites\/10\/2022\/03\/aktionswoche-mietenwahnsinn-flyer-gross-624x883.png 624w, https:\/\/www.mietenwahnsinn.info\/2026\/wp-content\/uploads\/sites\/10\/2022\/03\/aktionswoche-mietenwahnsinn-flyer-gross.png 1240w\" sizes=\"auto, (max-width: 212px) 100vw, 212px\" \/><\/a>\n\t\t\t<\/dt>\n\t\t\t\t<dd class='wp-caption-text gallery-caption' id='gallery-1-14926'>\n\t\t\t\tAktionswoche Mietenwahnsinn gross\n\t\t\t\t<\/dd><\/dl><dl class='gallery-item'>\n\t\t\t<dt class='gallery-icon landscape'>\n\t\t\t\t<a href='https:\/\/www.mietenwahnsinn.info\/2026\/aktionstage-zum-had-2022\/aktionswoche_mietenwahnsinn_flyer_quadrat\/'><img loading=\"lazy\" decoding=\"async\" width=\"300\" height=\"300\" src=\"https:\/\/www.mietenwahnsinn.info\/2026\/wp-content\/uploads\/sites\/10\/2022\/03\/aktionswoche-mietenwahnsinn-flyer-quadrat-300x300.png\" class=\"attachment-medium size-medium\" alt=\"\" aria-describedby=\"gallery-1-14927\" srcset=\"https:\/\/www.mietenwahnsinn.info\/2026\/wp-content\/uploads\/sites\/10\/2022\/03\/aktionswoche-mietenwahnsinn-flyer-quadrat-300x300.png 300w, https:\/\/www.mietenwahnsinn.info\/2026\/wp-content\/uploads\/sites\/10\/2022\/03\/aktionswoche-mietenwahnsinn-flyer-quadrat-1024x1024.png 1024w, https:\/\/www.mietenwahnsinn.info\/2026\/wp-content\/uploads\/sites\/10\/2022\/03\/aktionswoche-mietenwahnsinn-flyer-quadrat-150x150.png 150w, https:\/\/www.mietenwahnsinn.info\/2026\/wp-content\/uploads\/sites\/10\/2022\/03\/aktionswoche-mietenwahnsinn-flyer-quadrat-768x768.png 768w, https:\/\/www.mietenwahnsinn.info\/2026\/wp-content\/uploads\/sites\/10\/2022\/03\/aktionswoche-mietenwahnsinn-flyer-quadrat-624x624.png 624w, https:\/\/www.mietenwahnsinn.info\/2026\/wp-content\/uploads\/sites\/10\/2022\/03\/aktionswoche-mietenwahnsinn-flyer-quadrat.png 1080w\" sizes=\"auto, (max-width: 300px) 100vw, 300px\" \/><\/a>\n\t\t\t<\/dt>\n\t\t\t\t<dd class='wp-caption-text gallery-caption' id='gallery-1-14927'>\n\t\t\t\tAktionswoche Mietenwahnsinn quadratisch\n\t\t\t\t<\/dd><\/dl><dl class='gallery-item'>\n\t\t\t<dt class='gallery-icon landscape'>\n\t\t\t\t<a href='https:\/\/www.mietenwahnsinn.info\/2026\/aktionstage-zum-had-2022\/aktionswoche_mietenwahnsinn_quadrat\/'><img loading=\"lazy\" decoding=\"async\" width=\"300\" height=\"300\" src=\"https:\/\/www.mietenwahnsinn.info\/2026\/wp-content\/uploads\/sites\/10\/2022\/03\/aktionswoche-mietenwahnsinn-quadrat-300x300.png\" class=\"attachment-medium size-medium\" alt=\"\" aria-describedby=\"gallery-1-14928\" srcset=\"https:\/\/www.mietenwahnsinn.info\/2026\/wp-content\/uploads\/sites\/10\/2022\/03\/aktionswoche-mietenwahnsinn-quadrat-300x300.png 300w, https:\/\/www.mietenwahnsinn.info\/2026\/wp-content\/uploads\/sites\/10\/2022\/03\/aktionswoche-mietenwahnsinn-quadrat-1024x1024.png 1024w, https:\/\/www.mietenwahnsinn.info\/2026\/wp-content\/uploads\/sites\/10\/2022\/03\/aktionswoche-mietenwahnsinn-quadrat-150x150.png 150w, https:\/\/www.mietenwahnsinn.info\/2026\/wp-content\/uploads\/sites\/10\/2022\/03\/aktionswoche-mietenwahnsinn-quadrat-768x768.png 768w, https:\/\/www.mietenwahnsinn.info\/2026\/wp-content\/uploads\/sites\/10\/2022\/03\/aktionswoche-mietenwahnsinn-quadrat-624x624.png 624w, https:\/\/www.mietenwahnsinn.info\/2026\/wp-content\/uploads\/sites\/10\/2022\/03\/aktionswoche-mietenwahnsinn-quadrat.png 1080w\" sizes=\"auto, (max-width: 300px) 100vw, 300px\" \/><\/a>\n\t\t\t<\/dt>\n\t\t\t\t<dd class='wp-caption-text gallery-caption' id='gallery-1-14928'>\n\t\t\t\tAktionswoche Mietenwahnsinn quadratisch\n\t\t\t\t<\/dd><\/dl><br style=\"clear: both\" \/><dl class='gallery-item'>\n\t\t\t<dt class='gallery-icon landscape'>\n\t\t\t\t<a href='https:\/\/www.mietenwahnsinn.info\/2026\/aktionstage-zum-had-2022\/aktionswoche_mietenwahnsinn_webseitenbanner\/'><img loading=\"lazy\" decoding=\"async\" width=\"300\" height=\"101\" src=\"https:\/\/www.mietenwahnsinn.info\/2026\/wp-content\/uploads\/sites\/10\/2022\/03\/aktionswoche-mietenwahnsinn-webseitenbanner-300x101.png\" class=\"attachment-medium size-medium\" alt=\"\" aria-describedby=\"gallery-1-14929\" srcset=\"https:\/\/www.mietenwahnsinn.info\/2026\/wp-content\/uploads\/sites\/10\/2022\/03\/aktionswoche-mietenwahnsinn-webseitenbanner-300x101.png 300w, https:\/\/www.mietenwahnsinn.info\/2026\/wp-content\/uploads\/sites\/10\/2022\/03\/aktionswoche-mietenwahnsinn-webseitenbanner-768x259.png 768w, https:\/\/www.mietenwahnsinn.info\/2026\/wp-content\/uploads\/sites\/10\/2022\/03\/aktionswoche-mietenwahnsinn-webseitenbanner-624x210.png 624w, https:\/\/www.mietenwahnsinn.info\/2026\/wp-content\/uploads\/sites\/10\/2022\/03\/aktionswoche-mietenwahnsinn-webseitenbanner.png 980w\" sizes=\"auto, (max-width: 300px) 100vw, 300px\" \/><\/a>\n\t\t\t<\/dt>\n\t\t\t\t<dd class='wp-caption-text gallery-caption' id='gallery-1-14929'>\n\t\t\t\tAktionswoche Mietenwahnsinn Webseitenbanner\n\t\t\t\t<\/dd><\/dl>\n\t\t\t<br style='clear: both' \/>\n\t\t<\/div>\n\n<hr \/>\n<p><strong>Plakate f\u00fcr die Aktionstage zur Abholung und Verteilung gibt es im Kiezanker 36 (im 1.Stock)<\/strong><br \/>\nFamilien- und Nachbarschaftszentrum im Wrangelkiez<br \/>\nCuvrystra\u00dfe 13\/14<br \/>\n10997 Berlin, Kreuzberg<br \/>\nMontag \u2013 Freitag: 10 \u2013 18 Uhr<\/p>\n<hr \/>\n<h4>Macht mit!<br \/>\nHousing Action Day \u2013 Samstag 26.03.2022<br \/>\nund Aktionstage vom 25. M\u00e4rz. bis zum 02. April 2022<\/h4>\n<p><img loading=\"lazy\" decoding=\"async\" class=\"alignleft size-medium wp-image-14881\" src=\"https:\/\/www.mietenwahnsinn.info\/aktuelles\/wp-content\/uploads\/sites\/10\/2022\/02\/2022-aktionswoche-flyer-212x300.png\" alt=\"\" width=\"212\" height=\"300\" srcset=\"https:\/\/www.mietenwahnsinn.info\/2026\/wp-content\/uploads\/sites\/10\/2022\/02\/2022-aktionswoche-flyer-212x300.png 212w, https:\/\/www.mietenwahnsinn.info\/2026\/wp-content\/uploads\/sites\/10\/2022\/02\/2022-aktionswoche-flyer.png 380w\" sizes=\"auto, (max-width: 212px) 100vw, 212px\" \/>Auch dieses Jahr findet am 26.03.2022 europa- und bundesweit der Housing Action Day statt, denn Mietenwahnsinn gibt es nicht nur in Berlin.<\/p>\n<p>Wir rufen Euch dazu auf im Zeitraum vom 25.03. \u2013 02.04.2022 dezentral in allen Kiezen unserer Stadt Aktionen durchzuf\u00fchren. Denn es gibt viele Probleme, viele Themen, aber auch viele Ausdrucksformen. Alle Beitr\u00e4ge sind willkommen!<\/p>\n<p>Macht mit! Eine starke Aktionswoche braucht viele helfende H\u00e4nde und kluge K\u00f6pfe \u2192 kommt zum n\u00e4chsten online Vorbereitungstreffen am 01.03. ab 19 Uhr.<\/p>\n<p>Falls ihr Aktionen plant: Schickt uns den Namen eurer Gruppe und eine Kurzbeschreibung eurer Anliegen und Aktivit\u00e4ten, die ihr in der Woche plant, an: mail@mietenwahnsinn.info<br \/>\nOder tragt eure Termine direkt in den <a href=\"https:\/\/www.mietenwahnsinn.info\/aktuelles\/events\" target=\"_blank\" rel=\"noopener\">Aktionskalender<\/a> ein.<\/p>\n<p><strong>Wohnen f\u00fcr Menschen, nicht f\u00fcr Profite!<\/strong><br \/>\nDie Mieten sind zu teuer, manche haben im tiefsten Winter keine Heizung, die Betriebskostenabrechnungen sind zu hoch. Die wichtigen \u00f6kologischen Ma\u00dfnahmen werden einseitig auf Kosten der Mieter:innen durchgef\u00fchrt. St\u00e4ndig werden H\u00e4user verkauft, an neue Eigent\u00fcmer, die noch mehr Geld auf unsere Kosten machen. Einige von uns m\u00fcssen beweisen, dass der Eigent\u00fcmer keinen Eigenbedarf hat.<br \/>\nAber wir haben Eigenbedarf!<br \/>\nWenn wir eine neue Wohnung brauchen, k\u00f6nnen wir nicht umziehen, weil es keine bezahlbaren Wohnungen gibt. Doch es gibt hier leerstehende Wohnungen, die als Geldanlage dienen, w\u00e4hrend abertausende von Menschen in der deutschen Hauptstadt wohnunglos oder obdachlos sind. Gro\u00dfe Familien leben eingepfercht in viel zu kleinen Wohnungen. Junge Erwachsene bleiben ungewollt bei ihren Eltern. Getrennte Paare m\u00fcssen ungewollt zusammen wohnen bleiben. Unsere kulturellen Orte, Vereine, Clubs, Buchhandlungen, Studios, Sporthallen und alteingesessene Gesch\u00e4fte werden gek\u00fcndigt, unsere Kieze werden ver\u00f6det. Es gibt zwar Ideen aus der Politik, Berlins Kieze attraktiver zu machen \u2013 aber nur f\u00fcr Touristen und Investoren. Wir werden verdr\u00e4ngt.<\/p>\n<p>Wir bleiben nicht still. Wir sind Hunderte von Initiativen &amp; Gruppen, die f\u00fcr unser Recht auf Wohnen in Berlin k\u00e4mpfen. Angemessener Wohnraum ist unser gutes Recht. Wenn wir uns nicht daf\u00fcr einsetzen, wird es niemand anders f\u00fcr uns tun.<\/p>\n<p>Bisher haben schon ein Dutzend Initiativen Aktionen zugesagt. Einige Veranstaltungen planen wir zentral, u. a. einen Block auf der Klimastreikdemo am 25.03.! Das meiste soll aber in den Kiezen stattfinden!<\/p>\n<p>Schreibt uns gern an: mail@mietenwahnsinn.info oder \u00fcber unsere Social Media Kan\u00e4le \u2014\u00a0Wir melden uns!<\/p>\n<p>Solidarische Gr\u00fc\u00dfe<br \/>\nB\u00fcndnis &#8218;Gemeinsam gegen Verdr\u00e4ngung und #Mietenwahnsinn&#8216;, Berlin<\/p>\n<p>Instagram: <a href=\"https:\/\/www.instagram.com\/mieten_wahnsinn\/\" target=\"_blank\" rel=\"noopener\">@mieten_wahnsinn<\/a><br \/>\nTwitter: <a href=\"https:\/\/twitter.com\/MietenwahnsinnB\" target=\"_blank\" rel=\"noopener\">@MietenwahnsinnB<\/a><br \/>\nFacebook:<a href=\"https:\/\/www.facebook.com\/berlingegenmietenwahnsinn\/\" target=\"_blank\" rel=\"noopener\"> @berlingegenmietenwahnsinn<\/a><\/p>\n<hr \/>\n<p>Europaweit k\u00f6nnt ihr euch auf der Webseite <a href=\"https:\/\/housingnotprofit.org\/housing-action-day\/\" target=\"_blank\" rel=\"noopener\">EUROPEAN ACTION COALITION<\/a> und bundesweit auf der Webseite <a href=\"https:\/\/www.housing-action-day.net\/\" target=\"_blank\" rel=\"noopener\">HOUSING ACTION DAY<\/a> informieren.<\/p>\n<hr \/>\n<p><img loading=\"lazy\" decoding=\"async\" class=\"alignleft size-full wp-image-14845\" src=\"https:\/\/www.mietenwahnsinn.info\/aktuelles\/wp-content\/uploads\/sites\/10\/2022\/02\/logo-had-2022.jpg\" alt=\"\" width=\"300\" height=\"288\" \/>Die Ausgangssituation in Berlin hat sich ge\u00e4ndert. Eine neue Bundesregierung, aber auch die neue Landesregierung stellen die Weichen auf Bauen, Bauen, Bauen. Da Wohnraum eine Ware bleibt, werden also neue Kapitalanlagen entstehen, und in der Nebenwirkung vielleicht auch ein wenig g\u00fcnstiger Wohnraum.<br \/>\nZeitgleich fallen mehr Wohnungen aus der Sozialbindung, als g\u00fcnstig neu gebaut werden.<br \/>\nBodenspekulation bleibt weiter attraktiv, wird kaum besteuert und dr\u00fcckt die Mieten weiter nach oben.<br \/>\nSteigende Energiekosten und Modernisierungskosten werden einseitig den Mieter:innen auferlegt, obwohl der Kampf gegen den Klimawandel die ganze Gesellschaft herausfordert.<br \/>\nEs sind weiterhin tausende obdach- und wohnungslos, w\u00e4hrend spekulativer Leerstand existiert.<br \/>\nVor den Bundesgerichten wurden wesentliche gesetzgeberische Fortschritte der letzten Jahre kassiert.<br \/>\nKurzum, die Mieten und Profite steigen weiter, Menschen sterben auf der Stra\u00dfe und viele haben Angst um ihre Wohnung.<br \/>\nGleichzeitig entstehen aber immer weitere Hausgemeinschaften und Kiezversammlungen. Die Mietervereine wachsen und eine Mieter:innengewerkschaft hat sich gegr\u00fcndet.<br \/>\nIm letzten Jahr gab es eine sehr kr\u00e4ftige Demo nach dem Kippen des Mietendeckels.<\/p>\n<p>Und der Volksentscheid f\u00fcr die Vergesellschaftung gro\u00dfer Wohnungskonzerne (Deutsche Wohnen Enteignen) hat bravour\u00f6s gewonnen! \u2014 nur gibt es keine Regierung, die gewillt ist, diesen Volksentscheid umzusetzen\u2026<\/p>\n<p>Mit einer Aktionswoche vom 25.03. &#8211; 02.04. 2022 in Berlin zum Housing Action Day am 26.03.2022 folgen wir einem Aufruf der europaweiten Vernetzung \u201eAction Coalition for the Right to Housing and to the City\u201c (Aktionsb\u00fcndnis f\u00fcr das Recht auf Wohnen und Recht auf Stadt). Das Datum nimmt Bezug auf das Ende des Wintermoratoriums f\u00fcr Zwangsr\u00e4umungen in Frankreich. In den letzten Jahren fanden zu diesem Anlass Gro\u00dfdemos in Berlin und anderen deutschen und europ\u00e4ischen St\u00e4dten statt.<\/p>\n<hr \/>\n<div class=\"shariff shariff-align-flex-start shariff-widget-align-flex-start\"><div class=\"ShariffHeadline\">Teile diesen Beitrag!<\/div><ul class=\"shariff-buttons theme-white orientation-horizontal buttonsize-medium\"><li class=\"shariff-button twitter shariff-nocustomcolor\" style=\"background-color:#595959\"><a href=\"https:\/\/twitter.com\/share?url=https%3A%2F%2Fwww.mietenwahnsinn.info%2F2026%2Faktionstage-zum-had-2022%2F&text=Aktionstage%20zum%20HAD%202022\" title=\"Bei X teilen\" aria-label=\"Bei X teilen\" role=\"button\" rel=\"noopener nofollow\" class=\"shariff-link\" style=\"; background-color:#000; color:#000\" target=\"_blank\"><span class=\"shariff-icon\" style=\"fill:#000\"><svg width=\"32px\" height=\"20px\" xmlns=\"http:\/\/www.w3.org\/2000\/svg\" viewBox=\"0 0 24 24\"><path fill=\"#000\" d=\"M14.258 10.152L23.176 0h-2.113l-7.747 8.813L7.133 0H0l9.352 13.328L0 23.973h2.113l8.176-9.309 6.531 9.309h7.133zm-2.895 3.293l-.949-1.328L2.875 1.56h3.246l6.086 8.523.945 1.328 7.91 11.078h-3.246zm0 0\"\/><\/svg><\/span><span class=\"shariff-text\" style=\"color:#000\">teilen<\/span>&nbsp;<\/a><\/li><li class=\"shariff-button facebook shariff-nocustomcolor\" style=\"background-color:#4273c8\"><a href=\"https:\/\/www.facebook.com\/sharer\/sharer.php?u=https%3A%2F%2Fwww.mietenwahnsinn.info%2F2026%2Faktionstage-zum-had-2022%2F\" title=\"Bei Facebook teilen\" aria-label=\"Bei Facebook teilen\" role=\"button\" rel=\"nofollow\" class=\"shariff-link\" style=\"; background-color:#3b5998; color:#3b5998\" target=\"_blank\"><span class=\"shariff-icon\" style=\"fill:#3b5998\"><svg width=\"32px\" height=\"20px\" xmlns=\"http:\/\/www.w3.org\/2000\/svg\" viewBox=\"0 0 18 32\"><path fill=\"#3b5998\" d=\"M17.1 0.2v4.7h-2.8q-1.5 0-2.1 0.6t-0.5 1.9v3.4h5.2l-0.7 5.3h-4.5v13.6h-5.5v-13.6h-4.5v-5.3h4.5v-3.9q0-3.3 1.9-5.2t5-1.8q2.6 0 4.1 0.2z\"\/><\/svg><\/span><span class=\"shariff-text\" style=\"color:#3b5998\">teilen<\/span>&nbsp;<\/a><\/li><li class=\"shariff-button mailto shariff-nocustomcolor\" style=\"background-color:#a8a8a8\"><a href=\"mailto:?body=https%3A%2F%2Fwww.mietenwahnsinn.info%2F2026%2Faktionstage-zum-had-2022%2F&subject=Aktionstage%20zum%20HAD%202022\" title=\"Per E-Mail versenden\" aria-label=\"Per E-Mail versenden\" role=\"button\" rel=\"noopener nofollow\" class=\"shariff-link\" style=\"; background-color:#999; color:#999\"><span class=\"shariff-icon\" style=\"fill:#999\"><svg width=\"32px\" height=\"20px\" xmlns=\"http:\/\/www.w3.org\/2000\/svg\" viewBox=\"0 0 32 32\"><path fill=\"#999\" d=\"M32 12.7v14.2q0 1.2-0.8 2t-2 0.9h-26.3q-1.2 0-2-0.9t-0.8-2v-14.2q0.8 0.9 1.8 1.6 6.5 4.4 8.9 6.1 1 0.8 1.6 1.2t1.7 0.9 2 0.4h0.1q0.9 0 2-0.4t1.7-0.9 1.6-1.2q3-2.2 8.9-6.1 1-0.7 1.8-1.6zM32 7.4q0 1.4-0.9 2.7t-2.2 2.2q-6.7 4.7-8.4 5.8-0.2 0.1-0.7 0.5t-1 0.7-0.9 0.6-1.1 0.5-0.9 0.2h-0.1q-0.4 0-0.9-0.2t-1.1-0.5-0.9-0.6-1-0.7-0.7-0.5q-1.6-1.1-4.7-3.2t-3.6-2.6q-1.1-0.7-2.1-2t-1-2.5q0-1.4 0.7-2.3t2.1-0.9h26.3q1.2 0 2 0.8t0.9 2z\"\/><\/svg><\/span><span class=\"shariff-text\" style=\"color:#999\">E-Mail<\/span>&nbsp;<\/a><\/li><\/ul><\/div>","protected":false},"excerpt":{"rendered":"<p>Aktionstage zum HAD 2022 Flyer zum Ausdrucken, Verteilen&#8230; (schwarz-wei\u00df; A4) als PDF-Datei Sharepics f\u00fcr eure Webseiten, Facebook, Twitter Plakate f\u00fcr die Aktionstage zur Abholung und Verteilung gibt es im Kiezanker [&hellip;]<\/p>\n","protected":false},"author":21,"featured_media":0,"parent":0,"menu_order":0,"comment_status":"closed","ping_status":"closed","template":"page-templates\/full-width.php","meta":{"_acf_changed":false,"footnotes":""},"class_list":["post-14843","page","type-page","status-publish","hentry"],"acf":[],"_links":{"self":[{"href":"https:\/\/www.mietenwahnsinn.info\/2026\/wp-json\/wp\/v2\/pages\/14843","targetHints":{"allow":["GET"]}}],"collection":[{"href":"https:\/\/www.mietenwahnsinn.info\/2026\/wp-json\/wp\/v2\/pages"}],"about":[{"href":"https:\/\/www.mietenwahnsinn.info\/2026\/wp-json\/wp\/v2\/types\/page"}],"author":[{"embeddable":true,"href":"https:\/\/www.mietenwahnsinn.info\/2026\/wp-json\/wp\/v2\/users\/21"}],"replies":[{"embeddable":true,"href":"https:\/\/www.mietenwahnsinn.info\/2026\/wp-json\/wp\/v2\/comments?post=14843"}],"version-history":[{"count":5,"href":"https:\/\/www.mietenwahnsinn.info\/2026\/wp-json\/wp\/v2\/pages\/14843\/revisions"}],"predecessor-version":[{"id":15317,"href":"https:\/\/www.mietenwahnsinn.info\/2026\/wp-json\/wp\/v2\/pages\/14843\/revisions\/15317"}],"wp:attachment":[{"href":"https:\/\/www.mietenwahnsinn.info\/2026\/wp-json\/wp\/v2\/media?parent=14843"}],"curies":[{"name":"wp","href":"https:\/\/api.w.org\/{rel}","templated":true}]}}