{"id":14775,"date":"2022-02-03T16:48:18","date_gmt":"2022-02-03T15:48:18","guid":{"rendered":"https:\/\/www.mietenwahnsinn.info\/aktuelles\/?page_id=14775"},"modified":"2022-02-15T14:47:43","modified_gmt":"2022-02-15T13:47:43","slug":"demo-gegen-den-gekippten-mietendeckel-vom-15-04-2021","status":"publish","type":"page","link":"https:\/\/www.mietenwahnsinn.info\/2026\/demo-gegen-den-gekippten-mietendeckel-vom-15-04-2021\/","title":{"rendered":"Demo gegen den gekippten Mietendeckel vom 15.04.2021"},"content":{"rendered":"<h3>Fotos der Demonstration am 15.04.2021 zum gekippten Mietendeckel<\/h3>\n<p>Wir waren mit der sehr kurzfristig und spontan angemeldeten L\u00e4rm-Demo mit weit \u00fcber 20 000 w\u00fctenden Menschen auf der Stra\u00dfe!<br \/>\nWeil sie uns den Deckel nahmen, kamen wir mit tausenden Deckeln wieder!<\/p>\n\n\t\t<style type=\"text\/css\">\n\t\t\t#gallery-1 {\n\t\t\t\tmargin: auto;\n\t\t\t}\n\t\t\t#gallery-1 .gallery-item {\n\t\t\t\tfloat: left;\n\t\t\t\tmargin-top: 10px;\n\t\t\t\ttext-align: center;\n\t\t\t\twidth: 20%;\n\t\t\t}\n\t\t\t#gallery-1 img {\n\t\t\t\tborder: 2px solid #cfcfcf;\n\t\t\t}\n\t\t\t#gallery-1 .gallery-caption {\n\t\t\t\tmargin-left: 0;\n\t\t\t}\n\t\t\t\/* see gallery_shortcode() in wp-includes\/media.php *\/\n\t\t<\/style>\n\t\t<div id='gallery-1' class='gallery galleryid-14775 gallery-columns-5 gallery-size-thumbnail'><dl class='gallery-item'>\n\t\t\t<dt class='gallery-icon landscape'>\n\t\t\t\t<a href='https:\/\/www.mietenwahnsinn.info\/2026\/wp-content\/uploads\/sites\/10\/2021\/04\/2021-04-15-demo-gegen-gekippten-mietendeckel-01.jpg' rel=\"lightbox[14775]\"><img loading=\"lazy\" decoding=\"async\" width=\"150\" height=\"150\" src=\"https:\/\/www.mietenwahnsinn.info\/2026\/wp-content\/uploads\/sites\/10\/2021\/04\/2021-04-15-demo-gegen-gekippten-mietendeckel-01-150x150.jpg\" class=\"attachment-thumbnail size-thumbnail\" alt=\"\" \/><\/a>\n\t\t\t<\/dt><\/dl><dl class='gallery-item'>\n\t\t\t<dt class='gallery-icon landscape'>\n\t\t\t\t<a href='https:\/\/www.mietenwahnsinn.info\/2026\/wp-content\/uploads\/sites\/10\/2021\/04\/2021-04-15-demo-gegen-gekippten-mietendeckel-02.jpg' rel=\"lightbox[14775]\"><img loading=\"lazy\" decoding=\"async\" width=\"150\" height=\"150\" src=\"https:\/\/www.mietenwahnsinn.info\/2026\/wp-content\/uploads\/sites\/10\/2021\/04\/2021-04-15-demo-gegen-gekippten-mietendeckel-02-150x150.jpg\" class=\"attachment-thumbnail size-thumbnail\" alt=\"\" \/><\/a>\n\t\t\t<\/dt><\/dl><dl class='gallery-item'>\n\t\t\t<dt class='gallery-icon landscape'>\n\t\t\t\t<a href='https:\/\/www.mietenwahnsinn.info\/2026\/wp-content\/uploads\/sites\/10\/2021\/04\/2021-04-15-demo-gegen-gekippten-mietendeckel-03.jpg' rel=\"lightbox[14775]\"><img loading=\"lazy\" decoding=\"async\" width=\"150\" height=\"150\" src=\"https:\/\/www.mietenwahnsinn.info\/2026\/wp-content\/uploads\/sites\/10\/2021\/04\/2021-04-15-demo-gegen-gekippten-mietendeckel-03-150x150.jpg\" class=\"attachment-thumbnail size-thumbnail\" alt=\"\" \/><\/a>\n\t\t\t<\/dt><\/dl><dl class='gallery-item'>\n\t\t\t<dt class='gallery-icon portrait'>\n\t\t\t\t<a href='https:\/\/www.mietenwahnsinn.info\/2026\/wp-content\/uploads\/sites\/10\/2021\/04\/2021-04-15-demo-gegen-gekippten-mietendeckel-04.jpg' rel=\"lightbox[14775]\"><img loading=\"lazy\" decoding=\"async\" width=\"150\" height=\"150\" src=\"https:\/\/www.mietenwahnsinn.info\/2026\/wp-content\/uploads\/sites\/10\/2021\/04\/2021-04-15-demo-gegen-gekippten-mietendeckel-04-150x150.jpg\" class=\"attachment-thumbnail size-thumbnail\" alt=\"\" \/><\/a>\n\t\t\t<\/dt><\/dl><dl class='gallery-item'>\n\t\t\t<dt class='gallery-icon landscape'>\n\t\t\t\t<a href='https:\/\/www.mietenwahnsinn.info\/2026\/wp-content\/uploads\/sites\/10\/2021\/04\/2021-04-15-demo-gegen-gekippten-mietendeckel-05.jpg' rel=\"lightbox[14775]\"><img loading=\"lazy\" decoding=\"async\" width=\"150\" height=\"150\" src=\"https:\/\/www.mietenwahnsinn.info\/2026\/wp-content\/uploads\/sites\/10\/2021\/04\/2021-04-15-demo-gegen-gekippten-mietendeckel-05-150x150.jpg\" class=\"attachment-thumbnail size-thumbnail\" alt=\"\" \/><\/a>\n\t\t\t<\/dt><\/dl><br style=\"clear: both\" \/><dl class='gallery-item'>\n\t\t\t<dt class='gallery-icon landscape'>\n\t\t\t\t<a href='https:\/\/www.mietenwahnsinn.info\/2026\/wp-content\/uploads\/sites\/10\/2021\/04\/2021-04-15-demo-gegen-gekippten-mietendeckel-06.jpg' rel=\"lightbox[14775]\"><img loading=\"lazy\" decoding=\"async\" width=\"150\" height=\"150\" src=\"https:\/\/www.mietenwahnsinn.info\/2026\/wp-content\/uploads\/sites\/10\/2021\/04\/2021-04-15-demo-gegen-gekippten-mietendeckel-06-150x150.jpg\" class=\"attachment-thumbnail size-thumbnail\" alt=\"\" \/><\/a>\n\t\t\t<\/dt><\/dl><dl class='gallery-item'>\n\t\t\t<dt class='gallery-icon landscape'>\n\t\t\t\t<a href='https:\/\/www.mietenwahnsinn.info\/2026\/wp-content\/uploads\/sites\/10\/2021\/04\/2021-04-15-demo-gegen-gekippten-mietendeckel-07.jpg' rel=\"lightbox[14775]\"><img loading=\"lazy\" decoding=\"async\" width=\"150\" height=\"150\" src=\"https:\/\/www.mietenwahnsinn.info\/2026\/wp-content\/uploads\/sites\/10\/2021\/04\/2021-04-15-demo-gegen-gekippten-mietendeckel-07-150x150.jpg\" class=\"attachment-thumbnail size-thumbnail\" alt=\"\" \/><\/a>\n\t\t\t<\/dt><\/dl><dl class='gallery-item'>\n\t\t\t<dt class='gallery-icon landscape'>\n\t\t\t\t<a href='https:\/\/www.mietenwahnsinn.info\/2026\/wp-content\/uploads\/sites\/10\/2021\/04\/2021-04-15-demo-gegen-gekippten-mietendeckel-08.jpg' rel=\"lightbox[14775]\"><img loading=\"lazy\" decoding=\"async\" width=\"150\" height=\"150\" src=\"https:\/\/www.mietenwahnsinn.info\/2026\/wp-content\/uploads\/sites\/10\/2021\/04\/2021-04-15-demo-gegen-gekippten-mietendeckel-08-150x150.jpg\" class=\"attachment-thumbnail size-thumbnail\" alt=\"\" \/><\/a>\n\t\t\t<\/dt><\/dl><dl class='gallery-item'>\n\t\t\t<dt class='gallery-icon portrait'>\n\t\t\t\t<a href='https:\/\/www.mietenwahnsinn.info\/2026\/wp-content\/uploads\/sites\/10\/2021\/04\/2021-04-15-demo-gegen-gekippten-mietendeckel-09.jpg' rel=\"lightbox[14775]\"><img loading=\"lazy\" decoding=\"async\" width=\"150\" height=\"150\" src=\"https:\/\/www.mietenwahnsinn.info\/2026\/wp-content\/uploads\/sites\/10\/2021\/04\/2021-04-15-demo-gegen-gekippten-mietendeckel-09-150x150.jpg\" class=\"attachment-thumbnail size-thumbnail\" alt=\"\" \/><\/a>\n\t\t\t<\/dt><\/dl><dl class='gallery-item'>\n\t\t\t<dt class='gallery-icon landscape'>\n\t\t\t\t<a href='https:\/\/www.mietenwahnsinn.info\/2026\/wp-content\/uploads\/sites\/10\/2021\/04\/2021-04-15-demo-gegen-gekippten-mietendeckel-10.jpg' rel=\"lightbox[14775]\"><img loading=\"lazy\" decoding=\"async\" width=\"150\" height=\"150\" src=\"https:\/\/www.mietenwahnsinn.info\/2026\/wp-content\/uploads\/sites\/10\/2021\/04\/2021-04-15-demo-gegen-gekippten-mietendeckel-10-150x150.jpg\" class=\"attachment-thumbnail size-thumbnail\" alt=\"\" \/><\/a>\n\t\t\t<\/dt><\/dl><br style=\"clear: both\" \/><dl class='gallery-item'>\n\t\t\t<dt class='gallery-icon portrait'>\n\t\t\t\t<a href='https:\/\/www.mietenwahnsinn.info\/2026\/wp-content\/uploads\/sites\/10\/2021\/04\/2021-04-15-demo-gegen-gekippten-mietendeckel-11.jpg' rel=\"lightbox[14775]\"><img loading=\"lazy\" decoding=\"async\" width=\"150\" height=\"150\" src=\"https:\/\/www.mietenwahnsinn.info\/2026\/wp-content\/uploads\/sites\/10\/2021\/04\/2021-04-15-demo-gegen-gekippten-mietendeckel-11-150x150.jpg\" class=\"attachment-thumbnail size-thumbnail\" alt=\"\" \/><\/a>\n\t\t\t<\/dt><\/dl><dl class='gallery-item'>\n\t\t\t<dt class='gallery-icon landscape'>\n\t\t\t\t<a href='https:\/\/www.mietenwahnsinn.info\/2026\/wp-content\/uploads\/sites\/10\/2021\/04\/2021-04-15-demo-gegen-gekippten-mietendeckel-12.jpg' rel=\"lightbox[14775]\"><img loading=\"lazy\" decoding=\"async\" width=\"150\" height=\"150\" src=\"https:\/\/www.mietenwahnsinn.info\/2026\/wp-content\/uploads\/sites\/10\/2021\/04\/2021-04-15-demo-gegen-gekippten-mietendeckel-12-150x150.jpg\" class=\"attachment-thumbnail size-thumbnail\" alt=\"\" \/><\/a>\n\t\t\t<\/dt><\/dl><dl class='gallery-item'>\n\t\t\t<dt class='gallery-icon landscape'>\n\t\t\t\t<a href='https:\/\/www.mietenwahnsinn.info\/2026\/wp-content\/uploads\/sites\/10\/2021\/04\/2021-04-15-demo-gegen-gekippten-mietendeckel-13.jpg' rel=\"lightbox[14775]\"><img loading=\"lazy\" decoding=\"async\" width=\"150\" height=\"150\" src=\"https:\/\/www.mietenwahnsinn.info\/2026\/wp-content\/uploads\/sites\/10\/2021\/04\/2021-04-15-demo-gegen-gekippten-mietendeckel-13-150x150.jpg\" class=\"attachment-thumbnail size-thumbnail\" alt=\"\" \/><\/a>\n\t\t\t<\/dt><\/dl><dl class='gallery-item'>\n\t\t\t<dt class='gallery-icon landscape'>\n\t\t\t\t<a href='https:\/\/www.mietenwahnsinn.info\/2026\/wp-content\/uploads\/sites\/10\/2021\/04\/2021-04-15-demo-gegen-gekippten-mietendeckel-14.jpg' rel=\"lightbox[14775]\"><img loading=\"lazy\" decoding=\"async\" width=\"150\" height=\"150\" src=\"https:\/\/www.mietenwahnsinn.info\/2026\/wp-content\/uploads\/sites\/10\/2021\/04\/2021-04-15-demo-gegen-gekippten-mietendeckel-14-150x150.jpg\" class=\"attachment-thumbnail size-thumbnail\" alt=\"\" \/><\/a>\n\t\t\t<\/dt><\/dl><dl class='gallery-item'>\n\t\t\t<dt class='gallery-icon landscape'>\n\t\t\t\t<a href='https:\/\/www.mietenwahnsinn.info\/2026\/wp-content\/uploads\/sites\/10\/2021\/04\/2021-04-15-demo-gegen-gekippten-mietendeckel-15.jpg' rel=\"lightbox[14775]\"><img loading=\"lazy\" decoding=\"async\" width=\"150\" height=\"150\" src=\"https:\/\/www.mietenwahnsinn.info\/2026\/wp-content\/uploads\/sites\/10\/2021\/04\/2021-04-15-demo-gegen-gekippten-mietendeckel-15-150x150.jpg\" class=\"attachment-thumbnail size-thumbnail\" alt=\"\" \/><\/a>\n\t\t\t<\/dt><\/dl><br style=\"clear: both\" \/><dl class='gallery-item'>\n\t\t\t<dt class='gallery-icon landscape'>\n\t\t\t\t<a href='https:\/\/www.mietenwahnsinn.info\/2026\/wp-content\/uploads\/sites\/10\/2021\/04\/2021-04-15-demo-gegen-gekippten-mietendeckel-16.jpg' rel=\"lightbox[14775]\"><img loading=\"lazy\" decoding=\"async\" width=\"150\" height=\"150\" src=\"https:\/\/www.mietenwahnsinn.info\/2026\/wp-content\/uploads\/sites\/10\/2021\/04\/2021-04-15-demo-gegen-gekippten-mietendeckel-16-150x150.jpg\" class=\"attachment-thumbnail size-thumbnail\" alt=\"\" \/><\/a>\n\t\t\t<\/dt><\/dl><dl class='gallery-item'>\n\t\t\t<dt class='gallery-icon landscape'>\n\t\t\t\t<a href='https:\/\/www.mietenwahnsinn.info\/2026\/wp-content\/uploads\/sites\/10\/2021\/04\/2021-04-15-demo-gegen-gekippten-mietendeckel-17.jpg' rel=\"lightbox[14775]\"><img loading=\"lazy\" decoding=\"async\" width=\"150\" height=\"150\" src=\"https:\/\/www.mietenwahnsinn.info\/2026\/wp-content\/uploads\/sites\/10\/2021\/04\/2021-04-15-demo-gegen-gekippten-mietendeckel-17-150x150.jpg\" class=\"attachment-thumbnail size-thumbnail\" alt=\"\" \/><\/a>\n\t\t\t<\/dt><\/dl><dl class='gallery-item'>\n\t\t\t<dt class='gallery-icon landscape'>\n\t\t\t\t<a href='https:\/\/www.mietenwahnsinn.info\/2026\/wp-content\/uploads\/sites\/10\/2021\/04\/2021-04-15-demo-gegen-gekippten-mietendeckel-18.jpg' rel=\"lightbox[14775]\"><img loading=\"lazy\" decoding=\"async\" width=\"150\" height=\"150\" src=\"https:\/\/www.mietenwahnsinn.info\/2026\/wp-content\/uploads\/sites\/10\/2021\/04\/2021-04-15-demo-gegen-gekippten-mietendeckel-18-150x150.jpg\" class=\"attachment-thumbnail size-thumbnail\" alt=\"\" \/><\/a>\n\t\t\t<\/dt><\/dl><dl class='gallery-item'>\n\t\t\t<dt class='gallery-icon landscape'>\n\t\t\t\t<a href='https:\/\/www.mietenwahnsinn.info\/2026\/wp-content\/uploads\/sites\/10\/2021\/04\/2021-04-15-demo-gegen-gekippten-mietendeckel-19.jpg' rel=\"lightbox[14775]\"><img loading=\"lazy\" decoding=\"async\" width=\"150\" height=\"150\" src=\"https:\/\/www.mietenwahnsinn.info\/2026\/wp-content\/uploads\/sites\/10\/2021\/04\/2021-04-15-demo-gegen-gekippten-mietendeckel-19-150x150.jpg\" class=\"attachment-thumbnail size-thumbnail\" alt=\"\" \/><\/a>\n\t\t\t<\/dt><\/dl><dl class='gallery-item'>\n\t\t\t<dt class='gallery-icon portrait'>\n\t\t\t\t<a href='https:\/\/www.mietenwahnsinn.info\/2026\/wp-content\/uploads\/sites\/10\/2021\/04\/2021-04-15-demo-gegen-gekippten-mietendeckel-20.jpg' rel=\"lightbox[14775]\"><img loading=\"lazy\" decoding=\"async\" width=\"150\" height=\"150\" src=\"https:\/\/www.mietenwahnsinn.info\/2026\/wp-content\/uploads\/sites\/10\/2021\/04\/2021-04-15-demo-gegen-gekippten-mietendeckel-20-150x150.jpg\" class=\"attachment-thumbnail size-thumbnail\" alt=\"\" \/><\/a>\n\t\t\t<\/dt><\/dl><br style=\"clear: both\" \/><dl class='gallery-item'>\n\t\t\t<dt class='gallery-icon landscape'>\n\t\t\t\t<a href='https:\/\/www.mietenwahnsinn.info\/2026\/wp-content\/uploads\/sites\/10\/2021\/04\/2021-04-15-demo-gegen-gekippten-mietendeckel-21.jpg' rel=\"lightbox[14775]\"><img loading=\"lazy\" decoding=\"async\" width=\"150\" height=\"150\" src=\"https:\/\/www.mietenwahnsinn.info\/2026\/wp-content\/uploads\/sites\/10\/2021\/04\/2021-04-15-demo-gegen-gekippten-mietendeckel-21-150x150.jpg\" class=\"attachment-thumbnail size-thumbnail\" alt=\"\" \/><\/a>\n\t\t\t<\/dt><\/dl><dl class='gallery-item'>\n\t\t\t<dt class='gallery-icon landscape'>\n\t\t\t\t<a href='https:\/\/www.mietenwahnsinn.info\/2026\/wp-content\/uploads\/sites\/10\/2021\/04\/2021-04-15-demo-gegen-gekippten-mietendeckel-22.jpg' rel=\"lightbox[14775]\"><img loading=\"lazy\" decoding=\"async\" width=\"150\" height=\"150\" src=\"https:\/\/www.mietenwahnsinn.info\/2026\/wp-content\/uploads\/sites\/10\/2021\/04\/2021-04-15-demo-gegen-gekippten-mietendeckel-22-150x150.jpg\" class=\"attachment-thumbnail size-thumbnail\" alt=\"\" \/><\/a>\n\t\t\t<\/dt><\/dl><dl class='gallery-item'>\n\t\t\t<dt class='gallery-icon landscape'>\n\t\t\t\t<a href='https:\/\/www.mietenwahnsinn.info\/2026\/wp-content\/uploads\/sites\/10\/2021\/04\/2021-04-15-demo-gegen-gekippten-mietendeckel-23.jpg' rel=\"lightbox[14775]\"><img loading=\"lazy\" decoding=\"async\" width=\"150\" height=\"150\" src=\"https:\/\/www.mietenwahnsinn.info\/2026\/wp-content\/uploads\/sites\/10\/2021\/04\/2021-04-15-demo-gegen-gekippten-mietendeckel-23-150x150.jpg\" class=\"attachment-thumbnail size-thumbnail\" alt=\"\" \/><\/a>\n\t\t\t<\/dt><\/dl><dl class='gallery-item'>\n\t\t\t<dt class='gallery-icon landscape'>\n\t\t\t\t<a href='https:\/\/www.mietenwahnsinn.info\/2026\/wp-content\/uploads\/sites\/10\/2021\/04\/2021-04-15-demo-gegen-gekippten-mietendeckel-24.jpg' rel=\"lightbox[14775]\"><img loading=\"lazy\" decoding=\"async\" width=\"150\" height=\"150\" src=\"https:\/\/www.mietenwahnsinn.info\/2026\/wp-content\/uploads\/sites\/10\/2021\/04\/2021-04-15-demo-gegen-gekippten-mietendeckel-24-150x150.jpg\" class=\"attachment-thumbnail size-thumbnail\" alt=\"\" srcset=\"https:\/\/www.mietenwahnsinn.info\/2026\/wp-content\/uploads\/sites\/10\/2021\/04\/2021-04-15-demo-gegen-gekippten-mietendeckel-24-150x150.jpg 150w, https:\/\/www.mietenwahnsinn.info\/2026\/wp-content\/uploads\/sites\/10\/2021\/04\/2021-04-15-demo-gegen-gekippten-mietendeckel-24-300x297.jpg 300w, https:\/\/www.mietenwahnsinn.info\/2026\/wp-content\/uploads\/sites\/10\/2021\/04\/2021-04-15-demo-gegen-gekippten-mietendeckel-24-624x618.jpg 624w\" sizes=\"auto, (max-width: 150px) 100vw, 150px\" \/><\/a>\n\t\t\t<\/dt><\/dl><dl class='gallery-item'>\n\t\t\t<dt class='gallery-icon landscape'>\n\t\t\t\t<a href='https:\/\/www.mietenwahnsinn.info\/2026\/wp-content\/uploads\/sites\/10\/2021\/04\/2021-04-15-demo-gegen-gekippten-mietendeckel-25.jpg' rel=\"lightbox[14775]\"><img loading=\"lazy\" decoding=\"async\" width=\"150\" height=\"150\" src=\"https:\/\/www.mietenwahnsinn.info\/2026\/wp-content\/uploads\/sites\/10\/2021\/04\/2021-04-15-demo-gegen-gekippten-mietendeckel-25-150x150.jpg\" class=\"attachment-thumbnail size-thumbnail\" alt=\"\" \/><\/a>\n\t\t\t<\/dt><\/dl><br style=\"clear: both\" \/><dl class='gallery-item'>\n\t\t\t<dt class='gallery-icon landscape'>\n\t\t\t\t<a href='https:\/\/www.mietenwahnsinn.info\/2026\/wp-content\/uploads\/sites\/10\/2021\/04\/2021-04-15-demo-gegen-gekippten-mietendeckel-26.jpg' rel=\"lightbox[14775]\"><img loading=\"lazy\" decoding=\"async\" width=\"150\" height=\"150\" src=\"https:\/\/www.mietenwahnsinn.info\/2026\/wp-content\/uploads\/sites\/10\/2021\/04\/2021-04-15-demo-gegen-gekippten-mietendeckel-26-150x150.jpg\" class=\"attachment-thumbnail size-thumbnail\" alt=\"\" \/><\/a>\n\t\t\t<\/dt><\/dl><dl class='gallery-item'>\n\t\t\t<dt class='gallery-icon landscape'>\n\t\t\t\t<a href='https:\/\/www.mietenwahnsinn.info\/2026\/wp-content\/uploads\/sites\/10\/2021\/04\/2021-04-15-demo-gegen-gekippten-mietendeckel-27.jpg' rel=\"lightbox[14775]\"><img loading=\"lazy\" decoding=\"async\" width=\"150\" height=\"150\" src=\"https:\/\/www.mietenwahnsinn.info\/2026\/wp-content\/uploads\/sites\/10\/2021\/04\/2021-04-15-demo-gegen-gekippten-mietendeckel-27-150x150.jpg\" class=\"attachment-thumbnail size-thumbnail\" alt=\"\" \/><\/a>\n\t\t\t<\/dt><\/dl><dl class='gallery-item'>\n\t\t\t<dt class='gallery-icon landscape'>\n\t\t\t\t<a href='https:\/\/www.mietenwahnsinn.info\/2026\/wp-content\/uploads\/sites\/10\/2021\/04\/2021-04-15-demo-gegen-gekippten-mietendeckel-28.jpg' rel=\"lightbox[14775]\"><img loading=\"lazy\" decoding=\"async\" width=\"150\" height=\"150\" src=\"https:\/\/www.mietenwahnsinn.info\/2026\/wp-content\/uploads\/sites\/10\/2021\/04\/2021-04-15-demo-gegen-gekippten-mietendeckel-28-150x150.jpg\" class=\"attachment-thumbnail size-thumbnail\" alt=\"\" \/><\/a>\n\t\t\t<\/dt><\/dl><dl class='gallery-item'>\n\t\t\t<dt class='gallery-icon portrait'>\n\t\t\t\t<a href='https:\/\/www.mietenwahnsinn.info\/2026\/wp-content\/uploads\/sites\/10\/2021\/04\/2021-04-15-demo-gegen-gekippten-mietendeckel-29.jpg' rel=\"lightbox[14775]\"><img loading=\"lazy\" decoding=\"async\" width=\"150\" height=\"150\" src=\"https:\/\/www.mietenwahnsinn.info\/2026\/wp-content\/uploads\/sites\/10\/2021\/04\/2021-04-15-demo-gegen-gekippten-mietendeckel-29-150x150.jpg\" class=\"attachment-thumbnail size-thumbnail\" alt=\"\" \/><\/a>\n\t\t\t<\/dt><\/dl><dl class='gallery-item'>\n\t\t\t<dt class='gallery-icon landscape'>\n\t\t\t\t<a href='https:\/\/www.mietenwahnsinn.info\/2026\/wp-content\/uploads\/sites\/10\/2021\/04\/2021-04-15-demo-gegen-gekippten-mietendeckel-30.jpg' rel=\"lightbox[14775]\"><img loading=\"lazy\" decoding=\"async\" width=\"150\" height=\"150\" src=\"https:\/\/www.mietenwahnsinn.info\/2026\/wp-content\/uploads\/sites\/10\/2021\/04\/2021-04-15-demo-gegen-gekippten-mietendeckel-30-150x150.jpg\" class=\"attachment-thumbnail size-thumbnail\" alt=\"\" \/><\/a>\n\t\t\t<\/dt><\/dl><br style=\"clear: both\" \/><dl class='gallery-item'>\n\t\t\t<dt class='gallery-icon landscape'>\n\t\t\t\t<a href='https:\/\/www.mietenwahnsinn.info\/2026\/wp-content\/uploads\/sites\/10\/2021\/04\/2021-04-15-demo-gegen-gekippten-mietendeckel-31.jpg' rel=\"lightbox[14775]\"><img loading=\"lazy\" decoding=\"async\" width=\"150\" height=\"150\" src=\"https:\/\/www.mietenwahnsinn.info\/2026\/wp-content\/uploads\/sites\/10\/2021\/04\/2021-04-15-demo-gegen-gekippten-mietendeckel-31-150x150.jpg\" class=\"attachment-thumbnail size-thumbnail\" alt=\"\" \/><\/a>\n\t\t\t<\/dt><\/dl><dl class='gallery-item'>\n\t\t\t<dt class='gallery-icon landscape'>\n\t\t\t\t<a href='https:\/\/www.mietenwahnsinn.info\/2026\/wp-content\/uploads\/sites\/10\/2021\/04\/2021-04-15-demo-gegen-gekippten-mietendeckel-32.jpg' rel=\"lightbox[14775]\"><img loading=\"lazy\" decoding=\"async\" width=\"150\" height=\"150\" src=\"https:\/\/www.mietenwahnsinn.info\/2026\/wp-content\/uploads\/sites\/10\/2021\/04\/2021-04-15-demo-gegen-gekippten-mietendeckel-32-150x150.jpg\" class=\"attachment-thumbnail size-thumbnail\" alt=\"\" \/><\/a>\n\t\t\t<\/dt><\/dl><dl class='gallery-item'>\n\t\t\t<dt class='gallery-icon landscape'>\n\t\t\t\t<a href='https:\/\/www.mietenwahnsinn.info\/2026\/wp-content\/uploads\/sites\/10\/2021\/04\/2021-04-15-demo-gegen-gekippten-mietendeckel-33.jpg' rel=\"lightbox[14775]\"><img loading=\"lazy\" decoding=\"async\" width=\"150\" height=\"150\" src=\"https:\/\/www.mietenwahnsinn.info\/2026\/wp-content\/uploads\/sites\/10\/2021\/04\/2021-04-15-demo-gegen-gekippten-mietendeckel-33-150x150.jpg\" class=\"attachment-thumbnail size-thumbnail\" alt=\"\" \/><\/a>\n\t\t\t<\/dt><\/dl><dl class='gallery-item'>\n\t\t\t<dt class='gallery-icon portrait'>\n\t\t\t\t<a href='https:\/\/www.mietenwahnsinn.info\/2026\/wp-content\/uploads\/sites\/10\/2021\/04\/2021-04-15-demo-gegen-gekippten-mietendeckel-34.jpg' rel=\"lightbox[14775]\"><img loading=\"lazy\" decoding=\"async\" width=\"150\" height=\"150\" src=\"https:\/\/www.mietenwahnsinn.info\/2026\/wp-content\/uploads\/sites\/10\/2021\/04\/2021-04-15-demo-gegen-gekippten-mietendeckel-34-150x150.jpg\" class=\"attachment-thumbnail size-thumbnail\" alt=\"\" \/><\/a>\n\t\t\t<\/dt><\/dl><dl class='gallery-item'>\n\t\t\t<dt class='gallery-icon landscape'>\n\t\t\t\t<a href='https:\/\/www.mietenwahnsinn.info\/2026\/wp-content\/uploads\/sites\/10\/2021\/04\/2021-04-15-demo-gegen-gekippten-mietendeckel-35.jpg' rel=\"lightbox[14775]\"><img loading=\"lazy\" decoding=\"async\" width=\"150\" height=\"150\" src=\"https:\/\/www.mietenwahnsinn.info\/2026\/wp-content\/uploads\/sites\/10\/2021\/04\/2021-04-15-demo-gegen-gekippten-mietendeckel-35-150x150.jpg\" class=\"attachment-thumbnail size-thumbnail\" alt=\"\" \/><\/a>\n\t\t\t<\/dt><\/dl><br style=\"clear: both\" \/>\n\t\t<\/div>\n\n<hr \/>\n<div class=\"shariff shariff-align-flex-start shariff-widget-align-flex-start\"><div class=\"ShariffHeadline\">Teile diesen Beitrag!<\/div><ul class=\"shariff-buttons theme-white orientation-horizontal buttonsize-medium\"><li class=\"shariff-button twitter shariff-nocustomcolor\" style=\"background-color:#595959\"><a href=\"https:\/\/twitter.com\/share?url=https%3A%2F%2Fwww.mietenwahnsinn.info%2F2026%2Fdemo-gegen-den-gekippten-mietendeckel-vom-15-04-2021%2F&text=Demo%20gegen%20den%20gekippten%20Mietendeckel%20vom%2015.04.2021\" title=\"Bei X teilen\" aria-label=\"Bei X teilen\" role=\"button\" rel=\"noopener nofollow\" class=\"shariff-link\" style=\"; background-color:#000; color:#000\" target=\"_blank\"><span class=\"shariff-icon\" style=\"fill:#000\"><svg width=\"32px\" height=\"20px\" xmlns=\"http:\/\/www.w3.org\/2000\/svg\" viewBox=\"0 0 24 24\"><path fill=\"#000\" d=\"M14.258 10.152L23.176 0h-2.113l-7.747 8.813L7.133 0H0l9.352 13.328L0 23.973h2.113l8.176-9.309 6.531 9.309h7.133zm-2.895 3.293l-.949-1.328L2.875 1.56h3.246l6.086 8.523.945 1.328 7.91 11.078h-3.246zm0 0\"\/><\/svg><\/span><span class=\"shariff-text\" style=\"color:#000\">teilen<\/span>&nbsp;<\/a><\/li><li class=\"shariff-button facebook shariff-nocustomcolor\" style=\"background-color:#4273c8\"><a href=\"https:\/\/www.facebook.com\/sharer\/sharer.php?u=https%3A%2F%2Fwww.mietenwahnsinn.info%2F2026%2Fdemo-gegen-den-gekippten-mietendeckel-vom-15-04-2021%2F\" title=\"Bei Facebook teilen\" aria-label=\"Bei Facebook teilen\" role=\"button\" rel=\"nofollow\" class=\"shariff-link\" style=\"; background-color:#3b5998; color:#3b5998\" target=\"_blank\"><span class=\"shariff-icon\" style=\"fill:#3b5998\"><svg width=\"32px\" height=\"20px\" xmlns=\"http:\/\/www.w3.org\/2000\/svg\" viewBox=\"0 0 18 32\"><path fill=\"#3b5998\" d=\"M17.1 0.2v4.7h-2.8q-1.5 0-2.1 0.6t-0.5 1.9v3.4h5.2l-0.7 5.3h-4.5v13.6h-5.5v-13.6h-4.5v-5.3h4.5v-3.9q0-3.3 1.9-5.2t5-1.8q2.6 0 4.1 0.2z\"\/><\/svg><\/span><span class=\"shariff-text\" style=\"color:#3b5998\">teilen<\/span>&nbsp;<\/a><\/li><li class=\"shariff-button mailto shariff-nocustomcolor\" style=\"background-color:#a8a8a8\"><a href=\"mailto:?body=https%3A%2F%2Fwww.mietenwahnsinn.info%2F2026%2Fdemo-gegen-den-gekippten-mietendeckel-vom-15-04-2021%2F&subject=Demo%20gegen%20den%20gekippten%20Mietendeckel%20vom%2015.04.2021\" title=\"Per E-Mail versenden\" aria-label=\"Per E-Mail versenden\" role=\"button\" rel=\"noopener nofollow\" class=\"shariff-link\" style=\"; background-color:#999; color:#999\"><span class=\"shariff-icon\" style=\"fill:#999\"><svg width=\"32px\" height=\"20px\" xmlns=\"http:\/\/www.w3.org\/2000\/svg\" viewBox=\"0 0 32 32\"><path fill=\"#999\" d=\"M32 12.7v14.2q0 1.2-0.8 2t-2 0.9h-26.3q-1.2 0-2-0.9t-0.8-2v-14.2q0.8 0.9 1.8 1.6 6.5 4.4 8.9 6.1 1 0.8 1.6 1.2t1.7 0.9 2 0.4h0.1q0.9 0 2-0.4t1.7-0.9 1.6-1.2q3-2.2 8.9-6.1 1-0.7 1.8-1.6zM32 7.4q0 1.4-0.9 2.7t-2.2 2.2q-6.7 4.7-8.4 5.8-0.2 0.1-0.7 0.5t-1 0.7-0.9 0.6-1.1 0.5-0.9 0.2h-0.1q-0.4 0-0.9-0.2t-1.1-0.5-0.9-0.6-1-0.7-0.7-0.5q-1.6-1.1-4.7-3.2t-3.6-2.6q-1.1-0.7-2.1-2t-1-2.5q0-1.4 0.7-2.3t2.1-0.9h26.3q1.2 0 2 0.8t0.9 2z\"\/><\/svg><\/span><span class=\"shariff-text\" style=\"color:#999\">E-Mail<\/span>&nbsp;<\/a><\/li><\/ul><\/div>","protected":false},"excerpt":{"rendered":"<p>Fotos der Demonstration am 15.04.2021 zum gekippten Mietendeckel Wir waren mit der sehr kurzfristig und spontan angemeldeten L\u00e4rm-Demo mit weit \u00fcber 20 000 w\u00fctenden Menschen auf der Stra\u00dfe! Weil sie [&hellip;]<\/p>\n","protected":false},"author":21,"featured_media":0,"parent":0,"menu_order":0,"comment_status":"closed","ping_status":"closed","template":"page-templates\/full-width.php","meta":{"_acf_changed":false,"footnotes":""},"class_list":["post-14775","page","type-page","status-publish","hentry"],"acf":[],"_links":{"self":[{"href":"https:\/\/www.mietenwahnsinn.info\/2026\/wp-json\/wp\/v2\/pages\/14775","targetHints":{"allow":["GET"]}}],"collection":[{"href":"https:\/\/www.mietenwahnsinn.info\/2026\/wp-json\/wp\/v2\/pages"}],"about":[{"href":"https:\/\/www.mietenwahnsinn.info\/2026\/wp-json\/wp\/v2\/types\/page"}],"author":[{"embeddable":true,"href":"https:\/\/www.mietenwahnsinn.info\/2026\/wp-json\/wp\/v2\/users\/21"}],"replies":[{"embeddable":true,"href":"https:\/\/www.mietenwahnsinn.info\/2026\/wp-json\/wp\/v2\/comments?post=14775"}],"version-history":[{"count":2,"href":"https:\/\/www.mietenwahnsinn.info\/2026\/wp-json\/wp\/v2\/pages\/14775\/revisions"}],"predecessor-version":[{"id":14837,"href":"https:\/\/www.mietenwahnsinn.info\/2026\/wp-json\/wp\/v2\/pages\/14775\/revisions\/14837"}],"wp:attachment":[{"href":"https:\/\/www.mietenwahnsinn.info\/2026\/wp-json\/wp\/v2\/media?parent=14775"}],"curies":[{"name":"wp","href":"https:\/\/api.w.org\/{rel}","templated":true}]}}