{"id":13221,"date":"2020-12-02T13:13:45","date_gmt":"2020-12-02T12:13:45","guid":{"rendered":"https:\/\/mietenwahnsinn.info\/aktuelles\/?page_id=13221"},"modified":"2025-12-31T01:04:56","modified_gmt":"2025-12-31T00:04:56","slug":"archiv-ab-2018","status":"publish","type":"page","link":"https:\/\/www.mietenwahnsinn.info\/2026\/archiv-ab-2018\/","title":{"rendered":"Archiv 2018 &#8211; 2025"},"content":{"rendered":"<hr \/>\n<p><strong>2025<\/strong><br \/>\n<strong>02.11.2025:<\/strong> <a href=\"https:\/\/www.mietenwahnsinn.info\/2025\/02-11-2025-ratschlag\/\" target=\"_blank\" rel=\"noopener\">3. Mietenpolitischer Ratschlag<\/a><br \/>\n<strong>04.06.2025:<\/strong> <a href=\"https:\/\/www.mietenwahnsinn.info\/2025\/04-06-superreturn\/\" target=\"_blank\" rel=\"noopener\">Demonstration gegen Mietenwahnsinn \u2014 Finanzwahnsinn \u2014 Lobbywahnsinn<\/a><br \/>\n<strong>25.01.2025:<\/strong> <a href=\"https:\/\/www.mietenwahnsinn.info\/2025\/save-the-date-mietenpolitischer-ratschlag-teil-2-25-01-2025\/\" target=\"_blank\" rel=\"noopener\">2. Mietenpolitischer Ratschlag<\/a><\/p>\n<hr \/>\n<p><strong>2024<\/strong><br \/>\n<strong>23.11.2024:<\/strong> <a href=\"https:\/\/www.mietenwahnsinn.info\/2025\/bericht-vom-mietenpolitischer-ratschlag-23-11-2024\/\" target=\"_blank\" rel=\"noopener\">1. Mietenpolitischer Ratschlag<\/a><br \/>\n<strong>11.06.2024:<\/strong> <a href=\"https:\/\/www.mietenwahnsinn.info\/2025\/11-06-zia\/\" target=\"_blank\" rel=\"noopener\">Protest gegen den Tag der Immobilienwirtschaft<\/a><br \/>\n<strong>01.06.2024 Demonstration:<\/strong> <a href=\"https:\/\/www.mietenwahnsinn.info\/2024\/demo-01-06\/\" target=\"_blank\" rel=\"noopener\">Die Miete ist zu hoch<\/a><br \/>\n<a href=\"https:\/\/www.mietenwahnsinn.info\/2024\/demo-unterstuetzende\/\" target=\"_blank\" rel=\"noopener\"><strong>Demo-Unterst\u00fctzende<\/strong><\/a><br \/>\n<strong><a href=\"https:\/\/www.mietenwahnsinn.info\/2024\/chor\/\" target=\"_blank\" rel=\"noopener\">Lieder<\/a><\/strong> vom Demochor<br \/>\n<a href=\"https:\/\/www.mietenwahnsinn.info\/2024\/material\/\" target=\"_blank\" rel=\"noopener\"><strong>Kampagnenmaterial<\/strong><\/a> zur Mobilisierung<br \/>\n<strong>Aufruf in den verschiedenen Sprachen:<\/strong><br \/>\n<a href=\"https:\/\/www.mietenwahnsinn.info\/2024\/2024-aufruf\/\" target=\"_blank\" rel=\"noopener\">Aufruf<\/a> \u00a0<a href=\"https:\/\/www.mietenwahnsinn.info\/2024\/2024-call\/\" target=\"_blank\" rel=\"noopener\">Call<\/a> \u00a0<a href=\"https:\/\/www.mietenwahnsinn.info\/2024\/2024-cagri\/\" target=\"_blank\" rel=\"noopener\">\u00c7a\u011fr\u0131<\/a> \u00a0<a href=\"https:\/\/www.mietenwahnsinn.info\/2024\/2024-apelo\/\" target=\"_blank\" rel=\"noopener\">Apelo<\/a>\u00a0 <a href=\"https:\/\/www.mietenwahnsinn.info\/2024\/2024-llamada\/\" target=\"_blank\" rel=\"noopener\">Llamada<\/a>\u00a0 <a href=\"https:\/\/www.mietenwahnsinn.info\/2024\/2024-lappel\/\" target=\"_blank\" rel=\"noopener\">l\u2019Appel<\/a>\u00a0 <a href=\"https:\/\/www.mietenwahnsinn.info\/2024\/2024-ar\/\" target=\"_blank\" rel=\"noopener\">\u0646\u062f\u0627\u0621<\/a> <a href=\"https:\/\/www.mietenwahnsinn.info\/2024\/2024-felhivas\/\" target=\"_blank\" rel=\"noopener\">\u00a0Felh\u00edv\u00e1s<\/a> <a href=\"https:\/\/www.mietenwahnsinn.info\/2024\/2024-%d0%b7%d0%b0%d0%ba%d0%bb%d0%b8%d0%ba\/\" target=\"_blank\" rel=\"noopener\">\u00a0\u0417\u0430\u043a\u043b\u0438\u043a<\/a> <a href=\"https:\/\/www.mietenwahnsinn.info\/2024\/2024-bangewazi\/\" target=\"_blank\" rel=\"noopener\">\u00a0Bangewaz\u00ee<\/a> <a href=\"https:\/\/www.mietenwahnsinn.info\/2024\/2024-%ce%ba%ce%ac%ce%bb%ce%b5%cf%83%ce%bc%ce%b1\/\" target=\"_blank\" rel=\"noopener\">\u00a0\u03ba\u03ac\u03bb\u03b5\u03c3\u03bc\u03b1<\/a> \u00a0<a href=\"https:\/\/www.mietenwahnsinn.info\/2024\/2024-apel\/\" target=\"_blank\" rel=\"noopener\">Apel<\/a> <a href=\"https:\/\/www.mietenwahnsinn.info\/2024\/2024-uwaga\/\" target=\"_blank\" rel=\"noopener\">\u00a0Uwaga<\/a> <a href=\"https:\/\/www.mietenwahnsinn.info\/2024\/2024-appello\/\" target=\"_blank\" rel=\"noopener\">\u00a0Appello<\/a> \u00a0<a href=\"https:\/\/www.mietenwahnsinn.info\/2024\/2024-%d0%bf%d1%80%d0%b8%d0%b7%d1%8b%d0%b2\/\" target=\"_blank\" rel=\"noopener\">\u041f\u0440\u0438\u0437\u044b\u0432<\/a> <a href=\"https:\/\/www.mietenwahnsinn.info\/2024\/2024-kutsu\/\" target=\"_blank\" rel=\"noopener\">\u00a0Kutsu<\/a> <a href=\"https:\/\/www.mietenwahnsinn.info\/2024\/2024-%e8%99%9f%e5%8f%ac\/\" target=\"_blank\" rel=\"noopener\">\u00a0\u865f\u53ec<\/a> <a href=\"https:\/\/www.mietenwahnsinn.info\/2024\/2024-%d9%81%d8%b1%d8%a7%d8%ae%d9%88%d8%a7%d9%86\/\" target=\"_blank\" rel=\"noopener\">\u0641\u0631\u0627\u062e\u0648\u0627\u0646 <\/a><\/p>\n<p>Aktionstage zum <a href=\"https:\/\/www.mietenwahnsinn.info\/aktuelles\/aktionstage-zum-had-2024\/\" target=\"_blank\" rel=\"noopener\"><strong>HAD 2024<\/strong><\/a> mit den zahlreichen Veranstaltungen im <a href=\"https:\/\/www.mietenwahnsinn.info\/aktuelles\/events\/liste\/?eventDisplay=past\" target=\"_blank\" rel=\"noopener\">Kalender<\/a><\/p>\n<hr \/>\n<p><strong>2023<\/strong><br \/>\n<strong>18.11.2023 Veranstaltung: <\/strong><a href=\"https:\/\/www.mietenwahnsinn.info\/aktuelles\/18-11-2023-veranstaltung\/\" target=\"_blank\" rel=\"noopener\">Gemeinsam gegen Eigenbedarfsk\u00fcndigungen<\/a><\/p>\n<p>Aktionstage zum <strong><a href=\"https:\/\/www.mietenwahnsinn.info\/aktuelles\/aktionstage-zum-had-2023\/\" target=\"_blank\" rel=\"noopener\">HAD 2023<\/a><\/strong> mit den zahlreichen Veranstaltungen im <a href=\"https:\/\/www.mietenwahnsinn.info\/aktuelles\/events\/\" target=\"_blank\" rel=\"noopener\">Kalender<\/a><\/p>\n<hr \/>\n<p><strong>2022<\/strong><br \/>\n<strong>22.06.2022 Demonstration: <\/strong><a href=\"https:\/\/www.mietenwahnsinn.info\/aktuelles\/demonstration-am-22-06-2022\/\" target=\"_blank\" rel=\"noopener\">Unsere Stadt! Unsere Zukunft! &#8222;Gegen den Tag der Immobilienwirtschaft&#8220;<\/a><\/p>\n<p>Aktionstage zum<strong><a href=\"https:\/\/www.mietenwahnsinn.info\/aktuelles\/aktionstage-zum-had-2022\/\" target=\"_blank\" rel=\"noopener\"> HAD 2022<\/a><\/strong><\/p>\n<hr \/>\n<p><strong>2021<\/strong><br \/>\n<strong>11.09.2021: bundesweite Demonstration <\/strong><a href=\"https:\/\/www.mietenwahnsinn.info\/aktuelles\/demonstration-wohnen-fuer-alle-gemeinsam-gegen-hohe-mieten-und-verdraengung-vom-11-09-2021\/\" target=\"_blank\" rel=\"noopener\">Wohnen f\u00fcr Alle: Gemeinsam gegen hohe Mieten und Verdr\u00e4ngung<\/a><br \/>\n<strong>23.05.2021: Demonstration <\/strong><a href=\"https:\/\/www.mietenwahnsinn.info\/aktuelles\/demo-gegen-den-mietenwahnsinn-jetzt-erst-recht-vom-23-05-2021\/\" target=\"_blank\" rel=\"noopener\">Gegen den Mietenwahnsinn \u2014 jetzt erst recht<\/a><br \/>\n<strong>15.04.2021: Spontandemonstration <\/strong><a href=\"https:\/\/www.mietenwahnsinn.info\/aktuelles\/demo-gegen-den-gekippten-mietendeckel-vom-15-04-2021\/\" target=\"_blank\" rel=\"noopener\">gegen den gekippten Mietendeckel<\/a><br \/>\n<strong>27.03.2021: Demonstration <\/strong><a href=\"https:\/\/www.mietenwahnsinn.info\/aktuelles\/demo-zum-housing-action-day-vom-27-03-2021\/\" target=\"_blank\" rel=\"noopener\">zum HOUSING ACTION DAY<\/a><\/p>\n<hr \/>\n<p><strong>2020<\/strong><br \/>\n<a href=\"https:\/\/www.mietenwahnsinn.info\/aktuelles\/demos\/\" target=\"_blank\" rel=\"noopener\">Die Demo gegen Verdr\u00e4ngung und Mietenwahnsinn im Fr\u00fchjahr musste wegen Covid-19 abgesagt werden. Es folgte am 20.06.2020 der bundesweite Aktionstag: \u201eShut down Mietenwahnsinn \u2014 sicheres Zuhause f\u00fcr alle!\u201c und die Demo &#8222;WER HAT, DER GIBT&#8220; am 19.09.2020.<\/a><br \/>\n<a href=\"https:\/\/www.mietenwahnsinn.info\/aktuelles\/solidarische-aktivitaeten-2020\/\" target=\"_blank\" rel=\"noopener\">2020 solidarische Aktivit\u00e4ten<\/a><br \/>\n<strong>M\u00e4rz 2020<\/strong> \u2014 <a href=\"https:\/\/mietenwahnsinn.info\/2020\/\" target=\"_blank\" rel=\"noopener noreferrer\">Housing Action Day<\/a><\/p>\n<hr \/>\n<p><strong>2019<\/strong><br \/>\n<strong>April 2019<\/strong> \u2014 <a href=\"https:\/\/mietenwahnsinn.info\/demo-april-2019\/\" target=\"_blank\" rel=\"noopener noreferrer\">\u201eGemeinsam gegen Verdr\u00e4ngung und #Mietenwahnsinn\u201c<\/a><\/p>\n<hr \/>\n<p><strong>2018<\/strong><br \/>\n<strong>April 2018<\/strong> \u2014 <a href=\"https:\/\/mietenwahnsinn.info\/demo-april-2018\" target=\"_blank\" rel=\"noopener noreferrer\">&#8222;WIDERSETZEN \u2013 Gemeinsam gegen Verdr\u00e4ngung und Mietenwahnsinn&#8220;<\/a><\/p>\n<hr \/>\n<div class=\"shariff shariff-align-flex-start shariff-widget-align-flex-start\"><div class=\"ShariffHeadline\">Teile diesen Beitrag!<\/div><ul class=\"shariff-buttons theme-white orientation-horizontal buttonsize-medium\"><li class=\"shariff-button twitter shariff-nocustomcolor\" style=\"background-color:#595959\"><a href=\"https:\/\/twitter.com\/share?url=https%3A%2F%2Fwww.mietenwahnsinn.info%2F2026%2Farchiv-ab-2018%2F&text=Archiv%202018%20%E2%80%93%202025\" title=\"Bei X teilen\" aria-label=\"Bei X teilen\" role=\"button\" rel=\"noopener nofollow\" class=\"shariff-link\" style=\"; background-color:#000; color:#000\" target=\"_blank\"><span class=\"shariff-icon\" style=\"fill:#000\"><svg width=\"32px\" height=\"20px\" xmlns=\"http:\/\/www.w3.org\/2000\/svg\" viewBox=\"0 0 24 24\"><path fill=\"#000\" d=\"M14.258 10.152L23.176 0h-2.113l-7.747 8.813L7.133 0H0l9.352 13.328L0 23.973h2.113l8.176-9.309 6.531 9.309h7.133zm-2.895 3.293l-.949-1.328L2.875 1.56h3.246l6.086 8.523.945 1.328 7.91 11.078h-3.246zm0 0\"\/><\/svg><\/span><span class=\"shariff-text\" style=\"color:#000\">teilen<\/span>&nbsp;<\/a><\/li><li class=\"shariff-button facebook shariff-nocustomcolor\" style=\"background-color:#4273c8\"><a href=\"https:\/\/www.facebook.com\/sharer\/sharer.php?u=https%3A%2F%2Fwww.mietenwahnsinn.info%2F2026%2Farchiv-ab-2018%2F\" title=\"Bei Facebook teilen\" aria-label=\"Bei Facebook teilen\" role=\"button\" rel=\"nofollow\" class=\"shariff-link\" style=\"; background-color:#3b5998; color:#3b5998\" target=\"_blank\"><span class=\"shariff-icon\" style=\"fill:#3b5998\"><svg width=\"32px\" height=\"20px\" xmlns=\"http:\/\/www.w3.org\/2000\/svg\" viewBox=\"0 0 18 32\"><path fill=\"#3b5998\" d=\"M17.1 0.2v4.7h-2.8q-1.5 0-2.1 0.6t-0.5 1.9v3.4h5.2l-0.7 5.3h-4.5v13.6h-5.5v-13.6h-4.5v-5.3h4.5v-3.9q0-3.3 1.9-5.2t5-1.8q2.6 0 4.1 0.2z\"\/><\/svg><\/span><span class=\"shariff-text\" style=\"color:#3b5998\">teilen<\/span>&nbsp;<\/a><\/li><li class=\"shariff-button mailto shariff-nocustomcolor\" style=\"background-color:#a8a8a8\"><a href=\"mailto:?body=https%3A%2F%2Fwww.mietenwahnsinn.info%2F2026%2Farchiv-ab-2018%2F&subject=Archiv%202018%20%E2%80%93%202025\" title=\"Per E-Mail versenden\" aria-label=\"Per E-Mail versenden\" role=\"button\" rel=\"noopener nofollow\" class=\"shariff-link\" style=\"; background-color:#999; color:#999\"><span class=\"shariff-icon\" style=\"fill:#999\"><svg width=\"32px\" height=\"20px\" xmlns=\"http:\/\/www.w3.org\/2000\/svg\" viewBox=\"0 0 32 32\"><path fill=\"#999\" d=\"M32 12.7v14.2q0 1.2-0.8 2t-2 0.9h-26.3q-1.2 0-2-0.9t-0.8-2v-14.2q0.8 0.9 1.8 1.6 6.5 4.4 8.9 6.1 1 0.8 1.6 1.2t1.7 0.9 2 0.4h0.1q0.9 0 2-0.4t1.7-0.9 1.6-1.2q3-2.2 8.9-6.1 1-0.7 1.8-1.6zM32 7.4q0 1.4-0.9 2.7t-2.2 2.2q-6.7 4.7-8.4 5.8-0.2 0.1-0.7 0.5t-1 0.7-0.9 0.6-1.1 0.5-0.9 0.2h-0.1q-0.4 0-0.9-0.2t-1.1-0.5-0.9-0.6-1-0.7-0.7-0.5q-1.6-1.1-4.7-3.2t-3.6-2.6q-1.1-0.7-2.1-2t-1-2.5q0-1.4 0.7-2.3t2.1-0.9h26.3q1.2 0 2 0.8t0.9 2z\"\/><\/svg><\/span><span class=\"shariff-text\" style=\"color:#999\">E-Mail<\/span>&nbsp;<\/a><\/li><\/ul><\/div>","protected":false},"excerpt":{"rendered":"<p>2025 02.11.2025: 3. Mietenpolitischer Ratschlag 04.06.2025: Demonstration gegen Mietenwahnsinn \u2014 Finanzwahnsinn \u2014 Lobbywahnsinn 25.01.2025: 2. Mietenpolitischer Ratschlag 2024 23.11.2024: 1. Mietenpolitischer Ratschlag 11.06.2024: Protest gegen den Tag der Immobilienwirtschaft 01.06.2024 [&hellip;]<\/p>\n","protected":false},"author":21,"featured_media":0,"parent":0,"menu_order":0,"comment_status":"closed","ping_status":"closed","template":"page-templates\/full-width.php","meta":{"_acf_changed":false,"footnotes":""},"class_list":["post-13221","page","type-page","status-publish","hentry"],"acf":[],"_links":{"self":[{"href":"https:\/\/www.mietenwahnsinn.info\/2026\/wp-json\/wp\/v2\/pages\/13221","targetHints":{"allow":["GET"]}}],"collection":[{"href":"https:\/\/www.mietenwahnsinn.info\/2026\/wp-json\/wp\/v2\/pages"}],"about":[{"href":"https:\/\/www.mietenwahnsinn.info\/2026\/wp-json\/wp\/v2\/types\/page"}],"author":[{"embeddable":true,"href":"https:\/\/www.mietenwahnsinn.info\/2026\/wp-json\/wp\/v2\/users\/21"}],"replies":[{"embeddable":true,"href":"https:\/\/www.mietenwahnsinn.info\/2026\/wp-json\/wp\/v2\/comments?post=13221"}],"version-history":[{"count":5,"href":"https:\/\/www.mietenwahnsinn.info\/2026\/wp-json\/wp\/v2\/pages\/13221\/revisions"}],"predecessor-version":[{"id":18485,"href":"https:\/\/www.mietenwahnsinn.info\/2026\/wp-json\/wp\/v2\/pages\/13221\/revisions\/18485"}],"wp:attachment":[{"href":"https:\/\/www.mietenwahnsinn.info\/2026\/wp-json\/wp\/v2\/media?parent=13221"}],"curies":[{"name":"wp","href":"https:\/\/api.w.org\/{rel}","templated":true}]}}